{"id":145,"date":"2026-01-04T10:54:29","date_gmt":"2026-01-04T10:54:29","guid":{"rendered":"http:\/\/zeppelin-game.com\/?page_id=145"},"modified":"2026-01-12T16:31:30","modified_gmt":"2026-01-12T16:31:30","slug":"zeppelin-game-download","status":"publish","type":"page","link":"https:\/\/zeppelin-game.com\/az\/zeppelin-game-download\/","title":{"rendered":"Zeppelin Oyunu Y\u00fckl\u0259yin"},"content":{"rendered":"<p>Zeppelin oyununun tam versiyas\u0131n\u0131 a\u015fa\u011f\u0131dak\u0131 linkd\u0259n y\u00fckl\u0259y\u0259 bil\u0259rsiniz. Bu, xarici veb-saytda yerl\u0259\u015fdiril\u0259n fayla birba\u015fa ke\u00e7iddir. Biz tez-tez m\u00fcmk\u00fcn olduqda r\u0259smi m\u0259nb\u0259l\u0259r\u0259 ke\u00e7id veririk. \u018fg\u0259r kims\u0259 qeyri-qanuni olaraq oyunun sur\u0259tini \u0259ld\u0259 edibs\u0259, oyununuzu yenid\u0259n \u0259ld\u0259 etm\u0259k v\u0259 ya itkiniz\u0259 g\u00f6r\u0259 kompensasiya almaq \u00fc\u00e7\u00fcn qanuni kanallardan ke\u00e7m\u0259yi \u015fidd\u0259tl\u0259 t\u0259klif edirik.<\/p>\n<p style=\"text-align: center;\"><a class=\"glow-button\" href=\"\/az\/recommends\/play\/\">Zeppelin Oyununu Oynay\u0131n<\/a><\/p>\n<div id=\"attachment_48\" style=\"width: 1024px\" class=\"wp-caption aligncenter\"><img decoding=\"async\" aria-describedby=\"caption-attachment-48\" class=\"size-full wp-image-48\" src=\"http:\/\/zeppelin-game.com\/wp-content\/uploads\/2022\/08\/zeppelin-crash.jpg\" alt=\"Zeppelin Oyunu\" width=\"1024\" height=\"548\" srcset=\"https:\/\/zeppelin-game.com\/wp-content\/uploads\/2022\/08\/zeppelin-crash.jpg 1024w, https:\/\/zeppelin-game.com\/wp-content\/uploads\/2022\/08\/zeppelin-crash-300x161.jpg 300w, https:\/\/zeppelin-game.com\/wp-content\/uploads\/2022\/08\/zeppelin-crash-768x411.jpg 768w, https:\/\/zeppelin-game.com\/wp-content\/uploads\/2022\/08\/zeppelin-crash-75x40.jpg 75w, https:\/\/zeppelin-game.com\/wp-content\/uploads\/2022\/08\/zeppelin-crash-60x32.jpg 60w, https:\/\/zeppelin-game.com\/wp-content\/uploads\/2022\/08\/zeppelin-crash-149x80.jpg 149w, https:\/\/zeppelin-game.com\/wp-content\/uploads\/2022\/08\/zeppelin-crash-252x135.jpg 252w\" sizes=\"(max-width: 1024px) 100vw, 1024px\" \/><p id=\"caption-attachment-48\" class=\"wp-caption-text\">Zeppelin Oyunu<\/p><\/div>\n<p>Zeppelin indiy\u0259 q\u0259d\u0259r g\u00f6rd\u00fcy\u00fcn\u00fcz h\u0259r hans\u0131 dig\u0259r klassik oyuna b\u0259nz\u0259mir, s\u00f6hb\u0259t, real vaxt statistikas\u0131 v\u0259 t\u0259z\u0259 yeni oyun kimi x\u00fcsusiyy\u0259tl\u0259rl\u0259. Oyunda \u00e7arxlar, s\u0131ralar, \u00f6d\u0259ni\u015f x\u0259tl\u0259ri v\u0259 ya simvollar yoxdur. Bunun \u0259v\u0259zin\u0259, etm\u0259li oldu\u011funuz yegan\u0259 \u015fey, ekranda u\u00e7an blimp\u0259 diqq\u0259t yetirm\u0259k v\u0259 partlamadan \u0259vv\u0259l cekpotu tutma\u011fa \u00e7al\u0131\u015fmaqd\u0131r!<\/p>\n<p>The <a href=\"\/az\/\">oyun Zeppelin<\/a>Betsolutions t\u0259r\u0259find\u0259n yarad\u0131lan , h\u0259r ikisinin getdikc\u0259 artan populyarl\u0131\u011f\u0131na g\u00f6r\u0259 Aviator-a b\u0259nz\u0259yir. Zeppelin, istifad\u0259\u00e7il\u0259rin y\u00fcks\u0259k g\u0259lirli olmaqla yana\u015f\u0131, dinamik v\u0259 istifad\u0259\u00e7i dostu bir t\u0259yyar\u0259 u\u00e7a bil\u0259c\u0259yi \u00e7ox oyun\u00e7u onlayn oyun t\u0259cr\u00fcb\u0259sidir.<\/p>\n<p>Siz sad\u0259c\u0259 olaraq vebsayta daxil olmaqla y\u00fczl\u0259rl\u0259 dig\u0259r insanlar\u0131n oyununda i\u015ftirak ed\u0259 bil\u0259rsiniz \u2013 oyun\u00e7ular\u0131n say\u0131nda he\u00e7 bir m\u0259hdudiyy\u0259t yoxdur. Sayt\u0131n istifad\u0259 etdiyi kukil\u0259r say\u0259sind\u0259 b\u00fct\u00fcn t\u0259cr\u00fcb\u0259 tamamil\u0259 yeni hiss edil\u0259c\u0259k.<\/p>\n<h2>Zeppelin Oyununu Nec\u0259 Y\u00fckl\u0259m\u0259k olar?<\/h2>\n<ul>\n<li>A\u015fa\u011f\u0131dak\u0131 d\u00fcym\u0259ni basaraq y\u00fckl\u0259m\u0259 s\u0259hif\u0259sin\u0259 daxil olun.<\/li>\n<li>Zeppelin komp\u00fcteriniz\u0259 qura\u015fd\u0131r\u0131ld\u0131qdan sonra oyunu ba\u015flamaq \u00fc\u00e7\u00fcn ikona iki d\u0259f\u0259 klikl\u0259yin.<\/li>\n<li>\u0130stifad\u0259\u00e7i ad\u0131n\u0131z v\u0259 \u015fifr\u0259nizl\u0259 daxil olun, sonra oynama\u011fa ba\u015flay\u0131n!<\/li>\n<li>Na\u011fd pul \u00e7\u0131xarma\u011fa haz\u0131r oldu\u011funuzda, ekran\u0131n yuxar\u0131 sa\u011f k\u00fcnc\u00fcnd\u0259 yerl\u0259\u015f\u0259n \u201c\u00e7\u0131xarma\u201d d\u00fcym\u0259sini klikl\u0259yin.<\/li>\n<li>Hesab m\u0259lumatlar\u0131n\u0131z\u0131 daxil edin v\u0259 pul \u00e7\u0131xarma \u00fcsulunuzu se\u00e7in.<\/li>\n<li>\u201cT\u0259qdim et\u201d d\u00fcym\u0259sini klikl\u0259yin v\u0259 v\u0259saitin hesab\u0131n\u0131zda g\u00f6r\u00fcnm\u0259sini g\u00f6zl\u0259yin!<\/li>\n<\/ul>\n<p><a href=\"https:\/\/zeppelin-game.com\/az\/recommends\/play\/\"><img decoding=\"async\" class=\"aligncenter wp-image-148 size-full\" src=\"http:\/\/zeppelin-game.com\/wp-content\/uploads\/2022\/08\/pasted-image-0.png\" alt=\"Y\u00fckl\u0259yin v\u0259 Oynay\u0131n\" width=\"858\" height=\"130\" srcset=\"https:\/\/zeppelin-game.com\/wp-content\/uploads\/2022\/08\/pasted-image-0.png 858w, https:\/\/zeppelin-game.com\/wp-content\/uploads\/2022\/08\/pasted-image-0-300x45.png 300w, https:\/\/zeppelin-game.com\/wp-content\/uploads\/2022\/08\/pasted-image-0-768x116.png 768w, https:\/\/zeppelin-game.com\/wp-content\/uploads\/2022\/08\/pasted-image-0-264x40.png 264w, https:\/\/zeppelin-game.com\/wp-content\/uploads\/2022\/08\/pasted-image-0-211x32.png 211w, https:\/\/zeppelin-game.com\/wp-content\/uploads\/2022\/08\/pasted-image-0-528x80.png 528w\" sizes=\"(max-width: 858px) 100vw, 858px\" \/><\/a><\/p>\n<h2>Zeppelin Apk-ni harada tapa bil\u0259r\u0259m?<\/h2>\n<ul>\n<li>Zeppelin APK veb sayt\u0131m\u0131zda m\u00f6vcuddur. A\u015fa\u011f\u0131dak\u0131 d\u00fcym\u0259ni s\u0131xaraq y\u00fckl\u0259y\u0259 bil\u0259rsiniz.<\/li>\n<li>Zeppelin APK y\u00fckl\u0259ndikd\u0259n sonra onu a\u00e7\u0131n v\u0259 oyunu Android cihaz\u0131n\u0131zda qura\u015fd\u0131r\u0131n.<\/li>\n<li>\u0130stifad\u0259\u00e7i ad\u0131n\u0131z v\u0259 \u015fifr\u0259nizl\u0259 daxil olun, sonra oynama\u011fa ba\u015flay\u0131n!<\/li>\n<\/ul>\n<p style=\"text-align: center;\"><a class=\"glow-button\" href=\"\/az\/recommends\/play\/\">Zeppelin Oyununu Oynama\u011fa ba\u015flay\u0131n<\/a><\/p>\n<h2>Zeppelin Oyununu Nec\u0259 Qura\u015fd\u0131rmaq olar?<\/h2>\n<p>Zeppelin qura\u015fd\u0131rmaq \u00e7ox sad\u0259 bir prosesdir. Sad\u0259c\u0259 a\u015fa\u011f\u0131dak\u0131 add\u0131mlar\u0131 izl\u0259yin v\u0259 siz he\u00e7 vaxt oynayacaqs\u0131n\u0131z!<\/p>\n<ul>\n<li>A\u015fa\u011f\u0131dak\u0131 d\u00fcym\u0259ni klikl\u0259m\u0259kl\u0259 Zeppelin Oyununu y\u00fckl\u0259yin.<\/li>\n<li>Y\u00fckl\u0259m\u0259 tamamland\u0131qdan sonra fayl\u0131 a\u00e7\u0131n v\u0259 qura\u015fd\u0131r\u0131c\u0131n\u0131 i\u015f\u0259 sal\u0131n.<\/li>\n<li>Oyunu komp\u00fcteriniz\u0259 qura\u015fd\u0131rmaq \u00fc\u00e7\u00fcn g\u00f6st\u0259ri\u015fl\u0259r\u0259 \u0259m\u0259l edin.<\/li>\n<li>Masa\u00fcst\u00fcn\u00fczd\u0259ki i\u015far\u0259y\u0259 iki d\u0259f\u0259 klikl\u0259m\u0259kl\u0259 Zeppelin-ni i\u015f\u0259 sal\u0131n.<\/li>\n<li>\u0130stifad\u0259\u00e7i ad\u0131n\u0131z v\u0259 \u015fifr\u0259nizl\u0259 daxil olun, sonra oynama\u011fa ba\u015flay\u0131n!<\/li>\n<\/ul>\n<h2>N\u0259tic\u0259<\/h2>\n<p>Zeppelin, \u0259vv\u0259ll\u0259r oynad\u0131\u011f\u0131n\u0131z he\u00e7 bir \u015fey\u0259 b\u0259nz\u0259m\u0259y\u0259n h\u0259qiq\u0259t\u0259n unikal v\u0259 yenilik\u00e7i bir oyundur. Yeni oyun t\u0259rzi, real vaxt statistikas\u0131 v\u0259 s\u00f6hb\u0259t x\u00fcsusiyy\u0259ti il\u0259 Zeppelin yeni sevimli oyunlar\u0131n\u0131zdan birin\u0259 \u00e7evril\u0259c\u0259yin\u0259 \u0259mindir!<\/p>\n<h2>Tez-tez veril\u0259n suallar<\/h2>\n        <section class=\"sc_fs_faq sc_card\">\n            <div>\n\t\t\t\t<h3>Zeppelin Oyununu nec\u0259 y\u00fckl\u0259y\u0259 bil\u0259r\u0259m?<\/h3>                <div>\n\t\t\t\t\t                    <p>\n\t\t\t\t\t\tZeppelin-ni y\u00fckl\u0259m\u0259k \u00fc\u00e7\u00fcn r\u0259smi y\u00fckl\u0259m\u0259 s\u0259hif\u0259sin\u0259 daxil olun v\u0259 t\u0259yin olunmu\u015f y\u00fckl\u0259m\u0259 d\u00fcym\u0259sini s\u0131x\u0131n. Y\u00fckl\u0259dikd\u0259n sonra qura\u015fd\u0131rma prosesin\u0259 ba\u015flaya bil\u0259rsiniz.                    <\/p>\n                <\/div>\n            <\/div>\n        <\/section>\n\t\t        <section class=\"sc_fs_faq sc_card\">\n            <div>\n\t\t\t\t<h3>Zeppelin Oyununun mobil versiyas\u0131 varm\u0131?<\/h3>                <div>\n\t\t\t\t\t                    <p>\n\t\t\t\t\t\tB\u0259li, Zeppelin Android cihazlar\u0131 \u00fc\u00e7\u00fcn APK versiyas\u0131n\u0131 t\u0259klif edir. Siz onu platformam\u0131zdan y\u00fckl\u0259y\u0259 v\u0259 yolda olark\u0259n oyundan h\u0259zz ala bil\u0259rsiniz.                    <\/p>\n                <\/div>\n            <\/div>\n        <\/section>\n\t\t        <section class=\"sc_fs_faq sc_card\">\n            <div>\n\t\t\t\t<h3>Zeppelin-ni cihaz\u0131ma nec\u0259 qura\u015fd\u0131ra bil\u0259r\u0259m?<\/h3>                <div>\n\t\t\t\t\t                    <p>\n\t\t\t\t\t\tOyunu endirdikd\u0259n sonra fayl\u0131 a\u00e7\u0131n v\u0259 qura\u015fd\u0131rmaq \u00fc\u00e7\u00fcn ekrandak\u0131 g\u00f6st\u0259ri\u015fl\u0259r\u0259 \u0259m\u0259l edin. Qura\u015fd\u0131r\u0131ld\u0131qdan sonra oyunu i\u015f\u0259 sala, daxil ola v\u0259 oynama\u011fa ba\u015flaya bil\u0259rsiniz.                    <\/p>\n                <\/div>\n            <\/div>\n        <\/section>\n\t\t        <section class=\"sc_fs_faq sc_card\">\n            <div>\n\t\t\t\t<h3>Zeppelin Oyununu oynamaq t\u0259hl\u00fck\u0259sizdirmi?<\/h3>                <div>\n\t\t\t\t\t                    <p>\n\t\t\t\t\t\tB\u0259li, Zeppelin n\u00fcfuzlu oyun \u015firk\u0259ti Betsolutions t\u0259r\u0259find\u0259n haz\u0131rlanm\u0131\u015fd\u0131r. T\u0259hl\u00fck\u0259sizliyi t\u0259min etm\u0259k v\u0259 saxta versiyalardan qa\u00e7maq \u00fc\u00e7\u00fcn oyunu r\u0259smi v\u0259 ya etibarl\u0131 m\u0259nb\u0259l\u0259rd\u0259n y\u00fckl\u0259m\u0259k vacibdir.                    <\/p>\n                <\/div>\n            <\/div>\n        <\/section>\n\t\t        <section class=\"sc_fs_faq sc_card\">\n            <div>\n\t\t\t\t<h3>Zeppelin-ni y\u00fckl\u0259m\u0259k v\u0259 ya oynamaqla ba\u011fl\u0131 h\u0259r hans\u0131 x\u0259rcl\u0259r varm\u0131?<\/h3>                <div>\n\t\t\t\t\t                    <p>\n\t\t\t\t\t\tH\u0259r hans\u0131 x\u0259rcl\u0259r v\u0259 ya oyundaxili sat\u0131nalmalar il\u0259 ba\u011fl\u0131 t\u0259f\u0259rr\u00fcatlar ad\u0259t\u0259n r\u0259smi vebsaytda v\u0259 ya y\u00fckl\u0259m\u0259 s\u0259hif\u0259sind\u0259 m\u00f6vcuddur. \u018fn d\u0259qiq m\u0259lumat \u00fc\u00e7\u00fcn h\u0259mi\u015f\u0259 orada yoxlamaq m\u0259sl\u0259h\u0259tdir.                     <\/p>\n                <\/div>\n            <\/div>\n        <\/section>\n\t\t\n<script type=\"application\/ld+json\">{\n    \"@context\": \"https:\\\/\\\/schema.org\",\n    \"@type\": \"FAQPage\",\n    \"mainEntity\": [\n        {\n            \"@type\": \"Question\",\n            \"name\": \"How do I download the Zeppelin Game?\",\n            \"acceptedAnswer\": {\n                \"@type\": \"Answer\",\n                \"text\": \"To download Zeppelin, visit the official download page and click on the designated download button. Once downloaded, you can initiate the installation process.\"\n            }\n        },\n        {\n            \"@type\": \"Question\",\n            \"name\": \"Is there a mobile version of the Zeppelin Game?\",\n            \"acceptedAnswer\": {\n                \"@type\": \"Answer\",\n                \"text\": \"Yes, Zeppelin offers an APK version for Android devices. You can download it from our platform and enjoy the game on the go.\"\n            }\n        },\n        {\n            \"@type\": \"Question\",\n            \"name\": \"How do I install Zeppelin on my device?\",\n            \"acceptedAnswer\": {\n                \"@type\": \"Answer\",\n                \"text\": \"After downloading the game, open the file and follow the on-screen prompts to install. Once installed, you can launch the game, sign in, and start playing.\"\n            }\n        },\n        {\n            \"@type\": \"Question\",\n            \"name\": \"Is the Zeppelin Game safe to play?\",\n            \"acceptedAnswer\": {\n                \"@type\": \"Answer\",\n                \"text\": \"Yes, Zeppelin is developed by Betsolutions, a reputable gaming company. It's essential to download the game from official or trusted sources to ensure safety and avoid counterfeit versions.\"\n            }\n        },\n        {\n            \"@type\": \"Question\",\n            \"name\": \"Are there any costs associated with downloading or playing Zeppelin?\",\n            \"acceptedAnswer\": {\n                \"@type\": \"Answer\",\n                \"text\": \"Details regarding any costs or in-game purchases would typically be available on the official website or download page. It's always advisable to check there for the most accurate information.\"\n            }\n        }\n    ]\n}<\/script>","protected":false},"excerpt":{"rendered":"<p>Zeppelin oyununun tam versiyas\u0131n\u0131 a\u015fa\u011f\u0131dak\u0131 linkd\u0259n y\u00fckl\u0259y\u0259 bil\u0259rsiniz. Bu, xarici veb-saytda yerl\u0259\u015fdiril\u0259n fayla birba\u015fa ke\u00e7iddir. Biz tez-tez m\u00fcmk\u00fcn olduqda r\u0259smi m\u0259nb\u0259l\u0259r\u0259 ke\u00e7id veririk. \u018fg\u0259r kims\u0259 sizin oyunun n\u00fcsx\u0259sini qanunsuz olaraq \u0259ld\u0259 edibs\u0259, o zaman qanuni [\u2026]<\/p>","protected":false},"author":1,"featured_media":0,"parent":0,"menu_order":0,"comment_status":"closed","ping_status":"closed","template":"page-full-width.php","meta":{"_acf_changed":false,"footnotes":""},"class_list":["post-145","page","type-page","status-publish","hentry"],"acf":[],"yoast_head":"<!-- This site is optimized with the Yoast SEO plugin v26.7 - https:\/\/yoast.com\/wordpress\/plugins\/seo\/ -->\n<title>Zeppelin Game Download - How to Download Zeppelin Casino Game 2026<\/title>\n<meta name=\"description\" content=\"Play Zeppelin Game from your PC, smartphone or tablet. How to Zeppelin Game Download and install in 2026. Where you can find Zeppelin Game apk for download.\" \/>\n<meta name=\"robots\" content=\"index, follow, max-snippet:-1, max-image-preview:large, max-video-preview:-1\" \/>\n<link rel=\"canonical\" href=\"https:\/\/zeppelin-game.com\/az\/zeppelin-game-download\/\" \/>\n<meta property=\"og:locale\" content=\"az_AZ\" \/>\n<meta property=\"og:type\" content=\"article\" \/>\n<meta property=\"og:title\" content=\"Zeppelin Game Download - How to Download Zeppelin Casino Game 2026\" \/>\n<meta property=\"og:description\" content=\"Play Zeppelin Game from your PC, smartphone or tablet. How to Zeppelin Game Download and install in 2026. Where you can find Zeppelin Game apk for download.\" \/>\n<meta property=\"og:url\" content=\"https:\/\/zeppelin-game.com\/az\/zeppelin-game-download\/\" \/>\n<meta property=\"og:site_name\" content=\"Zeppelin Crash Game\" \/>\n<meta property=\"article:modified_time\" content=\"2026-01-12T16:31:30+00:00\" \/>\n<meta property=\"og:image\" content=\"http:\/\/zeppelin-game.com\/wp-content\/uploads\/2022\/08\/zeppelin-crash.jpg\" \/>\n<meta name=\"twitter:card\" content=\"summary_large_image\" \/>\n<meta name=\"twitter:label1\" content=\"Est. reading time\" \/>\n\t<meta name=\"twitter:data1\" content=\"4 minutes\" \/>\n<!-- \/ Yoast SEO plugin. -->","yoast_head_json":{"title":"Zeppelin Game Download - How to Download Zeppelin Casino Game 2026","description":"Play Zeppelin Game from your PC, smartphone or tablet. How to Zeppelin Game Download and install in 2026. Where you can find Zeppelin Game apk for download.","robots":{"index":"index","follow":"follow","max-snippet":"max-snippet:-1","max-image-preview":"max-image-preview:large","max-video-preview":"max-video-preview:-1"},"canonical":"https:\/\/zeppelin-game.com\/az\/zeppelin-game-download\/","og_locale":"az_AZ","og_type":"article","og_title":"Zeppelin Game Download - How to Download Zeppelin Casino Game 2026","og_description":"Play Zeppelin Game from your PC, smartphone or tablet. How to Zeppelin Game Download and install in 2026. Where you can find Zeppelin Game apk for download.","og_url":"https:\/\/zeppelin-game.com\/az\/zeppelin-game-download\/","og_site_name":"Zeppelin Crash Game","article_modified_time":"2026-01-12T16:31:30+00:00","og_image":[{"url":"http:\/\/zeppelin-game.com\/wp-content\/uploads\/2022\/08\/zeppelin-crash.jpg","type":"","width":"","height":""}],"twitter_card":"summary_large_image","twitter_misc":{"Est. reading time":"4 minutes"},"schema":{"@context":"https:\/\/schema.org","@graph":[{"@type":"WebPage","@id":"https:\/\/zeppelin-game.com\/zeppelin-game-download\/","url":"https:\/\/zeppelin-game.com\/zeppelin-game-download\/","name":"Zeppelin Game Download - How to Download Zeppelin Casino Game 2026","isPartOf":{"@id":"https:\/\/zeppelin-game.com\/#website"},"primaryImageOfPage":{"@id":"https:\/\/zeppelin-game.com\/zeppelin-game-download\/#primaryimage"},"image":{"@id":"https:\/\/zeppelin-game.com\/zeppelin-game-download\/#primaryimage"},"thumbnailUrl":"http:\/\/zeppelin-game.com\/wp-content\/uploads\/2022\/08\/zeppelin-crash.jpg","datePublished":"2026-01-04T10:54:29+00:00","dateModified":"2026-01-12T16:31:30+00:00","description":"Play Zeppelin Game from your PC, smartphone or tablet. How to Zeppelin Game Download and install in 2026. Where you can find Zeppelin Game apk for download.","breadcrumb":{"@id":"https:\/\/zeppelin-game.com\/zeppelin-game-download\/#breadcrumb"},"inLanguage":"az","potentialAction":[{"@type":"ReadAction","target":["https:\/\/zeppelin-game.com\/zeppelin-game-download\/"]}]},{"@type":"ImageObject","inLanguage":"az","@id":"https:\/\/zeppelin-game.com\/zeppelin-game-download\/#primaryimage","url":"http:\/\/zeppelin-game.com\/wp-content\/uploads\/2022\/08\/zeppelin-crash.jpg","contentUrl":"http:\/\/zeppelin-game.com\/wp-content\/uploads\/2022\/08\/zeppelin-crash.jpg"},{"@type":"BreadcrumbList","@id":"https:\/\/zeppelin-game.com\/zeppelin-game-download\/#breadcrumb","itemListElement":[{"@type":"ListItem","position":1,"name":"Home","item":"https:\/\/zeppelin-game.com\/"},{"@type":"ListItem","position":2,"name":"Zeppelin Game Download"}]},{"@type":"WebSite","@id":"https:\/\/zeppelin-game.com\/#website","url":"https:\/\/zeppelin-game.com\/","name":"Zeppelin Crash Game","description":"","publisher":{"@id":"https:\/\/zeppelin-game.com\/#organization"},"potentialAction":[{"@type":"SearchAction","target":{"@type":"EntryPoint","urlTemplate":"https:\/\/zeppelin-game.com\/?s={search_term_string}"},"query-input":{"@type":"PropertyValueSpecification","valueRequired":true,"valueName":"search_term_string"}}],"inLanguage":"az"},{"@type":"Organization","@id":"https:\/\/zeppelin-game.com\/#organization","name":"Zeppelin Crash Game","url":"https:\/\/zeppelin-game.com\/","logo":{"@type":"ImageObject","inLanguage":"az","@id":"https:\/\/zeppelin-game.com\/#\/schema\/logo\/image\/","url":"https:\/\/zeppelin-game.com\/wp-content\/uploads\/2022\/08\/cropped-Zeppelin-Casino-Game-1.jpg","contentUrl":"https:\/\/zeppelin-game.com\/wp-content\/uploads\/2022\/08\/cropped-Zeppelin-Casino-Game-1.jpg","width":584,"height":444,"caption":"Zeppelin Crash Game"},"image":{"@id":"https:\/\/zeppelin-game.com\/#\/schema\/logo\/image\/"}}]}},"_links":{"self":[{"href":"https:\/\/zeppelin-game.com\/az\/wp-json\/wp\/v2\/pages\/145","targetHints":{"allow":["GET"]}}],"collection":[{"href":"https:\/\/zeppelin-game.com\/az\/wp-json\/wp\/v2\/pages"}],"about":[{"href":"https:\/\/zeppelin-game.com\/az\/wp-json\/wp\/v2\/types\/page"}],"author":[{"embeddable":true,"href":"https:\/\/zeppelin-game.com\/az\/wp-json\/wp\/v2\/users\/1"}],"replies":[{"embeddable":true,"href":"https:\/\/zeppelin-game.com\/az\/wp-json\/wp\/v2\/comments?post=145"}],"version-history":[{"count":1,"href":"https:\/\/zeppelin-game.com\/az\/wp-json\/wp\/v2\/pages\/145\/revisions"}],"predecessor-version":[{"id":384,"href":"https:\/\/zeppelin-game.com\/az\/wp-json\/wp\/v2\/pages\/145\/revisions\/384"}],"wp:attachment":[{"href":"https:\/\/zeppelin-game.com\/az\/wp-json\/wp\/v2\/media?parent=145"}],"curies":[{"name":"wp","href":"https:\/\/api.w.org\/{rel}","templated":true}]}}