{"id":46,"date":"2026-01-04T12:13:13","date_gmt":"2026-01-04T12:13:13","guid":{"rendered":"http:\/\/zeppelin-game.com\/?page_id=46"},"modified":"2026-01-12T16:28:39","modified_gmt":"2026-01-12T16:28:39","slug":"how-to-win","status":"publish","type":"page","link":"https:\/\/zeppelin-game.com\/az\/how-to-win\/","title":{"rendered":"Zeppelin Oyun Strategiyas\u0131: Nec\u0259 Qazanmaq olar"},"content":{"rendered":"<p>Oynayan zaman <a href=\"\/az\/\">Zeppelin<\/a>, yadda saxlamaq laz\u0131m olan \u0259n vacib \u015fey evin h\u0259r zaman bir k\u0259nar\u0131 olmas\u0131d\u0131r. Bununla bel\u0259, bu \u00fcst\u00fcnl\u00fcy\u00fc minimuma endirm\u0259yin v\u0259 \u00f6z\u00fcn\u00fcz\u0259 qalib g\u0259lm\u0259k \u00fc\u00e7\u00fcn daha yax\u015f\u0131 \u015fans verm\u0259yin yollar\u0131 var.<\/p>\n<p style=\"text-align: center;\"><a class=\"glow-button\" href=\"\/az\/recommends\/play\/\">Zeppelin Oyununu Oynay\u0131n<\/a><\/p>\n<div id=\"attachment_48\" style=\"width: 924px\" class=\"wp-caption aligncenter\"><img decoding=\"async\" aria-describedby=\"caption-attachment-48\" class=\"wp-image-48\" title=\"Zeppelin Oyunu\" src=\"http:\/\/zeppelin-game.com\/wp-content\/uploads\/2022\/08\/zeppelin-crash.jpg\" alt=\"Zeppelin Oyunu\" width=\"924\" height=\"494\" srcset=\"https:\/\/zeppelin-game.com\/wp-content\/uploads\/2022\/08\/zeppelin-crash.jpg 1024w, https:\/\/zeppelin-game.com\/wp-content\/uploads\/2022\/08\/zeppelin-crash-300x161.jpg 300w, https:\/\/zeppelin-game.com\/wp-content\/uploads\/2022\/08\/zeppelin-crash-768x411.jpg 768w, https:\/\/zeppelin-game.com\/wp-content\/uploads\/2022\/08\/zeppelin-crash-75x40.jpg 75w, https:\/\/zeppelin-game.com\/wp-content\/uploads\/2022\/08\/zeppelin-crash-60x32.jpg 60w, https:\/\/zeppelin-game.com\/wp-content\/uploads\/2022\/08\/zeppelin-crash-149x80.jpg 149w, https:\/\/zeppelin-game.com\/wp-content\/uploads\/2022\/08\/zeppelin-crash-252x135.jpg 252w\" sizes=\"(max-width: 924px) 100vw, 924px\" \/><p id=\"caption-attachment-48\" class=\"wp-caption-text\">Zeppelin Oyunu<\/p><\/div>\n<p>Bunun bir yolu m\u0259rc sistemind\u0259n istifad\u0259 etm\u0259kdir. Orada bir \u00e7ox f\u0259rqli m\u0259rc sisteml\u0259ri var, lakin \u0259n sad\u0259 v\u0259 \u0259n t\u0259sirli sisteml\u0259rd\u0259n biri Martingale sistemidir. Bu sisteml\u0259 siz h\u0259r m\u0259\u011flubiyy\u0259td\u0259n sonra m\u0259rcinizi ikiqat art\u0131r\u0131rs\u0131n\u0131z. Bel\u0259likl\u0259, n\u0259hay\u0259t qalib g\u0259ldiyiniz zaman, \u0259vv\u0259lki b\u00fct\u00fcn itkil\u0259rinizi geri qaytaracaqs\u0131n\u0131z v\u0259 qazanc \u0259ld\u0259 ed\u0259c\u0259ksiniz. \u018flb\u0259tt\u0259 ki, he\u00e7 bir m\u0259rc sistemi qalibiyy\u0259t\u0259 z\u0259man\u0259t ver\u0259 bilm\u0259z v\u0259 Martingale sistemi d\u0259 istisna deyil. Bu sistemin t\u0259hl\u00fck\u0259l\u0259rind\u0259n biri odur ki, u\u011fursuzluq zola\u011f\u0131n\u0131z varsa tez bir zamanda masa limitin\u0259 \u00e7ata bil\u0259rsiniz.<\/p>\n<p>Xat\u0131rlamaq laz\u0131m olan ba\u015fqa bir vacib \u015fey, Zeppelin-nin \u015fans oyunu olmas\u0131d\u0131r. Bu o dem\u0259kdir ki, qalib g\u0259lm\u0259yin he\u00e7 bir \u0259min yolu yoxdur. Ed\u0259 bil\u0259c\u0259yiniz \u0259n yax\u015f\u0131 \u015fey, evin k\u0259nar\u0131n\u0131 minimuma endirm\u0259y\u0259 \u00e7al\u0131\u015fmaq v\u0259 \u0259n yax\u015f\u0131s\u0131na \u00fcmid etm\u0259kdir.<\/p>\n<h2>Bahis Sisteml\u0259ri il\u0259 Zeppelin Oyununu Nec\u0259 Qazanmaq olar?<\/h2>\n<p>Qeyd etdiyimiz kimi, evin kazino oyunlar\u0131nda h\u0259mi\u015f\u0259 \u00fcst\u00fcnl\u00fcy\u00fc var. Ancaq bu, qalib g\u0259l\u0259 bilm\u0259y\u0259c\u0259yiniz dem\u0259k deyil. \u00d6z\u00fcn\u00fcz\u0259 daha yax\u015f\u0131 qazanmaq \u015fans\u0131 verm\u0259nin yollar\u0131 var v\u0259 onlardan biri m\u0259rc sisteml\u0259rind\u0259n istifad\u0259 etm\u0259kdir.<\/p>\n<p>Martingale sistemi \u0259n populyar v\u0259 \u0259n sad\u0259 m\u0259rc sisteml\u0259rind\u0259n biridir. Bu sisteml\u0259 siz h\u0259r m\u0259\u011flubiyy\u0259td\u0259n sonra m\u0259rcinizi ikiqat art\u0131r\u0131rs\u0131n\u0131z. Bel\u0259likl\u0259, n\u0259hay\u0259t qalib g\u0259ldiyiniz zaman, \u0259vv\u0259lki b\u00fct\u00fcn itkil\u0259rinizi geri qaytaracaqs\u0131n\u0131z v\u0259 qazanc \u0259ld\u0259 ed\u0259c\u0259ksiniz. \u018flb\u0259tt\u0259 ki, he\u00e7 bir m\u0259rc sistemi qalibiyy\u0259t\u0259 z\u0259man\u0259t ver\u0259 bilm\u0259z v\u0259 Martingale sistemi d\u0259 istisna deyil. Bu sistemin t\u0259hl\u00fck\u0259l\u0259rind\u0259n biri odur ki, u\u011fursuzluq zola\u011f\u0131n\u0131z varsa tez bir zamanda masa limitin\u0259 \u00e7ata bil\u0259rsiniz.<\/p>\n<p>Dig\u0259r m\u0259\u015fhur m\u0259rc sistemi Fibonacci sistemidir. Bu sistem Martingale sistemin\u0259 b\u0259nz\u0259yir, lakin m\u0259\u011flubiyy\u0259td\u0259n sonra m\u0259rcinizi ikiqat art\u0131rmaq \u0259v\u0259zin\u0259, onu Fibonacci ard\u0131c\u0131ll\u0131\u011f\u0131nda n\u00f6vb\u0259ti n\u00f6mr\u0259 il\u0259 art\u0131r\u0131rs\u0131n\u0131z. Bel\u0259likl\u0259, ilk m\u0259rcinizi itirs\u0259niz, n\u00f6vb\u0259ti m\u0259rciniz 1 + 1 = 2 olacaq. Yenid\u0259n uduzsan\u0131z, n\u00f6vb\u0259ti m\u0259rciniz 1 + 2 = 3 olacaq v\u0259 s.<\/p>\n<p>Bu sistemin \u00fcst\u00fcnl\u00fcy\u00fc ondan ibar\u0259tdir ki, m\u0259rcl\u0259riniz he\u00e7 vaxt \u00e7ox y\u00fcks\u0259k olmayacaq. Bununla bel\u0259, i\u015fin m\u0259nfi t\u0259r\u0259fi odur ki, u\u011fursuzluqlar silsil\u0259si varsa, itkil\u0259rinizi geri qaytarmaq uzun m\u00fcdd\u0259t \u00e7\u0259k\u0259 bil\u0259r. Hans\u0131 m\u0259rc sistemind\u0259n istifad\u0259 etm\u0259yinizd\u0259n as\u0131l\u0131 olmayaraq, unutmay\u0131n ki, ev h\u0259mi\u015f\u0259 \u00fcst\u00fcnd\u00fcr. Ed\u0259 bil\u0259c\u0259yiniz \u0259n yax\u015f\u0131 \u015fey bu k\u0259nar\u0131 minimuma endirm\u0259y\u0259 \u00e7al\u0131\u015fmaq v\u0259 \u0259n yax\u015f\u0131s\u0131na \u00fcmid etm\u0259kdir.<\/p>\n<p>Bu ipu\u00e7lar\u0131na \u0259m\u0259l ets\u0259niz, Zeppelin oynayaraq \u00e7ox \u0259yl\u0259n\u0259 v\u0259 b\u0259lk\u0259 d\u0259 ir\u0259li \u00e7\u0131xa bilm\u0259lisiniz.<\/p>\n<div id=\"attachment_49\" style=\"width: 742px\" class=\"wp-caption aligncenter\"><img decoding=\"async\" aria-describedby=\"caption-attachment-49\" class=\"wp-image-49 size-full\" title=\"Zeppelin Casino Oyununu oynay\u0131n\" src=\"http:\/\/zeppelin-game.com\/wp-content\/uploads\/2022\/08\/zeppelin-play.jpg\" alt=\"Zeppelin Casino Oyununu oynay\u0131n\" width=\"742\" height=\"391\" srcset=\"https:\/\/zeppelin-game.com\/wp-content\/uploads\/2022\/08\/zeppelin-play.jpg 742w, https:\/\/zeppelin-game.com\/wp-content\/uploads\/2022\/08\/zeppelin-play-300x158.jpg 300w, https:\/\/zeppelin-game.com\/wp-content\/uploads\/2022\/08\/zeppelin-play-76x40.jpg 76w, https:\/\/zeppelin-game.com\/wp-content\/uploads\/2022\/08\/zeppelin-play-61x32.jpg 61w, https:\/\/zeppelin-game.com\/wp-content\/uploads\/2022\/08\/zeppelin-play-152x80.jpg 152w, https:\/\/zeppelin-game.com\/wp-content\/uploads\/2022\/08\/zeppelin-play-256x135.jpg 256w\" sizes=\"(max-width: 742px) 100vw, 742px\" \/><p id=\"caption-attachment-49\" class=\"wp-caption-text\">Zeppelin Casino Oyununu oynay\u0131n<\/p><\/div>\n<p style=\"text-align: center;\"><a class=\"glow-button\" href=\"\/az\/recommends\/play\/\">Zeppelin Oyununu Oynay\u0131n<\/a><\/p>\n<h2>Zeppelin Crash Oyununda oynamaq \u00fc\u00e7\u00fcn f\u0259ndl\u0259r<\/h2>\n<ul>\n<li>Zeppelin oynama\u011f\u0131n ilk qaydas\u0131 oyunu v\u0259 onun qaydalar\u0131n\u0131 i\u00e7\u0259rid\u0259n bilm\u0259kdir. Bu sad\u0259 bir oyundur, amma qaydalar\u0131 bilmirsinizs\u0259, dezavantajl\u0131 olacaqs\u0131n\u0131z.<\/li>\n<li>Qaydalar\u0131 bildikd\u0259n sonra onlar\u0131 bacard\u0131qca tez-tez t\u0259tbiq edin. N\u0259 q\u0259d\u0259r \u00e7ox oynasan\u0131z, oyunda bir o q\u0259d\u0259r yax\u015f\u0131 olacaqs\u0131n\u0131z.<\/li>\n<li>Dig\u0259r vacib m\u0259sl\u0259h\u0259t pulunuzu a\u011f\u0131ll\u0131 idar\u0259 etm\u0259kdir. \u0130tir\u0259 bil\u0259c\u0259yinizd\u0259n \u00e7ox m\u0259rc etm\u0259yin v\u0259 h\u0259mi\u015f\u0259 f\u00f6vq\u0259lad\u0259 v\u0259ziyy\u0259tl\u0259r \u00fc\u00e7\u00fcn bir q\u0259d\u0259r pul ay\u0131r\u0131n.<\/li>\n<li>Oynayark\u0259n sakit v\u0259 toplanm\u0131\u015f qalmaq da vacibdir. \u00c7ox \u0259s\u0259bi olsan\u0131z, s\u0259hvl\u0259r ed\u0259c\u0259ksiniz.<\/li>\n<li>Xat\u0131rlamaq laz\u0131m olan \u0259n vacib \u015feyl\u0259rd\u0259n biri odur ki, Zeppelin \u015fans oyunudur. Q\u0259l\u0259b\u0259 qazanma\u011f\u0131n etibarl\u0131 yolu yoxdur. Ed\u0259 bil\u0259c\u0259yiniz \u0259n yax\u015f\u0131 \u015fey, evin k\u0259nar\u0131n\u0131 minimuma endirm\u0259y\u0259 \u00e7al\u0131\u015fmaq v\u0259 \u0259n yax\u015f\u0131s\u0131na \u00fcmid etm\u0259kdir.<\/li>\n<\/ul>\n<h2>N\u0259tic\u0259<\/h2>\n<p>Zeppelin \u0259yl\u0259nc\u0259li v\u0259 h\u0259y\u0259canverici bir oyundur. Yadda saxlamaq laz\u0131md\u0131r ki, evin h\u0259mi\u015f\u0259 \u00fcst\u00fcnl\u00fcy\u00fc var, ancaq \u00f6z\u00fcn\u00fcz\u0259 qalib g\u0259lm\u0259k \u00fc\u00e7\u00fcn daha yax\u015f\u0131 \u015fans verm\u0259yin yollar\u0131 var.<\/p>\n<h2>Tez-tez veril\u0259n suallar<\/h2>\n        <section class=\"sc_fs_faq sc_card\">\n            <div>\n\t\t\t\t<h3>Zeppelin-ni nec\u0259 qazana bil\u0259r\u0259m?<\/h3>                <div>\n\t\t\t\t\t                    <p>\n\t\t\t\t\t\tZeppelin qazanma\u011f\u0131n \u0259n yax\u015f\u0131 yolu m\u0259rc sisteml\u0259rind\u0259n istifad\u0259 etm\u0259kdir. Martingale sistemi \u0259n populyar v\u0259 \u0259n sad\u0259 m\u0259rc sisteml\u0259rind\u0259n biridir. Bu sisteml\u0259 siz h\u0259r m\u0259\u011flubiyy\u0259td\u0259n sonra m\u0259rcinizi ikiqat art\u0131r\u0131rs\u0131n\u0131z. Bel\u0259likl\u0259, n\u0259hay\u0259t qalib g\u0259ldiyiniz zaman, \u0259vv\u0259lki b\u00fct\u00fcn itkil\u0259rinizi geri qaytaracaqs\u0131n\u0131z v\u0259 qazanc \u0259ld\u0259 ed\u0259c\u0259ksiniz.                    <\/p>\n                <\/div>\n            <\/div>\n        <\/section>\n\t\t        <section class=\"sc_fs_faq sc_card\">\n            <div>\n\t\t\t\t<h3>Zeppelin bacar\u0131q v\u0259 ya \u015fans oyunudur?<\/h3>                <div>\n\t\t\t\t\t                    <p>\n\t\t\t\t\t\tZeppelin \u015fans oyunudur. Q\u0259l\u0259b\u0259 qazanma\u011f\u0131n etibarl\u0131 yolu yoxdur. Ed\u0259 bil\u0259c\u0259yiniz \u0259n yax\u015f\u0131 \u015fey, evin k\u0259nar\u0131n\u0131 minimuma endirm\u0259y\u0259 \u00e7al\u0131\u015fmaq v\u0259 \u0259n yax\u015f\u0131s\u0131na \u00fcmid etm\u0259kdir.                    <\/p>\n                <\/div>\n            <\/div>\n        <\/section>\n\t\t        <section class=\"sc_fs_faq sc_card\">\n            <div>\n\t\t\t\t<h3>Zeppelin oynamaq \u00fc\u00e7\u00fcn b\u0259zi m\u0259sl\u0259h\u0259tl\u0259r hans\u0131lard\u0131r?<\/h3>                <div>\n\t\t\t\t\t                    <p>\n\t\t\t\t\t\tZeppelin oynamaq \u00fc\u00e7\u00fcn b\u0259zi m\u0259sl\u0259h\u0259tl\u0259r\u0259 pulunuzu a\u011f\u0131ll\u0131 \u015f\u0259kild\u0259 idar\u0259 etm\u0259k, sakit v\u0259 toplanm\u0131\u015f qalmaq v\u0259 bacard\u0131\u011f\u0131n\u0131z q\u0259d\u0259r tez-tez oyunu m\u0259\u015fq etm\u0259k daxildir.                    <\/p>\n                <\/div>\n            <\/div>\n        <\/section>\n\t\t        <section class=\"sc_fs_faq sc_card\">\n            <div>\n\t\t\t\t<h3>Zeppelin-d\u0259 evin k\u0259nar\u0131 n\u0259dir?<\/h3>                <div>\n\t\t\t\t\t                    <p>\n\t\t\t\t\t\tZeppelin-d\u0259 ev k\u0259nar\u0131, kazinonun uzun m\u00fcdd\u0259t \u0259rzind\u0259 saxlama\u011f\u0131 g\u00f6zl\u0259diyi h\u0259r bir m\u0259rcin faizidir. Evin k\u0259nar\u0131 n\u0259 q\u0259d\u0259r y\u00fcks\u0259k olsa, qazanmaq bir o q\u0259d\u0259r \u00e7\u0259tindir.                    <\/p>\n                <\/div>\n            <\/div>\n        <\/section>\n\t\t\n<script type=\"application\/ld+json\">{\n    \"@context\": \"https:\\\/\\\/schema.org\",\n    \"@type\": \"FAQPage\",\n    \"mainEntity\": [\n        {\n            \"@type\": \"Question\",\n            \"name\": \"How do I win Zeppelin?\",\n            \"acceptedAnswer\": {\n                \"@type\": \"Answer\",\n                \"text\": \"The best way to win Zeppelin is by using betting systems. The Martingale system is one of the most popular and simplest betting systems out there. With this system, you simply double your bet after every loss. This way, when you eventually win, you will recoup all of your previous losses and end up with a profit.\"\n            }\n        },\n        {\n            \"@type\": \"Question\",\n            \"name\": \"Is Zeppelin a game of skill or chance?\",\n            \"acceptedAnswer\": {\n                \"@type\": \"Answer\",\n                \"text\": \"Zeppelin is a game of chance. There is no surefire way to win. The best you can do is to try to minimize the house edge and hope for the best.\"\n            }\n        },\n        {\n            \"@type\": \"Question\",\n            \"name\": \"What are some tips for playing Zeppelin?\",\n            \"acceptedAnswer\": {\n                \"@type\": \"Answer\",\n                \"text\": \"Some tips for playing Zeppelin include managing your money wisely, staying calm and collected, and practicing the game as often as you can.\"\n            }\n        },\n        {\n            \"@type\": \"Question\",\n            \"name\": \"What is the house edge in Zeppelin?\",\n            \"acceptedAnswer\": {\n                \"@type\": \"Answer\",\n                \"text\": \"The house edge in Zeppelin is the percentage of each bet that the casino expects to keep over the long run. The higher the house edge, the harder it is to win.\"\n            }\n        }\n    ]\n}<\/script>","protected":false},"excerpt":{"rendered":"<p>Zeppelin oynayark\u0259n, yadda saxlamaq laz\u0131m olan \u0259n vacib \u015fey, evin h\u0259mi\u015f\u0259 bir k\u0259nara sahib olmas\u0131d\u0131r. Bununla bel\u0259, bu \u00fcst\u00fcnl\u00fcy\u00fc minimuma endirm\u0259yin v\u0259 \u00f6z\u00fcn\u00fcz\u0259 qalib g\u0259lm\u0259k \u00fc\u00e7\u00fcn daha yax\u015f\u0131 \u015fans verm\u0259yin yollar\u0131 var. Zeppelin Oyununu Oynay\u0131n Bunun bir yolu m\u0259rc sistemind\u0259n istifad\u0259 etm\u0259kdir. \u00c7ox m\u00fcxt\u0259lif m\u0259rc sisteml\u0259ri var [\u2026]<\/p>","protected":false},"author":1,"featured_media":0,"parent":0,"menu_order":0,"comment_status":"closed","ping_status":"closed","template":"page-full-width.php","meta":{"_acf_changed":false,"footnotes":""},"class_list":["post-46","page","type-page","status-publish","hentry"],"acf":[],"yoast_head":"<!-- This site is optimized with the Yoast SEO plugin v26.7 - https:\/\/yoast.com\/wordpress\/plugins\/seo\/ -->\n<title>Zeppelin Games Strategy: How to Win 2026 - Zeppelin Crash Game<\/title>\n<meta name=\"description\" content=\"How to Win Zeppelin Game with Betting Systems? Tips and Tricks 2026 years for Zeppelin Crash Game. Strategies for winning in Zeppelin Casino Game.\" \/>\n<meta name=\"robots\" content=\"index, follow, max-snippet:-1, max-image-preview:large, max-video-preview:-1\" \/>\n<link rel=\"canonical\" href=\"https:\/\/zeppelin-game.com\/az\/how-to-win\/\" \/>\n<meta property=\"og:locale\" content=\"az_AZ\" \/>\n<meta property=\"og:type\" content=\"article\" \/>\n<meta property=\"og:title\" content=\"Zeppelin Games Strategy: How to Win 2026 - Zeppelin Crash Game\" \/>\n<meta property=\"og:description\" content=\"How to Win Zeppelin Game with Betting Systems? Tips and Tricks 2026 years for Zeppelin Crash Game. Strategies for winning in Zeppelin Casino Game.\" \/>\n<meta property=\"og:url\" content=\"https:\/\/zeppelin-game.com\/az\/how-to-win\/\" \/>\n<meta property=\"og:site_name\" content=\"Zeppelin Crash Game\" \/>\n<meta property=\"article:modified_time\" content=\"2026-01-12T16:28:39+00:00\" \/>\n<meta property=\"og:image\" content=\"http:\/\/zeppelin-game.com\/wp-content\/uploads\/2022\/08\/zeppelin-crash.jpg\" \/>\n<meta name=\"twitter:card\" content=\"summary_large_image\" \/>\n<meta name=\"twitter:label1\" content=\"Est. reading time\" \/>\n\t<meta name=\"twitter:data1\" content=\"5 minutes\" \/>\n<!-- \/ Yoast SEO plugin. -->","yoast_head_json":{"title":"Zeppelin Games Strategy: How to Win 2026 - Zeppelin Crash Game","description":"How to Win Zeppelin Game with Betting Systems? Tips and Tricks 2026 years for Zeppelin Crash Game. Strategies for winning in Zeppelin Casino Game.","robots":{"index":"index","follow":"follow","max-snippet":"max-snippet:-1","max-image-preview":"max-image-preview:large","max-video-preview":"max-video-preview:-1"},"canonical":"https:\/\/zeppelin-game.com\/az\/how-to-win\/","og_locale":"az_AZ","og_type":"article","og_title":"Zeppelin Games Strategy: How to Win 2026 - Zeppelin Crash Game","og_description":"How to Win Zeppelin Game with Betting Systems? Tips and Tricks 2026 years for Zeppelin Crash Game. Strategies for winning in Zeppelin Casino Game.","og_url":"https:\/\/zeppelin-game.com\/az\/how-to-win\/","og_site_name":"Zeppelin Crash Game","article_modified_time":"2026-01-12T16:28:39+00:00","og_image":[{"url":"http:\/\/zeppelin-game.com\/wp-content\/uploads\/2022\/08\/zeppelin-crash.jpg","type":"","width":"","height":""}],"twitter_card":"summary_large_image","twitter_misc":{"Est. reading time":"5 minutes"},"schema":{"@context":"https:\/\/schema.org","@graph":[{"@type":"WebPage","@id":"https:\/\/zeppelin-game.com\/how-to-win\/","url":"https:\/\/zeppelin-game.com\/how-to-win\/","name":"Zeppelin Games Strategy: How to Win 2026 - Zeppelin Crash Game","isPartOf":{"@id":"https:\/\/zeppelin-game.com\/#website"},"primaryImageOfPage":{"@id":"https:\/\/zeppelin-game.com\/how-to-win\/#primaryimage"},"image":{"@id":"https:\/\/zeppelin-game.com\/how-to-win\/#primaryimage"},"thumbnailUrl":"http:\/\/zeppelin-game.com\/wp-content\/uploads\/2022\/08\/zeppelin-crash.jpg","datePublished":"2026-01-04T12:13:13+00:00","dateModified":"2026-01-12T16:28:39+00:00","description":"How to Win Zeppelin Game with Betting Systems? Tips and Tricks 2026 years for Zeppelin Crash Game. Strategies for winning in Zeppelin Casino Game.","breadcrumb":{"@id":"https:\/\/zeppelin-game.com\/how-to-win\/#breadcrumb"},"inLanguage":"az","potentialAction":[{"@type":"ReadAction","target":["https:\/\/zeppelin-game.com\/how-to-win\/"]}]},{"@type":"ImageObject","inLanguage":"az","@id":"https:\/\/zeppelin-game.com\/how-to-win\/#primaryimage","url":"http:\/\/zeppelin-game.com\/wp-content\/uploads\/2022\/08\/zeppelin-crash.jpg","contentUrl":"http:\/\/zeppelin-game.com\/wp-content\/uploads\/2022\/08\/zeppelin-crash.jpg"},{"@type":"BreadcrumbList","@id":"https:\/\/zeppelin-game.com\/how-to-win\/#breadcrumb","itemListElement":[{"@type":"ListItem","position":1,"name":"Home","item":"https:\/\/zeppelin-game.com\/"},{"@type":"ListItem","position":2,"name":"Zeppelin Games Strategy: How to Win"}]},{"@type":"WebSite","@id":"https:\/\/zeppelin-game.com\/#website","url":"https:\/\/zeppelin-game.com\/","name":"Zeppelin Crash Game","description":"","publisher":{"@id":"https:\/\/zeppelin-game.com\/#organization"},"potentialAction":[{"@type":"SearchAction","target":{"@type":"EntryPoint","urlTemplate":"https:\/\/zeppelin-game.com\/?s={search_term_string}"},"query-input":{"@type":"PropertyValueSpecification","valueRequired":true,"valueName":"search_term_string"}}],"inLanguage":"az"},{"@type":"Organization","@id":"https:\/\/zeppelin-game.com\/#organization","name":"Zeppelin Crash Game","url":"https:\/\/zeppelin-game.com\/","logo":{"@type":"ImageObject","inLanguage":"az","@id":"https:\/\/zeppelin-game.com\/#\/schema\/logo\/image\/","url":"https:\/\/zeppelin-game.com\/wp-content\/uploads\/2022\/08\/cropped-Zeppelin-Casino-Game-1.jpg","contentUrl":"https:\/\/zeppelin-game.com\/wp-content\/uploads\/2022\/08\/cropped-Zeppelin-Casino-Game-1.jpg","width":584,"height":444,"caption":"Zeppelin Crash Game"},"image":{"@id":"https:\/\/zeppelin-game.com\/#\/schema\/logo\/image\/"}}]}},"_links":{"self":[{"href":"https:\/\/zeppelin-game.com\/az\/wp-json\/wp\/v2\/pages\/46","targetHints":{"allow":["GET"]}}],"collection":[{"href":"https:\/\/zeppelin-game.com\/az\/wp-json\/wp\/v2\/pages"}],"about":[{"href":"https:\/\/zeppelin-game.com\/az\/wp-json\/wp\/v2\/types\/page"}],"author":[{"embeddable":true,"href":"https:\/\/zeppelin-game.com\/az\/wp-json\/wp\/v2\/users\/1"}],"replies":[{"embeddable":true,"href":"https:\/\/zeppelin-game.com\/az\/wp-json\/wp\/v2\/comments?post=46"}],"version-history":[{"count":1,"href":"https:\/\/zeppelin-game.com\/az\/wp-json\/wp\/v2\/pages\/46\/revisions"}],"predecessor-version":[{"id":383,"href":"https:\/\/zeppelin-game.com\/az\/wp-json\/wp\/v2\/pages\/46\/revisions\/383"}],"wp:attachment":[{"href":"https:\/\/zeppelin-game.com\/az\/wp-json\/wp\/v2\/media?parent=46"}],"curies":[{"name":"wp","href":"https:\/\/api.w.org\/{rel}","templated":true}]}}