{"id":46,"date":"2026-01-04T12:13:13","date_gmt":"2026-01-04T12:13:13","guid":{"rendered":"http:\/\/zeppelin-game.com\/?page_id=46"},"modified":"2026-01-12T16:28:39","modified_gmt":"2026-01-12T16:28:39","slug":"how-to-win","status":"publish","type":"page","link":"https:\/\/zeppelin-game.com\/cs\/how-to-win\/","title":{"rendered":"Strategie her Zeppelin: Jak vyhr\u00e1t"},"content":{"rendered":"<p>P\u0159i hran\u00ed <a href=\"\/cs\/\">Zeppelin<\/a>, nejd\u016fle\u017eit\u011bj\u0161\u00ed je m\u00edt na pam\u011bti, \u017ee kasino m\u00e1 v\u017edy v\u00fdhodu. Existuj\u00ed v\u0161ak zp\u016fsoby, jak tuto v\u00fdhodu minimalizovat a d\u00e1t si v\u011bt\u0161\u00ed \u0161anci na v\u00fdhru.<\/p>\n<p style=\"text-align: center;\"><a class=\"glow-button\" href=\"\/cs\/recommends\/play\/\">Hr\u00e1t hru Zeppelin<\/a><\/p>\n<div id=\"attachment_48\" style=\"width: 924px\" class=\"wp-caption aligncenter\"><img decoding=\"async\" aria-describedby=\"caption-attachment-48\" class=\"wp-image-48\" title=\"Hra Zeppelin\" src=\"http:\/\/zeppelin-game.com\/wp-content\/uploads\/2022\/08\/zeppelin-crash.jpg\" alt=\"Hra Zeppelin\" width=\"924\" height=\"494\" srcset=\"https:\/\/zeppelin-game.com\/wp-content\/uploads\/2022\/08\/zeppelin-crash.jpg 1024w, https:\/\/zeppelin-game.com\/wp-content\/uploads\/2022\/08\/zeppelin-crash-300x161.jpg 300w, https:\/\/zeppelin-game.com\/wp-content\/uploads\/2022\/08\/zeppelin-crash-768x411.jpg 768w, https:\/\/zeppelin-game.com\/wp-content\/uploads\/2022\/08\/zeppelin-crash-75x40.jpg 75w, https:\/\/zeppelin-game.com\/wp-content\/uploads\/2022\/08\/zeppelin-crash-60x32.jpg 60w, https:\/\/zeppelin-game.com\/wp-content\/uploads\/2022\/08\/zeppelin-crash-149x80.jpg 149w, https:\/\/zeppelin-game.com\/wp-content\/uploads\/2022\/08\/zeppelin-crash-252x135.jpg 252w\" sizes=\"(max-width: 924px) 100vw, 924px\" \/><p id=\"caption-attachment-48\" class=\"wp-caption-text\">Hra Zeppelin<\/p><\/div>\n<p>Jedn\u00edm ze zp\u016fsob\u016f, jak toho dos\u00e1hnout, je pou\u017eit\u00ed s\u00e1zkov\u00e9ho syst\u00e9mu. Existuje mnoho r\u016fzn\u00fdch s\u00e1zkov\u00fdch syst\u00e9m\u016f, ale jedn\u00edm z nejjednodu\u0161\u0161\u00edch a nej\u00fa\u010dinn\u011bj\u0161\u00edch je syst\u00e9m Martingale. P\u0159i tomto syst\u00e9mu jednodu\u0161e zdvojn\u00e1sob\u00edte svou s\u00e1zku po ka\u017ed\u00e9 proh\u0159e. T\u00edmto zp\u016fsobem, kdy\u017e nakonec vyhrajete, z\u00edsk\u00e1te zp\u011bt v\u0161echny sv\u00e9 p\u0159edchoz\u00ed ztr\u00e1ty a skon\u010d\u00edte v zisku. \u017d\u00e1dn\u00fd s\u00e1zkov\u00fd syst\u00e9m samoz\u0159ejm\u011b nem\u016f\u017ee zaru\u010dit v\u00fdhru a syst\u00e9m Martingale nen\u00ed v\u00fdjimkou. Jedno z nebezpe\u010d\u00ed tohoto syst\u00e9mu spo\u010d\u00edv\u00e1 v tom, \u017ee pokud v\u00e1s postihne s\u00e9rie sm\u016fly, m\u016f\u017eete rychle dos\u00e1hnout limitu stolu.<\/p>\n<p>Dal\u0161\u00ed d\u016fle\u017eitou v\u011bc\u00ed je, \u017ee Zeppelin je hazardn\u00ed hra. To znamen\u00e1, \u017ee neexistuje \u017e\u00e1dn\u00fd jist\u00fd zp\u016fsob, jak vyhr\u00e1t. Nejlep\u0161\u00ed, co m\u016f\u017eete ud\u011blat, je sna\u017eit se minimalizovat v\u00fdhodu kasina a doufat v to nejlep\u0161\u00ed.<\/p>\n<h2>Jak vyhr\u00e1t hru Zeppelin pomoc\u00ed s\u00e1zkov\u00fdch syst\u00e9m\u016f?<\/h2>\n<p>Jak jsme ji\u017e zm\u00ednili, kasino m\u00e1 v kasinov\u00fdch hr\u00e1ch v\u017edy v\u00fdhodu. To v\u0161ak neznamen\u00e1, \u017ee nem\u016f\u017eete vyhr\u00e1t. Existuj\u00ed zp\u016fsoby, jak si zajistit v\u011bt\u0161\u00ed \u0161anci na v\u00fdhru, a jedn\u00edm z nich je pou\u017e\u00edv\u00e1n\u00ed s\u00e1zkov\u00fdch syst\u00e9m\u016f.<\/p>\n<p>Syst\u00e9m Martingale je jedn\u00edm z nejobl\u00edben\u011bj\u0161\u00edch a nejjednodu\u0161\u0161\u00edch s\u00e1zkov\u00fdch syst\u00e9m\u016f. P\u0159i tomto syst\u00e9mu jednodu\u0161e zdvojn\u00e1sob\u00edte svou s\u00e1zku po ka\u017ed\u00e9 proh\u0159e. T\u00edmto zp\u016fsobem, kdy\u017e nakonec vyhrajete, z\u00edsk\u00e1te zp\u011bt v\u0161echny sv\u00e9 p\u0159edchoz\u00ed ztr\u00e1ty a skon\u010d\u00edte v zisku. \u017d\u00e1dn\u00fd s\u00e1zkov\u00fd syst\u00e9m samoz\u0159ejm\u011b nem\u016f\u017ee zaru\u010dit v\u00fdhru a syst\u00e9m Martingale nen\u00ed v\u00fdjimkou. Jedno z nebezpe\u010d\u00ed tohoto syst\u00e9mu spo\u010d\u00edv\u00e1 v tom, \u017ee pokud v\u00e1s postihne s\u00e9rie sm\u016fly, m\u016f\u017eete rychle dos\u00e1hnout limitu stolu.<\/p>\n<p>Dal\u0161\u00edm obl\u00edben\u00fdm s\u00e1zkov\u00fdm syst\u00e9mem je Fibonacciho syst\u00e9m. Tento syst\u00e9m je podobn\u00fd syst\u00e9mu Martingale, ale m\u00edsto zdvojn\u00e1soben\u00ed s\u00e1zky po proh\u0159e ji zv\u00fd\u0161\u00edte o dal\u0161\u00ed \u010d\u00edslo Fibonacciho posloupnosti. Pokud tedy prohrajete prvn\u00ed s\u00e1zku, va\u0161e dal\u0161\u00ed s\u00e1zka bude 1 + 1 = 2. Pokud op\u011bt prohrajete, va\u0161e dal\u0161\u00ed s\u00e1zka bude 1 + 2 = 3 atd.<\/p>\n<p>V\u00fdhodou tohoto syst\u00e9mu je, \u017ee va\u0161e s\u00e1zky nikdy nebudou p\u0159\u00edli\u0161 vysok\u00e9. Nev\u00fdhodou v\u0161ak je, \u017ee pokud se v\u00e1m neda\u0159\u00ed, m\u016f\u017ee trvat dlouho, ne\u017e se v\u00e1m ztr\u00e1ty vr\u00e1t\u00ed. Bez ohledu na to, kter\u00fd syst\u00e9m s\u00e1zen\u00ed pou\u017e\u00edv\u00e1te, nezapome\u0148te, \u017ee kasino m\u00e1 v\u017edy v\u00fdhodu. To nejlep\u0161\u00ed, co m\u016f\u017eete ud\u011blat, je sna\u017eit se tuto v\u00fdhodu minimalizovat a doufat v nejlep\u0161\u00ed.<\/p>\n<p>Pokud se budete \u0159\u00eddit t\u011bmito tipy, m\u011bli byste si hran\u00ed Zeppelin u\u017e\u00edt a mo\u017en\u00e1 i vyhr\u00e1t.<\/p>\n<div id=\"attachment_49\" style=\"width: 742px\" class=\"wp-caption aligncenter\"><img decoding=\"async\" aria-describedby=\"caption-attachment-49\" class=\"wp-image-49 size-full\" title=\"Zahrajte si kasinovou hru Zeppelin\" src=\"http:\/\/zeppelin-game.com\/wp-content\/uploads\/2022\/08\/zeppelin-play.jpg\" alt=\"Zahrajte si kasinovou hru Zeppelin\" width=\"742\" height=\"391\" srcset=\"https:\/\/zeppelin-game.com\/wp-content\/uploads\/2022\/08\/zeppelin-play.jpg 742w, https:\/\/zeppelin-game.com\/wp-content\/uploads\/2022\/08\/zeppelin-play-300x158.jpg 300w, https:\/\/zeppelin-game.com\/wp-content\/uploads\/2022\/08\/zeppelin-play-76x40.jpg 76w, https:\/\/zeppelin-game.com\/wp-content\/uploads\/2022\/08\/zeppelin-play-61x32.jpg 61w, https:\/\/zeppelin-game.com\/wp-content\/uploads\/2022\/08\/zeppelin-play-152x80.jpg 152w, https:\/\/zeppelin-game.com\/wp-content\/uploads\/2022\/08\/zeppelin-play-256x135.jpg 256w\" sizes=\"(max-width: 742px) 100vw, 742px\" \/><p id=\"caption-attachment-49\" class=\"wp-caption-text\">Zahrajte si kasinovou hru Zeppelin<\/p><\/div>\n<p style=\"text-align: center;\"><a class=\"glow-button\" href=\"\/cs\/recommends\/play\/\">Hr\u00e1t hru Zeppelin<\/a><\/p>\n<h2>Triky pro hran\u00ed ve h\u0159e Zeppelin Crash<\/h2>\n<ul>\n<li>Prvn\u00edm pravidlem hry Zeppelin je zn\u00e1t hru a jej\u00ed pravidla zevnit\u0159. Je to jednoduch\u00e1 hra, ale pokud pravidla nezn\u00e1te, budete v nev\u00fdhod\u011b.<\/li>\n<li>Jakmile zn\u00e1te pravidla, procvi\u010dujte je co nej\u010dast\u011bji. \u010c\u00edm \u010dast\u011bji budete hr\u00e1t, t\u00edm lep\u0161\u00ed budete ve h\u0159e.<\/li>\n<li>Dal\u0161\u00edm d\u016fle\u017eit\u00fdm tipem je rozumn\u00e9 hospoda\u0159en\u00ed s pen\u011bzi. Nes\u00e1zejte v\u00edce, ne\u017e si m\u016f\u017eete dovolit prohr\u00e1t, a v\u017edy si nechte stranou n\u011bjak\u00e9 pen\u00edze pro p\u0159\u00edpad nouze.<\/li>\n<li>P\u0159i h\u0159e je tak\u00e9 d\u016fle\u017eit\u00e9 zachovat klid a rozvahu. Pokud budete p\u0159\u00edli\u0161 nerv\u00f3zn\u00ed, budete d\u011blat chyby.<\/li>\n<li>Jednou z nejd\u016fle\u017eit\u011bj\u0161\u00edch v\u011bc\u00ed, kterou je t\u0159eba si uv\u011bdomit, je, \u017ee Zeppelin je hazardn\u00ed hra. Neexistuje \u017e\u00e1dn\u00fd jist\u00fd zp\u016fsob, jak vyhr\u00e1t. To nejlep\u0161\u00ed, co m\u016f\u017eete ud\u011blat, je sna\u017eit se minimalizovat v\u00fdhodu kasina a doufat v nejlep\u0161\u00ed.<\/li>\n<\/ul>\n<h2>Z\u00e1v\u011br<\/h2>\n<p>Zeppelin je z\u00e1bavn\u00e1 a vzru\u0161uj\u00edc\u00ed hra. Je d\u016fle\u017eit\u00e9 si uv\u011bdomit, \u017ee kasino m\u00e1 v\u017edy v\u00fdhodu, ale existuj\u00ed zp\u016fsoby, jak si zajistit v\u011bt\u0161\u00ed \u0161anci na v\u00fdhru.<\/p>\n<h2>\u010cASTO KLADEN\u00c9 DOTAZY<\/h2>\n        <section class=\"sc_fs_faq sc_card\">\n            <div>\n\t\t\t\t<h3>Jak vyhr\u00e1t Zeppelin?<\/h3>                <div>\n\t\t\t\t\t                    <p>\n\t\t\t\t\t\tNejlep\u0161\u00ed zp\u016fsob, jak vyhr\u00e1t Zeppelin, je pou\u017e\u00edvat s\u00e1zkov\u00e9 syst\u00e9my. Syst\u00e9m Martingale je jedn\u00edm z nejobl\u00edben\u011bj\u0161\u00edch a nejjednodu\u0161\u0161\u00edch s\u00e1zkov\u00fdch syst\u00e9m\u016f. S t\u00edmto syst\u00e9mem jednodu\u0161e zdvojn\u00e1sob\u00edte svou s\u00e1zku po ka\u017ed\u00e9 proh\u0159e. T\u00edmto zp\u016fsobem, kdy\u017e nakonec vyhrajete, z\u00edsk\u00e1te zp\u011bt v\u0161echny sv\u00e9 p\u0159edchoz\u00ed ztr\u00e1ty a skon\u010d\u00edte v zisku.                    <\/p>\n                <\/div>\n            <\/div>\n        <\/section>\n\t\t        <section class=\"sc_fs_faq sc_card\">\n            <div>\n\t\t\t\t<h3>Je Zeppelin hra zalo\u017een\u00e1 na dovednostech, nebo na n\u00e1hod\u011b?<\/h3>                <div>\n\t\t\t\t\t                    <p>\n\t\t\t\t\t\tZeppelin je hazardn\u00ed hra. Neexistuje \u017e\u00e1dn\u00fd jist\u00fd zp\u016fsob, jak vyhr\u00e1t. Nejlep\u0161\u00ed, co m\u016f\u017eete ud\u011blat, je sna\u017eit se minimalizovat v\u00fdhodu kasina a doufat v nejlep\u0161\u00ed.                    <\/p>\n                <\/div>\n            <\/div>\n        <\/section>\n\t\t        <section class=\"sc_fs_faq sc_card\">\n            <div>\n\t\t\t\t<h3>Jak\u00e9 jsou tipy pro hran\u00ed Zeppelin?<\/h3>                <div>\n\t\t\t\t\t                    <p>\n\t\t\t\t\t\tMezi tipy pro hran\u00ed Zeppelin pat\u0159\u00ed rozumn\u00e9 hospoda\u0159en\u00ed s pen\u011bzi, klid a rozvaha a co nej\u010dast\u011bj\u0161\u00ed tr\u00e9nink hry.                    <\/p>\n                <\/div>\n            <\/div>\n        <\/section>\n\t\t        <section class=\"sc_fs_faq sc_card\">\n            <div>\n\t\t\t\t<h3>Jak\u00e1 je v\u00fdhoda kasina ve h\u0159e Zeppelin?<\/h3>                <div>\n\t\t\t\t\t                    <p>\n\t\t\t\t\t\tV\u00fdhoda kasina v Zeppelin je procento z ka\u017ed\u00e9 s\u00e1zky, kter\u00e9 si kasino podle o\u010dek\u00e1v\u00e1n\u00ed dlouhodob\u011b ponech\u00e1. \u010c\u00edm vy\u0161\u0161\u00ed je v\u00fdhoda kasina, t\u00edm t\u011b\u017e\u0161\u00ed je vyhr\u00e1t.                    <\/p>\n                <\/div>\n            <\/div>\n        <\/section>\n\t\t\n<script type=\"application\/ld+json\">{\n    \"@context\": \"https:\\\/\\\/schema.org\",\n    \"@type\": \"FAQPage\",\n    \"mainEntity\": [\n        {\n            \"@type\": \"Question\",\n            \"name\": \"How do I win Zeppelin?\",\n            \"acceptedAnswer\": {\n                \"@type\": \"Answer\",\n                \"text\": \"The best way to win Zeppelin is by using betting systems. The Martingale system is one of the most popular and simplest betting systems out there. With this system, you simply double your bet after every loss. This way, when you eventually win, you will recoup all of your previous losses and end up with a profit.\"\n            }\n        },\n        {\n            \"@type\": \"Question\",\n            \"name\": \"Is Zeppelin a game of skill or chance?\",\n            \"acceptedAnswer\": {\n                \"@type\": \"Answer\",\n                \"text\": \"Zeppelin is a game of chance. There is no surefire way to win. The best you can do is to try to minimize the house edge and hope for the best.\"\n            }\n        },\n        {\n            \"@type\": \"Question\",\n            \"name\": \"What are some tips for playing Zeppelin?\",\n            \"acceptedAnswer\": {\n                \"@type\": \"Answer\",\n                \"text\": \"Some tips for playing Zeppelin include managing your money wisely, staying calm and collected, and practicing the game as often as you can.\"\n            }\n        },\n        {\n            \"@type\": \"Question\",\n            \"name\": \"What is the house edge in Zeppelin?\",\n            \"acceptedAnswer\": {\n                \"@type\": \"Answer\",\n                \"text\": \"The house edge in Zeppelin is the percentage of each bet that the casino expects to keep over the long run. The higher the house edge, the harder it is to win.\"\n            }\n        }\n    ]\n}<\/script>","protected":false},"excerpt":{"rendered":"<p>P\u0159i h\u0159e Zeppelin je nejd\u016fle\u017eit\u011bj\u0161\u00ed m\u00edt na pam\u011bti, \u017ee kasino m\u00e1 v\u017edy v\u00fdhodu. Existuj\u00ed v\u0161ak zp\u016fsoby, jak tuto v\u00fdhodu minimalizovat a z\u00edskat tak v\u011bt\u0161\u00ed \u0161anci na v\u00fdhru. Hra Zeppelin Jedn\u00edm ze zp\u016fsob\u016f, jak toho dos\u00e1hnout, je pou\u017eit\u00ed s\u00e1zkov\u00e9ho syst\u00e9mu. Existuje mnoho r\u016fzn\u00fdch s\u00e1zkov\u00fdch syst\u00e9m\u016f, kter\u00e9 [...]<\/p>","protected":false},"author":1,"featured_media":0,"parent":0,"menu_order":0,"comment_status":"closed","ping_status":"closed","template":"page-full-width.php","meta":{"_acf_changed":false,"footnotes":""},"class_list":["post-46","page","type-page","status-publish","hentry"],"acf":[],"yoast_head":"<!-- This site is optimized with the Yoast SEO plugin v26.7 - https:\/\/yoast.com\/wordpress\/plugins\/seo\/ -->\n<title>Zeppelin Games Strategy: How to Win 2026 - Zeppelin Crash Game<\/title>\n<meta name=\"description\" content=\"How to Win Zeppelin Game with Betting Systems? Tips and Tricks 2026 years for Zeppelin Crash Game. Strategies for winning in Zeppelin Casino Game.\" \/>\n<meta name=\"robots\" content=\"index, follow, max-snippet:-1, max-image-preview:large, max-video-preview:-1\" \/>\n<link rel=\"canonical\" href=\"https:\/\/zeppelin-game.com\/cs\/how-to-win\/\" \/>\n<meta property=\"og:locale\" content=\"cs_CZ\" \/>\n<meta property=\"og:type\" content=\"article\" \/>\n<meta property=\"og:title\" content=\"Zeppelin Games Strategy: How to Win 2026 - Zeppelin Crash Game\" \/>\n<meta property=\"og:description\" content=\"How to Win Zeppelin Game with Betting Systems? Tips and Tricks 2026 years for Zeppelin Crash Game. Strategies for winning in Zeppelin Casino Game.\" \/>\n<meta property=\"og:url\" content=\"https:\/\/zeppelin-game.com\/cs\/how-to-win\/\" \/>\n<meta property=\"og:site_name\" content=\"Zeppelin Crash Game\" \/>\n<meta property=\"article:modified_time\" content=\"2026-01-12T16:28:39+00:00\" \/>\n<meta property=\"og:image\" content=\"http:\/\/zeppelin-game.com\/wp-content\/uploads\/2022\/08\/zeppelin-crash.jpg\" \/>\n<meta name=\"twitter:card\" content=\"summary_large_image\" \/>\n<meta name=\"twitter:label1\" content=\"Odhadovan\u00e1 doba \u010dten\u00ed\" \/>\n\t<meta name=\"twitter:data1\" content=\"5 minut\" \/>\n<!-- \/ Yoast SEO plugin. -->","yoast_head_json":{"title":"Zeppelin Games Strategy: How to Win 2026 - Zeppelin Crash Game","description":"How to Win Zeppelin Game with Betting Systems? Tips and Tricks 2026 years for Zeppelin Crash Game. Strategies for winning in Zeppelin Casino Game.","robots":{"index":"index","follow":"follow","max-snippet":"max-snippet:-1","max-image-preview":"max-image-preview:large","max-video-preview":"max-video-preview:-1"},"canonical":"https:\/\/zeppelin-game.com\/cs\/how-to-win\/","og_locale":"cs_CZ","og_type":"article","og_title":"Zeppelin Games Strategy: How to Win 2026 - Zeppelin Crash Game","og_description":"How to Win Zeppelin Game with Betting Systems? Tips and Tricks 2026 years for Zeppelin Crash Game. Strategies for winning in Zeppelin Casino Game.","og_url":"https:\/\/zeppelin-game.com\/cs\/how-to-win\/","og_site_name":"Zeppelin Crash Game","article_modified_time":"2026-01-12T16:28:39+00:00","og_image":[{"url":"http:\/\/zeppelin-game.com\/wp-content\/uploads\/2022\/08\/zeppelin-crash.jpg","type":"","width":"","height":""}],"twitter_card":"summary_large_image","twitter_misc":{"Odhadovan\u00e1 doba \u010dten\u00ed":"5 minut"},"schema":{"@context":"https:\/\/schema.org","@graph":[{"@type":"WebPage","@id":"https:\/\/zeppelin-game.com\/how-to-win\/","url":"https:\/\/zeppelin-game.com\/how-to-win\/","name":"Zeppelin Games Strategy: How to Win 2026 - Zeppelin Crash Game","isPartOf":{"@id":"https:\/\/zeppelin-game.com\/#website"},"primaryImageOfPage":{"@id":"https:\/\/zeppelin-game.com\/how-to-win\/#primaryimage"},"image":{"@id":"https:\/\/zeppelin-game.com\/how-to-win\/#primaryimage"},"thumbnailUrl":"http:\/\/zeppelin-game.com\/wp-content\/uploads\/2022\/08\/zeppelin-crash.jpg","datePublished":"2026-01-04T12:13:13+00:00","dateModified":"2026-01-12T16:28:39+00:00","description":"How to Win Zeppelin Game with Betting Systems? Tips and Tricks 2026 years for Zeppelin Crash Game. Strategies for winning in Zeppelin Casino Game.","breadcrumb":{"@id":"https:\/\/zeppelin-game.com\/how-to-win\/#breadcrumb"},"inLanguage":"cs","potentialAction":[{"@type":"ReadAction","target":["https:\/\/zeppelin-game.com\/how-to-win\/"]}]},{"@type":"ImageObject","inLanguage":"cs","@id":"https:\/\/zeppelin-game.com\/how-to-win\/#primaryimage","url":"http:\/\/zeppelin-game.com\/wp-content\/uploads\/2022\/08\/zeppelin-crash.jpg","contentUrl":"http:\/\/zeppelin-game.com\/wp-content\/uploads\/2022\/08\/zeppelin-crash.jpg"},{"@type":"BreadcrumbList","@id":"https:\/\/zeppelin-game.com\/how-to-win\/#breadcrumb","itemListElement":[{"@type":"ListItem","position":1,"name":"Home","item":"https:\/\/zeppelin-game.com\/"},{"@type":"ListItem","position":2,"name":"Zeppelin Games Strategy: How to Win"}]},{"@type":"WebSite","@id":"https:\/\/zeppelin-game.com\/#website","url":"https:\/\/zeppelin-game.com\/","name":"Zeppelin Crash Game","description":"","publisher":{"@id":"https:\/\/zeppelin-game.com\/#organization"},"potentialAction":[{"@type":"SearchAction","target":{"@type":"EntryPoint","urlTemplate":"https:\/\/zeppelin-game.com\/?s={search_term_string}"},"query-input":{"@type":"PropertyValueSpecification","valueRequired":true,"valueName":"search_term_string"}}],"inLanguage":"cs"},{"@type":"Organization","@id":"https:\/\/zeppelin-game.com\/#organization","name":"Zeppelin Crash Game","url":"https:\/\/zeppelin-game.com\/","logo":{"@type":"ImageObject","inLanguage":"cs","@id":"https:\/\/zeppelin-game.com\/#\/schema\/logo\/image\/","url":"https:\/\/zeppelin-game.com\/wp-content\/uploads\/2022\/08\/cropped-Zeppelin-Casino-Game-1.jpg","contentUrl":"https:\/\/zeppelin-game.com\/wp-content\/uploads\/2022\/08\/cropped-Zeppelin-Casino-Game-1.jpg","width":584,"height":444,"caption":"Zeppelin Crash Game"},"image":{"@id":"https:\/\/zeppelin-game.com\/#\/schema\/logo\/image\/"}}]}},"_links":{"self":[{"href":"https:\/\/zeppelin-game.com\/cs\/wp-json\/wp\/v2\/pages\/46","targetHints":{"allow":["GET"]}}],"collection":[{"href":"https:\/\/zeppelin-game.com\/cs\/wp-json\/wp\/v2\/pages"}],"about":[{"href":"https:\/\/zeppelin-game.com\/cs\/wp-json\/wp\/v2\/types\/page"}],"author":[{"embeddable":true,"href":"https:\/\/zeppelin-game.com\/cs\/wp-json\/wp\/v2\/users\/1"}],"replies":[{"embeddable":true,"href":"https:\/\/zeppelin-game.com\/cs\/wp-json\/wp\/v2\/comments?post=46"}],"version-history":[{"count":1,"href":"https:\/\/zeppelin-game.com\/cs\/wp-json\/wp\/v2\/pages\/46\/revisions"}],"predecessor-version":[{"id":383,"href":"https:\/\/zeppelin-game.com\/cs\/wp-json\/wp\/v2\/pages\/46\/revisions\/383"}],"wp:attachment":[{"href":"https:\/\/zeppelin-game.com\/cs\/wp-json\/wp\/v2\/media?parent=46"}],"curies":[{"name":"wp","href":"https:\/\/api.w.org\/{rel}","templated":true}]}}