{"id":145,"date":"2026-01-04T10:54:29","date_gmt":"2026-01-04T10:54:29","guid":{"rendered":"http:\/\/zeppelin-game.com\/?page_id=145"},"modified":"2026-01-12T16:31:30","modified_gmt":"2026-01-12T16:31:30","slug":"zeppelin-game-download","status":"publish","type":"page","link":"https:\/\/zeppelin-game.com\/fi\/zeppelin-game-download\/","title":{"rendered":"Zeppelin Lataa peli"},"content":{"rendered":"<p>Voit ladata pelin t\u00e4ysversion Zeppelin alla olevasta linkist\u00e4. T\u00e4m\u00e4 on suora linkki tiedostoon, jota is\u00e4nn\u00f6id\u00e4\u00e4n ulkoisella verkkosivustolla. Annamme usein linkin virallisiin l\u00e4hteisiin, kun se on mahdollista. Jos joku on saanut laittomasti haltuunsa kopiosi pelist\u00e4, suosittelemme, ett\u00e4 k\u00e4yt\u00e4t laillisia kanavia saadaksesi pelisi takaisin tai saadaksesi korvauksen menetyksest\u00e4si.<\/p>\n<p style=\"text-align: center;\"><a class=\"glow-button\" href=\"\/fi\/recommends\/play\/\">Pelaa Zeppelin-peli\u00e4<\/a><\/p>\n<div id=\"attachment_48\" style=\"width: 1024px\" class=\"wp-caption aligncenter\"><img decoding=\"async\" aria-describedby=\"caption-attachment-48\" class=\"size-full wp-image-48\" src=\"http:\/\/zeppelin-game.com\/wp-content\/uploads\/2022\/08\/zeppelin-crash.jpg\" alt=\"Zeppelin-peli\" width=\"1024\" height=\"548\" srcset=\"https:\/\/zeppelin-game.com\/wp-content\/uploads\/2022\/08\/zeppelin-crash.jpg 1024w, https:\/\/zeppelin-game.com\/wp-content\/uploads\/2022\/08\/zeppelin-crash-300x161.jpg 300w, https:\/\/zeppelin-game.com\/wp-content\/uploads\/2022\/08\/zeppelin-crash-768x411.jpg 768w, https:\/\/zeppelin-game.com\/wp-content\/uploads\/2022\/08\/zeppelin-crash-75x40.jpg 75w, https:\/\/zeppelin-game.com\/wp-content\/uploads\/2022\/08\/zeppelin-crash-60x32.jpg 60w, https:\/\/zeppelin-game.com\/wp-content\/uploads\/2022\/08\/zeppelin-crash-149x80.jpg 149w, https:\/\/zeppelin-game.com\/wp-content\/uploads\/2022\/08\/zeppelin-crash-252x135.jpg 252w\" sizes=\"(max-width: 1024px) 100vw, 1024px\" \/><p id=\"caption-attachment-48\" class=\"wp-caption-text\">Zeppelin-peli<\/p><\/div>\n<p>Zeppelin on erilainen kuin mik\u00e4\u00e4n muu klassikkopeli, jota olet koskaan n\u00e4hnyt, sill\u00e4 se sis\u00e4lt\u00e4\u00e4 ominaisuuksia, kuten chattailua, reaaliaikaisia tilastoja ja uudenlaista pelattavuutta. Peliss\u00e4 ei ole rullia, rivej\u00e4, voittolinjoja tai symboleja. Sen sijaan sinun tarvitsee vain pit\u00e4\u00e4 silm\u00e4ll\u00e4 ilmalaivaa, kun se lent\u00e4\u00e4 ruudun poikki, ja yritt\u00e4\u00e4 napata j\u00e4ttipotti ennen kuin se r\u00e4j\u00e4ht\u00e4\u00e4!<\/p>\n<p>The <a href=\"\/fi\/\">peli Zeppelin<\/a>, jonka on luonut Betsolutions, on samankaltainen kuin Aviator siin\u00e4 mieless\u00e4, ett\u00e4 molempien suosio kasvaa jatkuvasti. Zeppelin on moninpelattava verkkopelikokemus, jossa k\u00e4ytt\u00e4j\u00e4t voivat lent\u00e4\u00e4 lentokonetta dynaamisesti ja k\u00e4ytt\u00e4j\u00e4yst\u00e4v\u00e4llisesti ja joka on samalla eritt\u00e4in kannattava.<\/p>\n<p>Voit osallistua satojen muiden ihmisten peleihin yksinkertaisesti kirjautumalla verkkosivustolle - pelaajien m\u00e4\u00e4r\u00e4\u00e4 ei ole rajoitettu. Koko kokemus tuntuu aivan uudelta sivuston k\u00e4ytt\u00e4mien ev\u00e4steiden ansiosta.<\/p>\n<h2>Kuinka ladata Zeppelin peli?<\/h2>\n<ul>\n<li>Siirry lataussivulle klikkaamalla alla olevaa painiketta.<\/li>\n<li>Kun Zeppelin on asennettu tietokoneellesi, k\u00e4ynnist\u00e4 peli kaksoisnapsauttamalla kuvaketta.<\/li>\n<li>Kirjaudu sis\u00e4\u00e4n k\u00e4ytt\u00e4j\u00e4tunnuksella ja salasanalla ja aloita pelaaminen!<\/li>\n<li>Kun olet valmis kotiuttamaan, napsauta n\u00e4yt\u00f6n oikeassa yl\u00e4kulmassa olevaa \"kotiuta\"-painiketta.<\/li>\n<li>Anna tilitietosi ja valitse nostotapa.<\/li>\n<li>Klikkaa \"l\u00e4het\u00e4\" -painiketta ja odota, ett\u00e4 varat ilmestyv\u00e4t tilillesi!<\/li>\n<\/ul>\n<p><a href=\"https:\/\/zeppelin-game.com\/fi\/recommends\/play\/\"><img decoding=\"async\" class=\"aligncenter wp-image-148 size-full\" src=\"http:\/\/zeppelin-game.com\/wp-content\/uploads\/2022\/08\/pasted-image-0.png\" alt=\"Lataa ja pelaa\" width=\"858\" height=\"130\" srcset=\"https:\/\/zeppelin-game.com\/wp-content\/uploads\/2022\/08\/pasted-image-0.png 858w, https:\/\/zeppelin-game.com\/wp-content\/uploads\/2022\/08\/pasted-image-0-300x45.png 300w, https:\/\/zeppelin-game.com\/wp-content\/uploads\/2022\/08\/pasted-image-0-768x116.png 768w, https:\/\/zeppelin-game.com\/wp-content\/uploads\/2022\/08\/pasted-image-0-264x40.png 264w, https:\/\/zeppelin-game.com\/wp-content\/uploads\/2022\/08\/pasted-image-0-211x32.png 211w, https:\/\/zeppelin-game.com\/wp-content\/uploads\/2022\/08\/pasted-image-0-528x80.png 528w\" sizes=\"(max-width: 858px) 100vw, 858px\" \/><\/a><\/p>\n<h2>Mist\u00e4 l\u00f6yd\u00e4n Zeppelin Apk:n?<\/h2>\n<ul>\n<li>Zeppelin APK on saatavilla verkkosivuillamme. Voit ladata sen klikkaamalla alla olevaa painiketta.<\/li>\n<li>Kun Zeppelin APK on ladattu, avaa se ja asenna peli Android-laitteeseesi.<\/li>\n<li>Kirjaudu sis\u00e4\u00e4n k\u00e4ytt\u00e4j\u00e4tunnuksella ja salasanalla ja aloita pelaaminen!<\/li>\n<\/ul>\n<p style=\"text-align: center;\"><a class=\"glow-button\" href=\"\/fi\/recommends\/play\/\">Aloita pelaaminen Zeppelin peli<\/a><\/p>\n<h2>Kuinka asentaa Zeppelin peli?<\/h2>\n<p>Zeppelin:n asentaminen on hyvin yksinkertainen prosessi. Seuraa vain alla olevia ohjeita, niin p\u00e4\u00e4set pelaamaan hetkess\u00e4!<\/p>\n<ul>\n<li>Zeppelin-pelin lataaminen napsauttamalla alla olevaa painiketta.<\/li>\n<li>Kun lataus on valmis, avaa tiedosto ja suorita asennusohjelma.<\/li>\n<li>Asenna peli tietokoneellesi noudattamalla ohjeita.<\/li>\n<li>K\u00e4ynnist\u00e4 Zeppelin kaksoisnapsauttamalla ty\u00f6p\u00f6yd\u00e4ll\u00e4 olevaa kuvaketta.<\/li>\n<li>Kirjaudu sis\u00e4\u00e4n k\u00e4ytt\u00e4j\u00e4tunnuksella ja salasanalla ja aloita pelaaminen!<\/li>\n<\/ul>\n<h2>P\u00e4\u00e4telm\u00e4<\/h2>\n<p>Zeppelin on todella ainutlaatuinen ja innovatiivinen peli, jota et ole koskaan ennen pelannut. Tuoreen pelattavuutensa, reaaliaikaisten tilastojensa ja chattailuominaisuutensa ansiosta Zeppelin:st\u00e4 tulee varmasti yksi uusista suosikkipeleist\u00e4si!<\/p>\n<h2>Usein kysytyt kysymykset<\/h2>\n        <section class=\"sc_fs_faq sc_card\">\n            <div>\n\t\t\t\t<h3>Miten voin ladata Zeppelin-pelin?<\/h3>                <div>\n\t\t\t\t\t                    <p>\n\t\t\t\t\t\tVoit ladata Zeppelin:n viralliselta lataussivulta ja napsauttaa latauspainiketta. Kun olet ladannut, voit aloittaa asennusprosessin.                    <\/p>\n                <\/div>\n            <\/div>\n        <\/section>\n\t\t        <section class=\"sc_fs_faq sc_card\">\n            <div>\n\t\t\t\t<h3>Onko Zeppelin-pelist\u00e4 olemassa mobiiliversiota?<\/h3>                <div>\n\t\t\t\t\t                    <p>\n\t\t\t\t\t\tKyll\u00e4, Zeppelin tarjoaa APK-version Android-laitteille. Voit ladata sen alustaltamme ja nauttia pelist\u00e4 tien p\u00e4\u00e4ll\u00e4.                    <\/p>\n                <\/div>\n            <\/div>\n        <\/section>\n\t\t        <section class=\"sc_fs_faq sc_card\">\n            <div>\n\t\t\t\t<h3>Miten asennan Zeppelin:n laitteeseeni?<\/h3>                <div>\n\t\t\t\t\t                    <p>\n\t\t\t\t\t\tKun olet ladannut pelin, avaa tiedosto ja asenna se noudattamalla n\u00e4yt\u00f6n ohjeita. Asennuksen j\u00e4lkeen voit k\u00e4ynnist\u00e4\u00e4 pelin, kirjautua sis\u00e4\u00e4n ja aloittaa pelaamisen.                    <\/p>\n                <\/div>\n            <\/div>\n        <\/section>\n\t\t        <section class=\"sc_fs_faq sc_card\">\n            <div>\n\t\t\t\t<h3>Onko Zeppelin-peli turvallinen pelata?<\/h3>                <div>\n\t\t\t\t\t                    <p>\n\t\t\t\t\t\tKyll\u00e4, Zeppelin:n on kehitt\u00e4nyt Betsolutions, hyv\u00e4maineinen peliyhti\u00f6. On t\u00e4rke\u00e4\u00e4 ladata peli virallisista tai luotettavista l\u00e4hteist\u00e4 turvallisuuden varmistamiseksi ja v\u00e4\u00e4rennettyjen versioiden v\u00e4ltt\u00e4miseksi.                    <\/p>\n                <\/div>\n            <\/div>\n        <\/section>\n\t\t        <section class=\"sc_fs_faq sc_card\">\n            <div>\n\t\t\t\t<h3>Liittyyk\u00f6 Zeppelin:n lataamiseen tai pelaamiseen mit\u00e4\u00e4n kustannuksia?<\/h3>                <div>\n\t\t\t\t\t                    <p>\n\t\t\t\t\t\tYksityiskohdat mahdollisista kuluista tai pelin sis\u00e4isist\u00e4 ostoista ovat yleens\u00e4 saatavilla virallisella verkkosivustolla tai lataussivulla. On aina suositeltavaa tarkistaa sielt\u00e4 tarkimmat tiedot.                     <\/p>\n                <\/div>\n            <\/div>\n        <\/section>\n\t\t\n<script type=\"application\/ld+json\">{\n    \"@context\": \"https:\\\/\\\/schema.org\",\n    \"@type\": \"FAQPage\",\n    \"mainEntity\": [\n        {\n            \"@type\": \"Question\",\n            \"name\": \"How do I download the Zeppelin Game?\",\n            \"acceptedAnswer\": {\n                \"@type\": \"Answer\",\n                \"text\": \"To download Zeppelin, visit the official download page and click on the designated download button. Once downloaded, you can initiate the installation process.\"\n            }\n        },\n        {\n            \"@type\": \"Question\",\n            \"name\": \"Is there a mobile version of the Zeppelin Game?\",\n            \"acceptedAnswer\": {\n                \"@type\": \"Answer\",\n                \"text\": \"Yes, Zeppelin offers an APK version for Android devices. You can download it from our platform and enjoy the game on the go.\"\n            }\n        },\n        {\n            \"@type\": \"Question\",\n            \"name\": \"How do I install Zeppelin on my device?\",\n            \"acceptedAnswer\": {\n                \"@type\": \"Answer\",\n                \"text\": \"After downloading the game, open the file and follow the on-screen prompts to install. Once installed, you can launch the game, sign in, and start playing.\"\n            }\n        },\n        {\n            \"@type\": \"Question\",\n            \"name\": \"Is the Zeppelin Game safe to play?\",\n            \"acceptedAnswer\": {\n                \"@type\": \"Answer\",\n                \"text\": \"Yes, Zeppelin is developed by Betsolutions, a reputable gaming company. It's essential to download the game from official or trusted sources to ensure safety and avoid counterfeit versions.\"\n            }\n        },\n        {\n            \"@type\": \"Question\",\n            \"name\": \"Are there any costs associated with downloading or playing Zeppelin?\",\n            \"acceptedAnswer\": {\n                \"@type\": \"Answer\",\n                \"text\": \"Details regarding any costs or in-game purchases would typically be available on the official website or download page. It's always advisable to check there for the most accurate information.\"\n            }\n        }\n    ]\n}<\/script>","protected":false},"excerpt":{"rendered":"<p>Voit ladata pelin t\u00e4ysversion Zeppelin alla olevasta linkist\u00e4. T\u00e4m\u00e4 on suora linkki tiedostoon, jota is\u00e4nn\u00f6id\u00e4\u00e4n ulkoisella verkkosivustolla. Annamme usein linkin virallisiin l\u00e4hteisiin, kun se on mahdollista. Jos joku on hankkinut laittomasti kopiosi pelist\u00e4, suosittelemme vahvasti, ett\u00e4 k\u00e4yt\u00e4t laillista [...]<\/p>","protected":false},"author":1,"featured_media":0,"parent":0,"menu_order":0,"comment_status":"closed","ping_status":"closed","template":"page-full-width.php","meta":{"_acf_changed":false,"footnotes":""},"class_list":["post-145","page","type-page","status-publish","hentry"],"acf":[],"yoast_head":"<!-- This site is optimized with the Yoast SEO plugin v26.7 - https:\/\/yoast.com\/wordpress\/plugins\/seo\/ -->\n<title>Zeppelin Game Download - How to Download Zeppelin Casino Game 2026<\/title>\n<meta name=\"description\" content=\"Play Zeppelin Game from your PC, smartphone or tablet. How to Zeppelin Game Download and install in 2026. Where you can find Zeppelin Game apk for download.\" \/>\n<meta name=\"robots\" content=\"index, follow, max-snippet:-1, max-image-preview:large, max-video-preview:-1\" \/>\n<link rel=\"canonical\" href=\"https:\/\/zeppelin-game.com\/fi\/zeppelin-game-download\/\" \/>\n<meta property=\"og:locale\" content=\"fi_FI\" \/>\n<meta property=\"og:type\" content=\"article\" \/>\n<meta property=\"og:title\" content=\"Zeppelin Game Download - How to Download Zeppelin Casino Game 2026\" \/>\n<meta property=\"og:description\" content=\"Play Zeppelin Game from your PC, smartphone or tablet. How to Zeppelin Game Download and install in 2026. Where you can find Zeppelin Game apk for download.\" \/>\n<meta property=\"og:url\" content=\"https:\/\/zeppelin-game.com\/fi\/zeppelin-game-download\/\" \/>\n<meta property=\"og:site_name\" content=\"Zeppelin Crash Game\" \/>\n<meta property=\"article:modified_time\" content=\"2026-01-12T16:31:30+00:00\" \/>\n<meta property=\"og:image\" content=\"http:\/\/zeppelin-game.com\/wp-content\/uploads\/2022\/08\/zeppelin-crash.jpg\" \/>\n<meta name=\"twitter:card\" content=\"summary_large_image\" \/>\n<meta name=\"twitter:label1\" content=\"Arvioitu lukuaika\" \/>\n\t<meta name=\"twitter:data1\" content=\"4 minuuttia\" \/>\n<!-- \/ Yoast SEO plugin. -->","yoast_head_json":{"title":"Zeppelin Game Download - How to Download Zeppelin Casino Game 2026","description":"Play Zeppelin Game from your PC, smartphone or tablet. How to Zeppelin Game Download and install in 2026. Where you can find Zeppelin Game apk for download.","robots":{"index":"index","follow":"follow","max-snippet":"max-snippet:-1","max-image-preview":"max-image-preview:large","max-video-preview":"max-video-preview:-1"},"canonical":"https:\/\/zeppelin-game.com\/fi\/zeppelin-game-download\/","og_locale":"fi_FI","og_type":"article","og_title":"Zeppelin Game Download - How to Download Zeppelin Casino Game 2026","og_description":"Play Zeppelin Game from your PC, smartphone or tablet. How to Zeppelin Game Download and install in 2026. Where you can find Zeppelin Game apk for download.","og_url":"https:\/\/zeppelin-game.com\/fi\/zeppelin-game-download\/","og_site_name":"Zeppelin Crash Game","article_modified_time":"2026-01-12T16:31:30+00:00","og_image":[{"url":"http:\/\/zeppelin-game.com\/wp-content\/uploads\/2022\/08\/zeppelin-crash.jpg","type":"","width":"","height":""}],"twitter_card":"summary_large_image","twitter_misc":{"Arvioitu lukuaika":"4 minuuttia"},"schema":{"@context":"https:\/\/schema.org","@graph":[{"@type":"WebPage","@id":"https:\/\/zeppelin-game.com\/zeppelin-game-download\/","url":"https:\/\/zeppelin-game.com\/zeppelin-game-download\/","name":"Zeppelin Game Download - How to Download Zeppelin Casino Game 2026","isPartOf":{"@id":"https:\/\/zeppelin-game.com\/#website"},"primaryImageOfPage":{"@id":"https:\/\/zeppelin-game.com\/zeppelin-game-download\/#primaryimage"},"image":{"@id":"https:\/\/zeppelin-game.com\/zeppelin-game-download\/#primaryimage"},"thumbnailUrl":"http:\/\/zeppelin-game.com\/wp-content\/uploads\/2022\/08\/zeppelin-crash.jpg","datePublished":"2026-01-04T10:54:29+00:00","dateModified":"2026-01-12T16:31:30+00:00","description":"Play Zeppelin Game from your PC, smartphone or tablet. How to Zeppelin Game Download and install in 2026. Where you can find Zeppelin Game apk for download.","breadcrumb":{"@id":"https:\/\/zeppelin-game.com\/zeppelin-game-download\/#breadcrumb"},"inLanguage":"fi","potentialAction":[{"@type":"ReadAction","target":["https:\/\/zeppelin-game.com\/zeppelin-game-download\/"]}]},{"@type":"ImageObject","inLanguage":"fi","@id":"https:\/\/zeppelin-game.com\/zeppelin-game-download\/#primaryimage","url":"http:\/\/zeppelin-game.com\/wp-content\/uploads\/2022\/08\/zeppelin-crash.jpg","contentUrl":"http:\/\/zeppelin-game.com\/wp-content\/uploads\/2022\/08\/zeppelin-crash.jpg"},{"@type":"BreadcrumbList","@id":"https:\/\/zeppelin-game.com\/zeppelin-game-download\/#breadcrumb","itemListElement":[{"@type":"ListItem","position":1,"name":"Home","item":"https:\/\/zeppelin-game.com\/"},{"@type":"ListItem","position":2,"name":"Zeppelin Game Download"}]},{"@type":"WebSite","@id":"https:\/\/zeppelin-game.com\/#website","url":"https:\/\/zeppelin-game.com\/","name":"Zeppelin Crash Game","description":"","publisher":{"@id":"https:\/\/zeppelin-game.com\/#organization"},"potentialAction":[{"@type":"SearchAction","target":{"@type":"EntryPoint","urlTemplate":"https:\/\/zeppelin-game.com\/?s={search_term_string}"},"query-input":{"@type":"PropertyValueSpecification","valueRequired":true,"valueName":"search_term_string"}}],"inLanguage":"fi"},{"@type":"Organization","@id":"https:\/\/zeppelin-game.com\/#organization","name":"Zeppelin Crash Game","url":"https:\/\/zeppelin-game.com\/","logo":{"@type":"ImageObject","inLanguage":"fi","@id":"https:\/\/zeppelin-game.com\/#\/schema\/logo\/image\/","url":"https:\/\/zeppelin-game.com\/wp-content\/uploads\/2022\/08\/cropped-Zeppelin-Casino-Game-1.jpg","contentUrl":"https:\/\/zeppelin-game.com\/wp-content\/uploads\/2022\/08\/cropped-Zeppelin-Casino-Game-1.jpg","width":584,"height":444,"caption":"Zeppelin Crash Game"},"image":{"@id":"https:\/\/zeppelin-game.com\/#\/schema\/logo\/image\/"}}]}},"_links":{"self":[{"href":"https:\/\/zeppelin-game.com\/fi\/wp-json\/wp\/v2\/pages\/145","targetHints":{"allow":["GET"]}}],"collection":[{"href":"https:\/\/zeppelin-game.com\/fi\/wp-json\/wp\/v2\/pages"}],"about":[{"href":"https:\/\/zeppelin-game.com\/fi\/wp-json\/wp\/v2\/types\/page"}],"author":[{"embeddable":true,"href":"https:\/\/zeppelin-game.com\/fi\/wp-json\/wp\/v2\/users\/1"}],"replies":[{"embeddable":true,"href":"https:\/\/zeppelin-game.com\/fi\/wp-json\/wp\/v2\/comments?post=145"}],"version-history":[{"count":1,"href":"https:\/\/zeppelin-game.com\/fi\/wp-json\/wp\/v2\/pages\/145\/revisions"}],"predecessor-version":[{"id":384,"href":"https:\/\/zeppelin-game.com\/fi\/wp-json\/wp\/v2\/pages\/145\/revisions\/384"}],"wp:attachment":[{"href":"https:\/\/zeppelin-game.com\/fi\/wp-json\/wp\/v2\/media?parent=145"}],"curies":[{"name":"wp","href":"https:\/\/api.w.org\/{rel}","templated":true}]}}