{"id":280,"date":"2023-05-15T01:20:14","date_gmt":"2023-05-15T01:20:14","guid":{"rendered":"https:\/\/zeppelin-game.com\/?page_id=280"},"modified":"2023-05-15T01:20:33","modified_gmt":"2023-05-15T01:20:33","slug":"contact-us","status":"publish","type":"page","link":"https:\/\/zeppelin-game.com\/nb\/contact-us\/","title":{"rendered":"Kontaktinformasjon"},"content":{"rendered":"<div style=\"display:none\" class=\"fm-form-container fm-theme1\"><div id=\"fm-pages1\" class=\"fm-pages wdform_page_navigation\" show_title=\"\" show_numbers=\"1\" type=\"none\"><\/div><form name=\"form1\" action=\"\/nb\/wp-json\/wp\/v2\/pages\/280\" method=\"post\" id=\"form1\" class=\"fm-form form1\" enctype=\"multipart\/form-data\" data-trp-original-action=\"\/nb\/wp-json\/wp\/v2\/pages\/280\"><input type=\"hidden\" id=\"counter1\" value=\"7\" name=\"counter1\" \/><input type=\"hidden\" id=\"Itemid1\" value=\"\" name=\"Itemid1\" \/><input type=\"text\" class=\"fm-hide\" id=\"fm_bot_validation1\" value=\"\" name=\"fm_bot_validation1\" \/><input type=\"text\" class=\"fm-hide\" id=\"fm_empty_field_validation1\" value=\"\" name=\"fm_empty_field_validation1\" data-value=\"783d3156270d80eb713f284293cb3672\" \/><input type=\"hidden\" id=\"fm_form_nonce1\" name=\"fm_form_nonce1\" value=\"e75f26991a\" \/><input type=\"hidden\" name=\"_wp_http_referer\" value=\"\/nb\/wp-json\/wp\/v2\/pages\/280\" \/><div class=\"fm-header-bg\"><div class=\"fm-header\"><div class=\"fm-header-text\">          <div class=\"fm-header-title\">            Kontakt oss          <\/div>          <div class=\"fm-header-description\">            Du kan kontakte oss ved \u00e5 fylle ut dette skjemaet n\u00e5r som helst n\u00e5r du trenger profesjonell st\u00f8tte eller har sp\u00f8rsm\u00e5l. Du kan ogs\u00e5 fylle ut skjemaet for \u00e5 legge igjen kommentarer eller tilbakemeldinger.          <\/div>        <\/div><\/div><\/div><div class=\"wdform-page-and-images fm-form-builder\"><div id=\"1form_view1\" class=\"wdform_page\" page_title=\"Untitled page\" next_title=\"Next\" next_type=\"text\" next_class=\"wdform-page-button\" next_checkable=\"true\" previous_title=\"Previous\" previous_type=\"text\" previous_class=\"wdform-page-button\" previous_checkable=\"false\"><div class=\"wdform_section\"><div class=\"wdform_column\"><div wdid=\"4\" class=\"wdform_row\" style=\"position: relative; left: 0px; top: 0px;\"><div type=\"type_text\" class=\"wdform-field wd-width-100 wd-flex wd-flex-column\"><div class=\"wdform-label-section wd-width-100  wd-flex-row wd-align-items-center\">    <label  for=\"wdform_4_element1\" class=\"wdform-label\">Emne<\/label><span class=\"wdform-required\">*<\/span><\/div><div class=\"wdform-element-section wd-flex  wd-flex-row wd-align-items-center wd-width-100\" ><input type=\"text\"                           class=\"wd-width-100\"                           id=\"wdform_4_element1\"                           name=\"wdform_4_element1\"                           value=\"\"                           title=\"\"                           placeholder=\"\"                                                       \/><\/div><\/div><\/div><\/div><div class=\"wdform_column\"><div wdid=\"2\" class=\"wdform_row\"><div type=\"type_text\" class=\"wdform-field wd-width-100 wd-flex wd-flex-column\"><div class=\"wdform-label-section wd-width-100  wd-flex-row wd-align-items-center\">    <label  for=\"wdform_2_element1\" class=\"wdform-label\">Fullt navn \/ firmanavn<\/label><span class=\"wdform-required\">*<\/span><\/div><div class=\"wdform-element-section wd-flex  wd-flex-row wd-align-items-center wd-width-100\" ><input type=\"text\"                           class=\"wd-width-100\"                           id=\"wdform_2_element1\"                           name=\"wdform_2_element1\"                           value=\"\"                           title=\"\"                           placeholder=\"\"                                                       \/><\/div><\/div><\/div><\/div><div class=\"wdform_column\"><div wdid=\"3\" class=\"wdform_row\"><div type=\"type_submitter_mail\" class=\"wdform-field wd-width-100 wd-flex wd-flex-column\"><div class=\"wdform-label-section wd-width-100  wd-flex-row\">    <label  for=\"wdform_3_element1\" class=\"wdform-label\">E-post<\/label><span class=\"wdform-required\">*<\/span><\/div><div class=\"wdform-element-section wd-flex  wd-flex-row wd-width-100\" ><input type=\"text\" class=\"wd-width-100\" id=\"wdform_3_element1\" name=\"wdform_3_element1\" value=\"\" title=\"\" placeholder=\"\"   onchange=\"wd_check_email('3', '1', 'This is not a valid email address.')\" \/><\/div><\/div><\/div><\/div><div class=\"wdform_column\"><div wdid=\"5\" class=\"wdform_row\"><div type=\"type_textarea\" class=\"wdform-field wd-width-100 wd-flex wd-flex-column\"><div class=\"wdform-label-section wd-width-100\">    <label  for=\"wdform_5_element1\" class=\"wdform-label\">Melding<\/label><span class=\"wdform-required\">*<\/span><\/div><div class=\"wdform-element-section wd-flex  wd-width-100\" ><textarea class=\"wd-width-100\"                      id=\"wdform_5_element1\"                      name=\"wdform_5_element1\"                      placeholder=\"\"                      style=\"height: 100px;\"                      ><\/textarea><\/div><\/div><\/div><\/div><div class=\"wdform_column\"><div wdid=\"6\" class=\"wdform_row\"><div type=\"type_recaptcha\" class=\"wdform-field wd-width-100 wd-flex wd-flex-row\"><div class=\"wdform-label-section wd-width-30 wd-flex-row wd-hidden\">    <label  class=\"wdform-label\">reCAPTCHA<\/label><\/div><div class=\"wdform-element-section wd-flex wd-flex-row wd-width-100\" ><div id=\"recaptcha16\" class=\"g-recaptcha\" data-sitekey=\"6Lc71AwmAAAAAI8-N3NB13z9YCYzc4F4OjGsvXXD\" data-form_id=\"1\" data-badge=\"bottomright\"><\/div><\/div><\/div><\/div><\/div><div class=\"wdform_column\"><div wdid=\"1\" class=\"wdform_row\"><div type=\"type_submit_reset\" class=\"wdform-field wd-width-100 wd-flex wd-flex-column\"><div class=\"wdform-element-section wd-flex  wd-flex-row wd-justify-content-left wd-width-100\" ><button  type=\"button\" class=\"button-submit\" onclick=\"fm_submit_form('1');\"  data-ajax=\"0\"><span class=\"fm-submit-loading spinner fm-ico-spinner\"><\/span>Send inn<\/button><button  type=\"button\" class=\"button-reset wd-hidden\" onclick=\"fm_reset_form(1);\" >Tilbakestilling<\/button><\/div><\/div><\/div><\/div><\/div><div valign=\"top\" class=\"wdform_footer wd-width-100\"><div class=\"wd-width-100\"><div class=\"wd-width-100 wd-table\" style=\"padding-top:10px;\"><div class=\"wd-table-group\"><div id=\"1page_nav1\" class=\"wd-table-row\"><\/div><\/div><\/div><\/div><\/div><\/div><\/div><div class=\"wdform_preload\"><\/div><input type=\"hidden\" name=\"trp-form-language\" value=\"nb\"\/><\/form><\/div>","protected":false},"excerpt":{"rendered":"","protected":false},"author":1,"featured_media":0,"parent":0,"menu_order":0,"comment_status":"closed","ping_status":"closed","template":"","meta":{"_acf_changed":false,"footnotes":""},"class_list":["post-280","page","type-page","status-publish","hentry"],"acf":[],"yoast_head":"<!-- This site is optimized with the Yoast SEO plugin v26.7 - https:\/\/yoast.com\/wordpress\/plugins\/seo\/ -->\n<title>Contact Information - Zeppelin Crash Game<\/title>\n<meta name=\"robots\" content=\"index, follow, max-snippet:-1, max-image-preview:large, max-video-preview:-1\" \/>\n<link rel=\"canonical\" href=\"https:\/\/zeppelin-game.com\/nb\/contact-us\/\" \/>\n<meta property=\"og:locale\" content=\"nb_NO\" \/>\n<meta property=\"og:type\" content=\"article\" \/>\n<meta property=\"og:title\" content=\"Contact Information - Zeppelin Crash Game\" \/>\n<meta property=\"og:url\" content=\"https:\/\/zeppelin-game.com\/nb\/contact-us\/\" \/>\n<meta property=\"og:site_name\" content=\"Zeppelin Crash Game\" \/>\n<meta property=\"article:modified_time\" content=\"2023-05-15T01:20:33+00:00\" \/>\n<meta name=\"twitter:card\" content=\"summary_large_image\" \/>\n<meta name=\"twitter:label1\" content=\"Ansl. lesetid\" \/>\n\t<meta name=\"twitter:data1\" content=\"1 minutt\" \/>\n<!-- \/ Yoast SEO plugin. -->","yoast_head_json":{"title":"Contact Information - Zeppelin Crash Game","robots":{"index":"index","follow":"follow","max-snippet":"max-snippet:-1","max-image-preview":"max-image-preview:large","max-video-preview":"max-video-preview:-1"},"canonical":"https:\/\/zeppelin-game.com\/nb\/contact-us\/","og_locale":"nb_NO","og_type":"article","og_title":"Contact Information - Zeppelin Crash Game","og_url":"https:\/\/zeppelin-game.com\/nb\/contact-us\/","og_site_name":"Zeppelin Crash Game","article_modified_time":"2023-05-15T01:20:33+00:00","twitter_card":"summary_large_image","twitter_misc":{"Ansl. lesetid":"1 minutt"},"schema":{"@context":"https:\/\/schema.org","@graph":[{"@type":"WebPage","@id":"https:\/\/zeppelin-game.com\/contact-us\/","url":"https:\/\/zeppelin-game.com\/contact-us\/","name":"Contact Information - Zeppelin Crash Game","isPartOf":{"@id":"https:\/\/zeppelin-game.com\/#website"},"datePublished":"2023-05-15T01:20:14+00:00","dateModified":"2023-05-15T01:20:33+00:00","breadcrumb":{"@id":"https:\/\/zeppelin-game.com\/contact-us\/#breadcrumb"},"inLanguage":"nb-NO","potentialAction":[{"@type":"ReadAction","target":["https:\/\/zeppelin-game.com\/contact-us\/"]}]},{"@type":"BreadcrumbList","@id":"https:\/\/zeppelin-game.com\/contact-us\/#breadcrumb","itemListElement":[{"@type":"ListItem","position":1,"name":"Home","item":"https:\/\/zeppelin-game.com\/"},{"@type":"ListItem","position":2,"name":"Contact Information"}]},{"@type":"WebSite","@id":"https:\/\/zeppelin-game.com\/#website","url":"https:\/\/zeppelin-game.com\/","name":"Zeppelin Crash Game","description":"","publisher":{"@id":"https:\/\/zeppelin-game.com\/#organization"},"potentialAction":[{"@type":"SearchAction","target":{"@type":"EntryPoint","urlTemplate":"https:\/\/zeppelin-game.com\/?s={search_term_string}"},"query-input":{"@type":"PropertyValueSpecification","valueRequired":true,"valueName":"search_term_string"}}],"inLanguage":"nb-NO"},{"@type":"Organization","@id":"https:\/\/zeppelin-game.com\/#organization","name":"Zeppelin Crash Game","url":"https:\/\/zeppelin-game.com\/","logo":{"@type":"ImageObject","inLanguage":"nb-NO","@id":"https:\/\/zeppelin-game.com\/#\/schema\/logo\/image\/","url":"https:\/\/zeppelin-game.com\/wp-content\/uploads\/2022\/08\/cropped-Zeppelin-Casino-Game-1.jpg","contentUrl":"https:\/\/zeppelin-game.com\/wp-content\/uploads\/2022\/08\/cropped-Zeppelin-Casino-Game-1.jpg","width":584,"height":444,"caption":"Zeppelin Crash Game"},"image":{"@id":"https:\/\/zeppelin-game.com\/#\/schema\/logo\/image\/"}}]}},"_links":{"self":[{"href":"https:\/\/zeppelin-game.com\/nb\/wp-json\/wp\/v2\/pages\/280","targetHints":{"allow":["GET"]}}],"collection":[{"href":"https:\/\/zeppelin-game.com\/nb\/wp-json\/wp\/v2\/pages"}],"about":[{"href":"https:\/\/zeppelin-game.com\/nb\/wp-json\/wp\/v2\/types\/page"}],"author":[{"embeddable":true,"href":"https:\/\/zeppelin-game.com\/nb\/wp-json\/wp\/v2\/users\/1"}],"replies":[{"embeddable":true,"href":"https:\/\/zeppelin-game.com\/nb\/wp-json\/wp\/v2\/comments?post=280"}],"version-history":[{"count":0,"href":"https:\/\/zeppelin-game.com\/nb\/wp-json\/wp\/v2\/pages\/280\/revisions"}],"wp:attachment":[{"href":"https:\/\/zeppelin-game.com\/nb\/wp-json\/wp\/v2\/media?parent=280"}],"curies":[{"name":"wp","href":"https:\/\/api.w.org\/{rel}","templated":true}]}}