{"id":145,"date":"2026-01-04T10:54:29","date_gmt":"2026-01-04T10:54:29","guid":{"rendered":"http:\/\/zeppelin-game.com\/?page_id=145"},"modified":"2026-01-12T16:31:30","modified_gmt":"2026-01-12T16:31:30","slug":"zeppelin-game-download","status":"publish","type":"page","link":"https:\/\/zeppelin-game.com\/pl\/zeppelin-game-download\/","title":{"rendered":"Zeppelin Game Download"},"content":{"rendered":"<p>Mo\u017cesz pobra\u0107 pe\u0142n\u0105 wersj\u0119 gry Zeppelin z linku podanego poni\u017cej. Jest to bezpo\u015bredni link do pliku hostowanego na zewn\u0119trznej stronie internetowej. Cz\u0119sto podajemy link do oficjalnych \u017ar\u00f3de\u0142, gdy jest to mo\u017cliwe. Je\u015bli kto\u015b nielegalnie uzyska\u0142 Twoj\u0105 kopi\u0119 gry, to zdecydowanie sugerujemy przej\u015bcie przez kana\u0142y prawne, aby odzyska\u0107 gr\u0119 lub uzyska\u0107 odszkodowanie za jej utrat\u0119.<\/p>\n<p style=\"text-align: center;\"><a class=\"glow-button\" href=\"\/pl\/recommends\/play\/\">Zagraj w gr\u0119 Zeppelin<\/a><\/p>\n<div id=\"attachment_48\" style=\"width: 1024px\" class=\"wp-caption aligncenter\"><img decoding=\"async\" aria-describedby=\"caption-attachment-48\" class=\"size-full wp-image-48\" src=\"http:\/\/zeppelin-game.com\/wp-content\/uploads\/2022\/08\/zeppelin-crash.jpg\" alt=\"Zeppelin Gra\" width=\"1024\" height=\"548\" srcset=\"https:\/\/zeppelin-game.com\/wp-content\/uploads\/2022\/08\/zeppelin-crash.jpg 1024w, https:\/\/zeppelin-game.com\/wp-content\/uploads\/2022\/08\/zeppelin-crash-300x161.jpg 300w, https:\/\/zeppelin-game.com\/wp-content\/uploads\/2022\/08\/zeppelin-crash-768x411.jpg 768w, https:\/\/zeppelin-game.com\/wp-content\/uploads\/2022\/08\/zeppelin-crash-75x40.jpg 75w, https:\/\/zeppelin-game.com\/wp-content\/uploads\/2022\/08\/zeppelin-crash-60x32.jpg 60w, https:\/\/zeppelin-game.com\/wp-content\/uploads\/2022\/08\/zeppelin-crash-149x80.jpg 149w, https:\/\/zeppelin-game.com\/wp-content\/uploads\/2022\/08\/zeppelin-crash-252x135.jpg 252w\" sizes=\"(max-width: 1024px) 100vw, 1024px\" \/><p id=\"caption-attachment-48\" class=\"wp-caption-text\">Zeppelin Gra<\/p><\/div>\n<p>Zeppelin jest niepodobna do \u017cadnej innej klasycznej gry, jak\u0105 kiedykolwiek widzia\u0142e\u015b, z funkcjami takimi jak czat, statystyki w czasie rzeczywistym i nowa, \u015bwie\u017ca rozgrywka. W grze nie ma b\u0119bn\u00f3w, rz\u0119d\u00f3w, linii wyp\u0142at ani symboli. Zamiast tego wszystko, co musisz zrobi\u0107, to obserwowa\u0107 sterowiec, kt\u00f3ry przelatuje przez ekran i spr\u00f3bowa\u0107 zgarn\u0105\u0107 jackpota, zanim eksploduje!<\/p>\n<p>Na stronie <a href=\"\/pl\/\">gra Zeppelin<\/a>, stworzony przez Betsolutions, jest podobny do Aviatora w tym, \u017ce oba maj\u0105 stale rosn\u0105c\u0105 popularno\u015b\u0107. Zeppelin to wieloosobowa gra online, w kt\u00f3rej u\u017cytkownicy mog\u0105 lata\u0107 samolotem w spos\u00f3b dynamiczny i przyjazny dla u\u017cytkownika, a jednocze\u015bnie bardzo dochodowy.<\/p>\n<p>Mo\u017cesz bra\u0107 udzia\u0142 w setkach gier innych os\u00f3b, po prostu loguj\u0105c si\u0119 na stronie - nie ma \u017cadnych ogranicze\u0144 co do liczby graczy. Ca\u0142e do\u015bwiadczenie b\u0119dzie zupe\u0142nie nowe dzi\u0119ki plikom cookie wykorzystywanym przez stron\u0119.<\/p>\n<h2>Jak pobra\u0107 gr\u0119 Zeppelin?<\/h2>\n<ul>\n<li>Odwied\u017a stron\u0119 do pobrania klikaj\u0105c na poni\u017cszy przycisk.<\/li>\n<li>Po zainstalowaniu Zeppelin na komputerze, kliknij dwukrotnie ikon\u0119, aby uruchomi\u0107 gr\u0119.<\/li>\n<li>Zaloguj si\u0119 za pomoc\u0105 swojej nazwy u\u017cytkownika i has\u0142a, a nast\u0119pnie zacznij gra\u0107!<\/li>\n<li>Kiedy b\u0119dziesz gotowy do wyp\u0142aty, kliknij na przycisk \"wyp\u0142ata\" znajduj\u0105cy si\u0119 w prawym g\u00f3rnym rogu ekranu.<\/li>\n<li>Wprowad\u017a informacje o swoim koncie i wybierz metod\u0119 wyp\u0142aty.<\/li>\n<li>Kliknij na przycisk \" wy\u015blij\" i czekaj a\u017c \u015brodki pojawi\u0105 si\u0119 na Twoim koncie!<\/li>\n<\/ul>\n<p><a href=\"https:\/\/zeppelin-game.com\/pl\/recommends\/play\/\"><img decoding=\"async\" class=\"aligncenter wp-image-148 size-full\" src=\"http:\/\/zeppelin-game.com\/wp-content\/uploads\/2022\/08\/pasted-image-0.png\" alt=\"Pobierz i graj\" width=\"858\" height=\"130\" srcset=\"https:\/\/zeppelin-game.com\/wp-content\/uploads\/2022\/08\/pasted-image-0.png 858w, https:\/\/zeppelin-game.com\/wp-content\/uploads\/2022\/08\/pasted-image-0-300x45.png 300w, https:\/\/zeppelin-game.com\/wp-content\/uploads\/2022\/08\/pasted-image-0-768x116.png 768w, https:\/\/zeppelin-game.com\/wp-content\/uploads\/2022\/08\/pasted-image-0-264x40.png 264w, https:\/\/zeppelin-game.com\/wp-content\/uploads\/2022\/08\/pasted-image-0-211x32.png 211w, https:\/\/zeppelin-game.com\/wp-content\/uploads\/2022\/08\/pasted-image-0-528x80.png 528w\" sizes=\"(max-width: 858px) 100vw, 858px\" \/><\/a><\/p>\n<h2>Gdzie mog\u0119 znale\u017a\u0107 Zeppelin Apk?<\/h2>\n<ul>\n<li>Zeppelin APK jest dost\u0119pny na naszej stronie. Mo\u017cecie go pobra\u0107 klikaj\u0105c w poni\u017cszy przycisk.<\/li>\n<li>Po pobraniu Zeppelin APK, otw\u00f3rz go i zainstaluj gr\u0119 na swoim urz\u0105dzeniu z systemem Android.<\/li>\n<li>Zaloguj si\u0119 za pomoc\u0105 swojej nazwy u\u017cytkownika i has\u0142a, a nast\u0119pnie zacznij gra\u0107!<\/li>\n<\/ul>\n<p style=\"text-align: center;\"><a class=\"glow-button\" href=\"\/pl\/recommends\/play\/\">Zacznij gra\u0107 w gr\u0119 Zeppelin<\/a><\/p>\n<h2>Jak zainstalowa\u0107 gr\u0119 Zeppelin?<\/h2>\n<p>Instalacja Zeppelin to bardzo prosty proces. Wystarczy wykona\u0107 poni\u017csze kroki, a b\u0119dziesz gra\u0142 w mgnieniu oka!<\/p>\n<ul>\n<li>Zeppelin Game Download klikaj\u0105c w poni\u017cszy przycisk.<\/li>\n<li>Po zako\u0144czeniu pobierania otw\u00f3rz plik i uruchom instalator.<\/li>\n<li>Post\u0119puj zgodnie z monitami, aby zainstalowa\u0107 gr\u0119 na swoim komputerze.<\/li>\n<li>Uruchom Zeppelin, klikaj\u0105c dwukrotnie jego ikon\u0119 na pulpicie.<\/li>\n<li>Zaloguj si\u0119 za pomoc\u0105 swojej nazwy u\u017cytkownika i has\u0142a, a nast\u0119pnie zacznij gra\u0107!<\/li>\n<\/ul>\n<h2>Wniosek<\/h2>\n<p>Zeppelin jest naprawd\u0119 wyj\u0105tkow\u0105 i innowacyjn\u0105 gr\u0105, kt\u00f3ra nie jest podobna do niczego, w co kiedykolwiek gra\u0142e\u015b. Dzi\u0119ki \u015bwie\u017cej rozgrywce, statystykom w czasie rzeczywistym i funkcji czatu, Zeppelin z pewno\u015bci\u0105 stanie si\u0119 jedn\u0105 z Twoich nowych ulubionych gier!<\/p>\n<h2>FAQ's<\/h2>\n        <section class=\"sc_fs_faq sc_card\">\n            <div>\n\t\t\t\t<h3>Jak mog\u0119 pobra\u0107 gr\u0119 Zeppelin?<\/h3>                <div>\n\t\t\t\t\t                    <p>\n\t\t\t\t\t\tAby pobra\u0107 Zeppelin, odwied\u017a oficjaln\u0105 stron\u0119 pobierania i kliknij wyznaczony przycisk pobierania. Po pobraniu mo\u017cna rozpocz\u0105\u0107 proces instalacji.                    <\/p>\n                <\/div>\n            <\/div>\n        <\/section>\n\t\t        <section class=\"sc_fs_faq sc_card\">\n            <div>\n\t\t\t\t<h3>Czy istnieje mobilna wersja gry Zeppelin?<\/h3>                <div>\n\t\t\t\t\t                    <p>\n\t\t\t\t\t\tTak, Zeppelin oferuje wersj\u0119 APK na urz\u0105dzenia z Androidem. Mo\u017cesz j\u0105 pobra\u0107 z naszej platformy i cieszy\u0107 si\u0119 gr\u0105 w podr\u00f3\u017cy.                    <\/p>\n                <\/div>\n            <\/div>\n        <\/section>\n\t\t        <section class=\"sc_fs_faq sc_card\">\n            <div>\n\t\t\t\t<h3>Jak zainstalowa\u0107 Zeppelin na moim urz\u0105dzeniu?<\/h3>                <div>\n\t\t\t\t\t                    <p>\n\t\t\t\t\t\tPo pobraniu gry otw\u00f3rz plik i post\u0119puj zgodnie z instrukcjami wy\u015bwietlanymi na ekranie, aby zainstalowa\u0107. Po zainstalowaniu mo\u017cesz uruchomi\u0107 gr\u0119, zalogowa\u0107 si\u0119 i rozpocz\u0105\u0107 zabaw\u0119.                    <\/p>\n                <\/div>\n            <\/div>\n        <\/section>\n\t\t        <section class=\"sc_fs_faq sc_card\">\n            <div>\n\t\t\t\t<h3>Czy gra Zeppelin jest bezpieczna?<\/h3>                <div>\n\t\t\t\t\t                    <p>\n\t\t\t\t\t\tTak, Zeppelin zosta\u0142 opracowany przez Betsolutions, renomowan\u0105 firm\u0119 zajmuj\u0105c\u0105 si\u0119 grami. Wa\u017cne jest, aby pobra\u0107 gr\u0119 z oficjalnych lub zaufanych \u017ar\u00f3de\u0142, aby zapewni\u0107 bezpiecze\u0144stwo i unikn\u0105\u0107 fa\u0142szywych wersji.                    <\/p>\n                <\/div>\n            <\/div>\n        <\/section>\n\t\t        <section class=\"sc_fs_faq sc_card\">\n            <div>\n\t\t\t\t<h3>Czy s\u0105 jakie\u015b koszty zwi\u0105zane z pobieraniem lub graniem w Zeppelin?<\/h3>                <div>\n\t\t\t\t\t                    <p>\n\t\t\t\t\t\tSzczeg\u00f3\u0142y dotycz\u0105ce wszelkich koszt\u00f3w lub zakup\u00f3w w grze s\u0105 zazwyczaj dost\u0119pne na oficjalnej stronie internetowej lub stronie pobierania. Zawsze zaleca si\u0119 sprawdzenie tam najdok\u0142adniejszych informacji.                     <\/p>\n                <\/div>\n            <\/div>\n        <\/section>\n\t\t\n<script type=\"application\/ld+json\">{\n    \"@context\": \"https:\\\/\\\/schema.org\",\n    \"@type\": \"FAQPage\",\n    \"mainEntity\": [\n        {\n            \"@type\": \"Question\",\n            \"name\": \"How do I download the Zeppelin Game?\",\n            \"acceptedAnswer\": {\n                \"@type\": \"Answer\",\n                \"text\": \"To download Zeppelin, visit the official download page and click on the designated download button. Once downloaded, you can initiate the installation process.\"\n            }\n        },\n        {\n            \"@type\": \"Question\",\n            \"name\": \"Is there a mobile version of the Zeppelin Game?\",\n            \"acceptedAnswer\": {\n                \"@type\": \"Answer\",\n                \"text\": \"Yes, Zeppelin offers an APK version for Android devices. You can download it from our platform and enjoy the game on the go.\"\n            }\n        },\n        {\n            \"@type\": \"Question\",\n            \"name\": \"How do I install Zeppelin on my device?\",\n            \"acceptedAnswer\": {\n                \"@type\": \"Answer\",\n                \"text\": \"After downloading the game, open the file and follow the on-screen prompts to install. Once installed, you can launch the game, sign in, and start playing.\"\n            }\n        },\n        {\n            \"@type\": \"Question\",\n            \"name\": \"Is the Zeppelin Game safe to play?\",\n            \"acceptedAnswer\": {\n                \"@type\": \"Answer\",\n                \"text\": \"Yes, Zeppelin is developed by Betsolutions, a reputable gaming company. It's essential to download the game from official or trusted sources to ensure safety and avoid counterfeit versions.\"\n            }\n        },\n        {\n            \"@type\": \"Question\",\n            \"name\": \"Are there any costs associated with downloading or playing Zeppelin?\",\n            \"acceptedAnswer\": {\n                \"@type\": \"Answer\",\n                \"text\": \"Details regarding any costs or in-game purchases would typically be available on the official website or download page. It's always advisable to check there for the most accurate information.\"\n            }\n        }\n    ]\n}<\/script>","protected":false},"excerpt":{"rendered":"<p>Mo\u017cesz pobra\u0107 pe\u0142n\u0105 wersj\u0119 gry Zeppelin z linku podanego poni\u017cej. Jest to bezpo\u015bredni link do pliku hostowanego na zewn\u0119trznej stronie internetowej. Cz\u0119sto podajemy link do oficjalnych \u017ar\u00f3de\u0142, gdy jest to mo\u017cliwe. Je\u015bli kto\u015b nielegalnie uzyska\u0142 Twoj\u0105 kopi\u0119 gry, to zdecydowanie sugerujemy przej\u015bcie przez legalne [...]<\/p>","protected":false},"author":1,"featured_media":0,"parent":0,"menu_order":0,"comment_status":"closed","ping_status":"closed","template":"page-full-width.php","meta":{"_acf_changed":false,"footnotes":""},"class_list":["post-145","page","type-page","status-publish","hentry"],"acf":[],"yoast_head":"<!-- This site is optimized with the Yoast SEO plugin v26.7 - https:\/\/yoast.com\/wordpress\/plugins\/seo\/ -->\n<title>Zeppelin Game Download - How to Download Zeppelin Casino Game 2026<\/title>\n<meta name=\"description\" content=\"Play Zeppelin Game from your PC, smartphone or tablet. How to Zeppelin Game Download and install in 2026. Where you can find Zeppelin Game apk for download.\" \/>\n<meta name=\"robots\" content=\"index, follow, max-snippet:-1, max-image-preview:large, max-video-preview:-1\" \/>\n<link rel=\"canonical\" href=\"https:\/\/zeppelin-game.com\/pl\/zeppelin-game-download\/\" \/>\n<meta property=\"og:locale\" content=\"pl_PL\" \/>\n<meta property=\"og:type\" content=\"article\" \/>\n<meta property=\"og:title\" content=\"Zeppelin Game Download - How to Download Zeppelin Casino Game 2026\" \/>\n<meta property=\"og:description\" content=\"Play Zeppelin Game from your PC, smartphone or tablet. How to Zeppelin Game Download and install in 2026. Where you can find Zeppelin Game apk for download.\" \/>\n<meta property=\"og:url\" content=\"https:\/\/zeppelin-game.com\/pl\/zeppelin-game-download\/\" \/>\n<meta property=\"og:site_name\" content=\"Zeppelin Crash Game\" \/>\n<meta property=\"article:modified_time\" content=\"2026-01-12T16:31:30+00:00\" \/>\n<meta property=\"og:image\" content=\"http:\/\/zeppelin-game.com\/wp-content\/uploads\/2022\/08\/zeppelin-crash.jpg\" \/>\n<meta name=\"twitter:card\" content=\"summary_large_image\" \/>\n<meta name=\"twitter:label1\" content=\"Szacowany czas czytania\" \/>\n\t<meta name=\"twitter:data1\" content=\"4 minuty\" \/>\n<!-- \/ Yoast SEO plugin. -->","yoast_head_json":{"title":"Zeppelin Game Download - How to Download Zeppelin Casino Game 2026","description":"Play Zeppelin Game from your PC, smartphone or tablet. How to Zeppelin Game Download and install in 2026. Where you can find Zeppelin Game apk for download.","robots":{"index":"index","follow":"follow","max-snippet":"max-snippet:-1","max-image-preview":"max-image-preview:large","max-video-preview":"max-video-preview:-1"},"canonical":"https:\/\/zeppelin-game.com\/pl\/zeppelin-game-download\/","og_locale":"pl_PL","og_type":"article","og_title":"Zeppelin Game Download - How to Download Zeppelin Casino Game 2026","og_description":"Play Zeppelin Game from your PC, smartphone or tablet. How to Zeppelin Game Download and install in 2026. Where you can find Zeppelin Game apk for download.","og_url":"https:\/\/zeppelin-game.com\/pl\/zeppelin-game-download\/","og_site_name":"Zeppelin Crash Game","article_modified_time":"2026-01-12T16:31:30+00:00","og_image":[{"url":"http:\/\/zeppelin-game.com\/wp-content\/uploads\/2022\/08\/zeppelin-crash.jpg","type":"","width":"","height":""}],"twitter_card":"summary_large_image","twitter_misc":{"Szacowany czas czytania":"4 minuty"},"schema":{"@context":"https:\/\/schema.org","@graph":[{"@type":"WebPage","@id":"https:\/\/zeppelin-game.com\/zeppelin-game-download\/","url":"https:\/\/zeppelin-game.com\/zeppelin-game-download\/","name":"Zeppelin Game Download - How to Download Zeppelin Casino Game 2026","isPartOf":{"@id":"https:\/\/zeppelin-game.com\/#website"},"primaryImageOfPage":{"@id":"https:\/\/zeppelin-game.com\/zeppelin-game-download\/#primaryimage"},"image":{"@id":"https:\/\/zeppelin-game.com\/zeppelin-game-download\/#primaryimage"},"thumbnailUrl":"http:\/\/zeppelin-game.com\/wp-content\/uploads\/2022\/08\/zeppelin-crash.jpg","datePublished":"2026-01-04T10:54:29+00:00","dateModified":"2026-01-12T16:31:30+00:00","description":"Play Zeppelin Game from your PC, smartphone or tablet. How to Zeppelin Game Download and install in 2026. Where you can find Zeppelin Game apk for download.","breadcrumb":{"@id":"https:\/\/zeppelin-game.com\/zeppelin-game-download\/#breadcrumb"},"inLanguage":"pl-PL","potentialAction":[{"@type":"ReadAction","target":["https:\/\/zeppelin-game.com\/zeppelin-game-download\/"]}]},{"@type":"ImageObject","inLanguage":"pl-PL","@id":"https:\/\/zeppelin-game.com\/zeppelin-game-download\/#primaryimage","url":"http:\/\/zeppelin-game.com\/wp-content\/uploads\/2022\/08\/zeppelin-crash.jpg","contentUrl":"http:\/\/zeppelin-game.com\/wp-content\/uploads\/2022\/08\/zeppelin-crash.jpg"},{"@type":"BreadcrumbList","@id":"https:\/\/zeppelin-game.com\/zeppelin-game-download\/#breadcrumb","itemListElement":[{"@type":"ListItem","position":1,"name":"Home","item":"https:\/\/zeppelin-game.com\/"},{"@type":"ListItem","position":2,"name":"Zeppelin Game Download"}]},{"@type":"WebSite","@id":"https:\/\/zeppelin-game.com\/#website","url":"https:\/\/zeppelin-game.com\/","name":"Zeppelin Crash Game","description":"","publisher":{"@id":"https:\/\/zeppelin-game.com\/#organization"},"potentialAction":[{"@type":"SearchAction","target":{"@type":"EntryPoint","urlTemplate":"https:\/\/zeppelin-game.com\/?s={search_term_string}"},"query-input":{"@type":"PropertyValueSpecification","valueRequired":true,"valueName":"search_term_string"}}],"inLanguage":"pl-PL"},{"@type":"Organization","@id":"https:\/\/zeppelin-game.com\/#organization","name":"Zeppelin Crash Game","url":"https:\/\/zeppelin-game.com\/","logo":{"@type":"ImageObject","inLanguage":"pl-PL","@id":"https:\/\/zeppelin-game.com\/#\/schema\/logo\/image\/","url":"https:\/\/zeppelin-game.com\/wp-content\/uploads\/2022\/08\/cropped-Zeppelin-Casino-Game-1.jpg","contentUrl":"https:\/\/zeppelin-game.com\/wp-content\/uploads\/2022\/08\/cropped-Zeppelin-Casino-Game-1.jpg","width":584,"height":444,"caption":"Zeppelin Crash Game"},"image":{"@id":"https:\/\/zeppelin-game.com\/#\/schema\/logo\/image\/"}}]}},"_links":{"self":[{"href":"https:\/\/zeppelin-game.com\/pl\/wp-json\/wp\/v2\/pages\/145","targetHints":{"allow":["GET"]}}],"collection":[{"href":"https:\/\/zeppelin-game.com\/pl\/wp-json\/wp\/v2\/pages"}],"about":[{"href":"https:\/\/zeppelin-game.com\/pl\/wp-json\/wp\/v2\/types\/page"}],"author":[{"embeddable":true,"href":"https:\/\/zeppelin-game.com\/pl\/wp-json\/wp\/v2\/users\/1"}],"replies":[{"embeddable":true,"href":"https:\/\/zeppelin-game.com\/pl\/wp-json\/wp\/v2\/comments?post=145"}],"version-history":[{"count":1,"href":"https:\/\/zeppelin-game.com\/pl\/wp-json\/wp\/v2\/pages\/145\/revisions"}],"predecessor-version":[{"id":384,"href":"https:\/\/zeppelin-game.com\/pl\/wp-json\/wp\/v2\/pages\/145\/revisions\/384"}],"wp:attachment":[{"href":"https:\/\/zeppelin-game.com\/pl\/wp-json\/wp\/v2\/media?parent=145"}],"curies":[{"name":"wp","href":"https:\/\/api.w.org\/{rel}","templated":true}]}}