{"id":46,"date":"2026-01-04T12:13:13","date_gmt":"2026-01-04T12:13:13","guid":{"rendered":"http:\/\/zeppelin-game.com\/?page_id=46"},"modified":"2026-01-12T16:28:39","modified_gmt":"2026-01-12T16:28:39","slug":"how-to-win","status":"publish","type":"page","link":"https:\/\/zeppelin-game.com\/pl\/how-to-win\/","title":{"rendered":"Zeppelin Strategia gier: Jak wygra\u0107"},"content":{"rendered":"<p>Podczas gry <a href=\"\/pl\/\">Zeppelin<\/a>Najwa\u017cniejsz\u0105 rzecz\u0105, o kt\u00f3rej nale\u017cy pami\u0119ta\u0107 jest to, \u017ce dom zawsze ma przewag\u0119. Istniej\u0105 jednak sposoby, aby zminimalizowa\u0107 t\u0119 przewag\u0119 i da\u0107 sobie wi\u0119ksze szanse na wygran\u0105.<\/p>\n<p style=\"text-align: center;\"><a class=\"glow-button\" href=\"\/pl\/recommends\/play\/\">Zagraj w gr\u0119 Zeppelin<\/a><\/p>\n<div id=\"attachment_48\" style=\"width: 924px\" class=\"wp-caption aligncenter\"><img decoding=\"async\" aria-describedby=\"caption-attachment-48\" class=\"wp-image-48\" title=\"Zeppelin Gra\" src=\"http:\/\/zeppelin-game.com\/wp-content\/uploads\/2022\/08\/zeppelin-crash.jpg\" alt=\"Zeppelin Gra\" width=\"924\" height=\"494\" srcset=\"https:\/\/zeppelin-game.com\/wp-content\/uploads\/2022\/08\/zeppelin-crash.jpg 1024w, https:\/\/zeppelin-game.com\/wp-content\/uploads\/2022\/08\/zeppelin-crash-300x161.jpg 300w, https:\/\/zeppelin-game.com\/wp-content\/uploads\/2022\/08\/zeppelin-crash-768x411.jpg 768w, https:\/\/zeppelin-game.com\/wp-content\/uploads\/2022\/08\/zeppelin-crash-75x40.jpg 75w, https:\/\/zeppelin-game.com\/wp-content\/uploads\/2022\/08\/zeppelin-crash-60x32.jpg 60w, https:\/\/zeppelin-game.com\/wp-content\/uploads\/2022\/08\/zeppelin-crash-149x80.jpg 149w, https:\/\/zeppelin-game.com\/wp-content\/uploads\/2022\/08\/zeppelin-crash-252x135.jpg 252w\" sizes=\"(max-width: 924px) 100vw, 924px\" \/><p id=\"caption-attachment-48\" class=\"wp-caption-text\">Zeppelin Gra<\/p><\/div>\n<p>Jednym ze sposob\u00f3w, aby to zrobi\u0107 jest u\u017cycie systemu zak\u0142ad\u00f3w. Istnieje wiele r\u00f3\u017cnych system\u00f3w zak\u0142ad\u00f3w tam, ale jednym z najprostszych i najbardziej skutecznych jest system Martingale. Z tego systemu, po prostu podwoi\u0107 sw\u00f3j zak\u0142ad po ka\u017cdej stracie. W ten spos\u00f3b, gdy w ko\u0144cu wygra\u0107, b\u0119dzie odzyska\u0107 wszystkie swoje poprzednie straty i ko\u0144czy si\u0119 z zyskiem. Oczywi\u015bcie, \u017caden system zak\u0142ad\u00f3w nie mo\u017ce zagwarantowa\u0107 wygranych, a system Martingale nie jest wyj\u0105tkiem. Jednym z niebezpiecze\u0144stw tego systemu jest to, \u017ce mo\u017cna szybko osi\u0105gn\u0105\u0107 limit sto\u0142u, je\u015bli masz pass\u0119 pecha.<\/p>\n<p>Kolejn\u0105 wa\u017cn\u0105 rzecz\u0105 do zapami\u0119tania jest to, \u017ce Zeppelin jest gr\u0105 losow\u0105. Oznacza to, \u017ce nie ma pewnej drogi do wygranej. Najlepsze, co mo\u017cesz zrobi\u0107, to spr\u00f3bowa\u0107 zminimalizowa\u0107 house edge i mie\u0107 nadziej\u0119 na najlepsze.<\/p>\n<h2>Jak wygra\u0107 gr\u0119 Zeppelin za pomoc\u0105 system\u00f3w bukmacherskich?<\/h2>\n<p>Jak ju\u017c wspomnieli\u015bmy, w grach kasynowych dom zawsze ma przewag\u0119. Nie oznacza to jednak, \u017ce nie mo\u017cna wygra\u0107. Istniej\u0105 sposoby, aby da\u0107 sobie wi\u0119ksze szanse na wygran\u0105, a jednym z nich jest korzystanie z system\u00f3w zak\u0142ad\u00f3w.<\/p>\n<p>System Martingale jest jednym z najbardziej popularnych i najprostszych system\u00f3w zak\u0142ad\u00f3w tam. Z tego systemu, po prostu podwoi\u0107 sw\u00f3j zak\u0142ad po ka\u017cdej stracie. W ten spos\u00f3b, gdy w ko\u0144cu wygra\u0107, b\u0119dzie odzyska\u0107 wszystkie swoje poprzednie straty i ko\u0144czy si\u0119 z zyskiem. Oczywi\u015bcie, \u017caden system zak\u0142ad\u00f3w nie mo\u017ce zagwarantowa\u0107 wygranych, a system Martingale nie jest wyj\u0105tkiem. Jednym z niebezpiecze\u0144stw tego systemu jest to, \u017ce mo\u017cna szybko osi\u0105gn\u0105\u0107 limit sto\u0142u, je\u015bli masz pass\u0119 pecha.<\/p>\n<p>Innym popularnym systemem zak\u0142ad\u00f3w jest system Fibonacciego. Ten system jest podobny do systemu Martingale, ale zamiast podwoi\u0107 sw\u00f3j zak\u0142ad po stracie, zwi\u0119kszasz go o kolejn\u0105 liczb\u0119 w sekwencji Fibonacciego. Tak wi\u0119c, je\u015bli przegrasz sw\u00f3j pierwszy zak\u0142ad, tw\u00f3j nast\u0119pny zak\u0142ad b\u0119dzie 1 + 1 = 2. Je\u015bli przegrasz ponownie, tw\u00f3j nast\u0119pny zak\u0142ad b\u0119dzie 1 + 2 = 3, i tak dalej.<\/p>\n<p>Zalet\u0105 tego systemu jest to, \u017ce twoje zak\u0142ady nigdy nie b\u0119d\u0105 zbyt wysokie. Jednak minusem jest to, \u017ce mo\u017ce to zaj\u0105\u0107 du\u017co czasu, aby odzyska\u0107 swoje straty, je\u015bli masz pass\u0119 pecha. Bez wzgl\u0119du na to, kt\u00f3ry system zak\u0142ad\u00f3w u\u017cywasz, pami\u0119taj, \u017ce dom zawsze ma przewag\u0119. Najlepsze co mo\u017cesz zrobi\u0107, to spr\u00f3bowa\u0107 zminimalizowa\u0107 t\u0119 przewag\u0119 i mie\u0107 nadziej\u0119 na najlepsze.<\/p>\n<p>Je\u015bli zastosujesz si\u0119 do tych wskaz\u00f3wek, powiniene\u015b by\u0107 w stanie mie\u0107 du\u017co zabawy graj\u0105c w Zeppelin, a mo\u017ce nawet wyj\u015b\u0107 na plus.<\/p>\n<div id=\"attachment_49\" style=\"width: 742px\" class=\"wp-caption aligncenter\"><img decoding=\"async\" aria-describedby=\"caption-attachment-49\" class=\"wp-image-49 size-full\" title=\"Zagraj w gr\u0119 kasynow\u0105 Zeppelin\" src=\"http:\/\/zeppelin-game.com\/wp-content\/uploads\/2022\/08\/zeppelin-play.jpg\" alt=\"Zagraj w gr\u0119 kasynow\u0105 Zeppelin\" width=\"742\" height=\"391\" srcset=\"https:\/\/zeppelin-game.com\/wp-content\/uploads\/2022\/08\/zeppelin-play.jpg 742w, https:\/\/zeppelin-game.com\/wp-content\/uploads\/2022\/08\/zeppelin-play-300x158.jpg 300w, https:\/\/zeppelin-game.com\/wp-content\/uploads\/2022\/08\/zeppelin-play-76x40.jpg 76w, https:\/\/zeppelin-game.com\/wp-content\/uploads\/2022\/08\/zeppelin-play-61x32.jpg 61w, https:\/\/zeppelin-game.com\/wp-content\/uploads\/2022\/08\/zeppelin-play-152x80.jpg 152w, https:\/\/zeppelin-game.com\/wp-content\/uploads\/2022\/08\/zeppelin-play-256x135.jpg 256w\" sizes=\"(max-width: 742px) 100vw, 742px\" \/><p id=\"caption-attachment-49\" class=\"wp-caption-text\">Zagraj w gr\u0119 kasynow\u0105 Zeppelin<\/p><\/div>\n<p style=\"text-align: center;\"><a class=\"glow-button\" href=\"\/pl\/recommends\/play\/\">Zagraj w gr\u0119 Zeppelin<\/a><\/p>\n<h2>Sztuczki do gry w grze Zeppelin Crash<\/h2>\n<ul>\n<li>Pierwsz\u0105 zasad\u0105 gry w Zeppelin jest poznanie gry i jej zasad na wylot. Jest to prosta gra, ale je\u015bli nie znasz zasad, b\u0119dziesz w niekorzystnej sytuacji.<\/li>\n<li>Kiedy ju\u017c znasz zasady, \u0107wicz je tak cz\u0119sto, jak tylko mo\u017cesz. Im wi\u0119cej b\u0119dziesz gra\u0142, tym lepszy staniesz si\u0119 w tej grze.<\/li>\n<li>Kolejn\u0105 wa\u017cn\u0105 wskaz\u00f3wk\u0105 jest m\u0105dre zarz\u0105dzanie pieni\u0119dzmi. Nie stawiaj wi\u0119cej ni\u017c mo\u017cesz sobie pozwoli\u0107 na strat\u0119 i zawsze odk\u0142adaj troch\u0119 pieni\u0119dzy na sytuacje awaryjne.<\/li>\n<li>Wa\u017cne jest r\u00f3wnie\u017c, aby zachowa\u0107 spok\u00f3j i zebra\u0107 podczas gry. Je\u015bli b\u0119dziesz zbyt zdenerwowany, b\u0119dziesz pope\u0142nia\u0107 b\u0142\u0119dy.<\/li>\n<li>Jedn\u0105 z najwa\u017cniejszych rzeczy do zapami\u0119tania jest to, \u017ce Zeppelin jest gr\u0105 losow\u0105. Nie ma pewnego sposobu na wygran\u0105. Najlepsze, co mo\u017cesz zrobi\u0107, to spr\u00f3bowa\u0107 zminimalizowa\u0107 house edge i mie\u0107 nadziej\u0119 na najlepsze.<\/li>\n<\/ul>\n<h2>Wniosek<\/h2>\n<p>Zeppelin to zabawna i ekscytuj\u0105ca gra. Wa\u017cne jest, aby pami\u0119ta\u0107, \u017ce dom zawsze ma przewag\u0119, ale istniej\u0105 sposoby, aby da\u0107 sobie wi\u0119ksze szanse na wygran\u0105.<\/p>\n<h2>FAQ<\/h2>\n        <section class=\"sc_fs_faq sc_card\">\n            <div>\n\t\t\t\t<h3>Jak wygra\u0107 Zeppelin?<\/h3>                <div>\n\t\t\t\t\t                    <p>\n\t\t\t\t\t\tNajlepszym sposobem na wygranie Zeppelin jest zastosowanie system\u00f3w zak\u0142ad\u00f3w. System Martingale jest jednym z najbardziej popularnych i najprostszych system\u00f3w zak\u0142ad\u00f3w tam. Z tego systemu, po prostu podwoi\u0107 sw\u00f3j zak\u0142ad po ka\u017cdej stracie. W ten spos\u00f3b, gdy w ko\u0144cu wygra\u0107, b\u0119dzie odzyska\u0107 wszystkie swoje poprzednie straty i ko\u0144czy si\u0119 z zyskiem.                    <\/p>\n                <\/div>\n            <\/div>\n        <\/section>\n\t\t        <section class=\"sc_fs_faq sc_card\">\n            <div>\n\t\t\t\t<h3>Czy Zeppelin to gra zr\u0119czno\u015bciowa czy losowa?<\/h3>                <div>\n\t\t\t\t\t                    <p>\n\t\t\t\t\t\tZeppelin jest gr\u0105 losow\u0105. Nie ma pewnego sposobu na wygran\u0105. Najlepsze, co mo\u017cesz zrobi\u0107, to spr\u00f3bowa\u0107 zminimalizowa\u0107 house edge i mie\u0107 nadziej\u0119 na najlepsze.                    <\/p>\n                <\/div>\n            <\/div>\n        <\/section>\n\t\t        <section class=\"sc_fs_faq sc_card\">\n            <div>\n\t\t\t\t<h3>Jakie s\u0105 wskaz\u00f3wki dotycz\u0105ce gry w Zeppelin?<\/h3>                <div>\n\t\t\t\t\t                    <p>\n\t\t\t\t\t\tNiekt\u00f3re wskaz\u00f3wki dotycz\u0105ce gry w Zeppelin obejmuj\u0105 m\u0105dre zarz\u0105dzanie pieni\u0119dzmi, zachowanie spokoju i opanowanie oraz \u0107wiczenie gry tak cz\u0119sto, jak to mo\u017cliwe.                    <\/p>\n                <\/div>\n            <\/div>\n        <\/section>\n\t\t        <section class=\"sc_fs_faq sc_card\">\n            <div>\n\t\t\t\t<h3>Jaki jest house edge w Zeppelin?<\/h3>                <div>\n\t\t\t\t\t                    <p>\n\t\t\t\t\t\tHouse edge w Zeppelin to procent ka\u017cdego zak\u0142adu, kt\u00f3ry kasyno spodziewa si\u0119 zatrzyma\u0107 w d\u0142u\u017cszym okresie czasu. Im wy\u017cszy house edge, tym trudniej jest wygra\u0107.                    <\/p>\n                <\/div>\n            <\/div>\n        <\/section>\n\t\t\n<script type=\"application\/ld+json\">{\n    \"@context\": \"https:\\\/\\\/schema.org\",\n    \"@type\": \"FAQPage\",\n    \"mainEntity\": [\n        {\n            \"@type\": \"Question\",\n            \"name\": \"How do I win Zeppelin?\",\n            \"acceptedAnswer\": {\n                \"@type\": \"Answer\",\n                \"text\": \"The best way to win Zeppelin is by using betting systems. The Martingale system is one of the most popular and simplest betting systems out there. With this system, you simply double your bet after every loss. This way, when you eventually win, you will recoup all of your previous losses and end up with a profit.\"\n            }\n        },\n        {\n            \"@type\": \"Question\",\n            \"name\": \"Is Zeppelin a game of skill or chance?\",\n            \"acceptedAnswer\": {\n                \"@type\": \"Answer\",\n                \"text\": \"Zeppelin is a game of chance. There is no surefire way to win. The best you can do is to try to minimize the house edge and hope for the best.\"\n            }\n        },\n        {\n            \"@type\": \"Question\",\n            \"name\": \"What are some tips for playing Zeppelin?\",\n            \"acceptedAnswer\": {\n                \"@type\": \"Answer\",\n                \"text\": \"Some tips for playing Zeppelin include managing your money wisely, staying calm and collected, and practicing the game as often as you can.\"\n            }\n        },\n        {\n            \"@type\": \"Question\",\n            \"name\": \"What is the house edge in Zeppelin?\",\n            \"acceptedAnswer\": {\n                \"@type\": \"Answer\",\n                \"text\": \"The house edge in Zeppelin is the percentage of each bet that the casino expects to keep over the long run. The higher the house edge, the harder it is to win.\"\n            }\n        }\n    ]\n}<\/script>","protected":false},"excerpt":{"rendered":"<p>Graj\u0105c w Zeppelin, najwa\u017cniejsz\u0105 rzecz\u0105, o kt\u00f3rej nale\u017cy pami\u0119ta\u0107, jest to, \u017ce kasyno zawsze ma przewag\u0119. Istniej\u0105 jednak sposoby na zminimalizowanie tej przewagi i zapewnienie sobie wi\u0119kszej szansy na wygran\u0105. Graj w Zeppelin Jednym ze sposob\u00f3w na to jest u\u017cycie systemu obstawiania. Istnieje wiele r\u00f3\u017cnych system\u00f3w obstawiania [...]<\/p>","protected":false},"author":1,"featured_media":0,"parent":0,"menu_order":0,"comment_status":"closed","ping_status":"closed","template":"page-full-width.php","meta":{"_acf_changed":false,"footnotes":""},"class_list":["post-46","page","type-page","status-publish","hentry"],"acf":[],"yoast_head":"<!-- This site is optimized with the Yoast SEO plugin v26.7 - https:\/\/yoast.com\/wordpress\/plugins\/seo\/ -->\n<title>Zeppelin Games Strategy: How to Win 2026 - Zeppelin Crash Game<\/title>\n<meta name=\"description\" content=\"How to Win Zeppelin Game with Betting Systems? Tips and Tricks 2026 years for Zeppelin Crash Game. Strategies for winning in Zeppelin Casino Game.\" \/>\n<meta name=\"robots\" content=\"index, follow, max-snippet:-1, max-image-preview:large, max-video-preview:-1\" \/>\n<link rel=\"canonical\" href=\"https:\/\/zeppelin-game.com\/pl\/how-to-win\/\" \/>\n<meta property=\"og:locale\" content=\"pl_PL\" \/>\n<meta property=\"og:type\" content=\"article\" \/>\n<meta property=\"og:title\" content=\"Zeppelin Games Strategy: How to Win 2026 - Zeppelin Crash Game\" \/>\n<meta property=\"og:description\" content=\"How to Win Zeppelin Game with Betting Systems? Tips and Tricks 2026 years for Zeppelin Crash Game. Strategies for winning in Zeppelin Casino Game.\" \/>\n<meta property=\"og:url\" content=\"https:\/\/zeppelin-game.com\/pl\/how-to-win\/\" \/>\n<meta property=\"og:site_name\" content=\"Zeppelin Crash Game\" \/>\n<meta property=\"article:modified_time\" content=\"2026-01-12T16:28:39+00:00\" \/>\n<meta property=\"og:image\" content=\"http:\/\/zeppelin-game.com\/wp-content\/uploads\/2022\/08\/zeppelin-crash.jpg\" \/>\n<meta name=\"twitter:card\" content=\"summary_large_image\" \/>\n<meta name=\"twitter:label1\" content=\"Szacowany czas czytania\" \/>\n\t<meta name=\"twitter:data1\" content=\"5 minut\" \/>\n<!-- \/ Yoast SEO plugin. -->","yoast_head_json":{"title":"Zeppelin Games Strategy: How to Win 2026 - Zeppelin Crash Game","description":"How to Win Zeppelin Game with Betting Systems? Tips and Tricks 2026 years for Zeppelin Crash Game. Strategies for winning in Zeppelin Casino Game.","robots":{"index":"index","follow":"follow","max-snippet":"max-snippet:-1","max-image-preview":"max-image-preview:large","max-video-preview":"max-video-preview:-1"},"canonical":"https:\/\/zeppelin-game.com\/pl\/how-to-win\/","og_locale":"pl_PL","og_type":"article","og_title":"Zeppelin Games Strategy: How to Win 2026 - Zeppelin Crash Game","og_description":"How to Win Zeppelin Game with Betting Systems? Tips and Tricks 2026 years for Zeppelin Crash Game. Strategies for winning in Zeppelin Casino Game.","og_url":"https:\/\/zeppelin-game.com\/pl\/how-to-win\/","og_site_name":"Zeppelin Crash Game","article_modified_time":"2026-01-12T16:28:39+00:00","og_image":[{"url":"http:\/\/zeppelin-game.com\/wp-content\/uploads\/2022\/08\/zeppelin-crash.jpg","type":"","width":"","height":""}],"twitter_card":"summary_large_image","twitter_misc":{"Szacowany czas czytania":"5 minut"},"schema":{"@context":"https:\/\/schema.org","@graph":[{"@type":"WebPage","@id":"https:\/\/zeppelin-game.com\/how-to-win\/","url":"https:\/\/zeppelin-game.com\/how-to-win\/","name":"Zeppelin Games Strategy: How to Win 2026 - Zeppelin Crash Game","isPartOf":{"@id":"https:\/\/zeppelin-game.com\/#website"},"primaryImageOfPage":{"@id":"https:\/\/zeppelin-game.com\/how-to-win\/#primaryimage"},"image":{"@id":"https:\/\/zeppelin-game.com\/how-to-win\/#primaryimage"},"thumbnailUrl":"http:\/\/zeppelin-game.com\/wp-content\/uploads\/2022\/08\/zeppelin-crash.jpg","datePublished":"2026-01-04T12:13:13+00:00","dateModified":"2026-01-12T16:28:39+00:00","description":"How to Win Zeppelin Game with Betting Systems? Tips and Tricks 2026 years for Zeppelin Crash Game. Strategies for winning in Zeppelin Casino Game.","breadcrumb":{"@id":"https:\/\/zeppelin-game.com\/how-to-win\/#breadcrumb"},"inLanguage":"pl-PL","potentialAction":[{"@type":"ReadAction","target":["https:\/\/zeppelin-game.com\/how-to-win\/"]}]},{"@type":"ImageObject","inLanguage":"pl-PL","@id":"https:\/\/zeppelin-game.com\/how-to-win\/#primaryimage","url":"http:\/\/zeppelin-game.com\/wp-content\/uploads\/2022\/08\/zeppelin-crash.jpg","contentUrl":"http:\/\/zeppelin-game.com\/wp-content\/uploads\/2022\/08\/zeppelin-crash.jpg"},{"@type":"BreadcrumbList","@id":"https:\/\/zeppelin-game.com\/how-to-win\/#breadcrumb","itemListElement":[{"@type":"ListItem","position":1,"name":"Home","item":"https:\/\/zeppelin-game.com\/"},{"@type":"ListItem","position":2,"name":"Zeppelin Games Strategy: How to Win"}]},{"@type":"WebSite","@id":"https:\/\/zeppelin-game.com\/#website","url":"https:\/\/zeppelin-game.com\/","name":"Zeppelin Crash Game","description":"","publisher":{"@id":"https:\/\/zeppelin-game.com\/#organization"},"potentialAction":[{"@type":"SearchAction","target":{"@type":"EntryPoint","urlTemplate":"https:\/\/zeppelin-game.com\/?s={search_term_string}"},"query-input":{"@type":"PropertyValueSpecification","valueRequired":true,"valueName":"search_term_string"}}],"inLanguage":"pl-PL"},{"@type":"Organization","@id":"https:\/\/zeppelin-game.com\/#organization","name":"Zeppelin Crash Game","url":"https:\/\/zeppelin-game.com\/","logo":{"@type":"ImageObject","inLanguage":"pl-PL","@id":"https:\/\/zeppelin-game.com\/#\/schema\/logo\/image\/","url":"https:\/\/zeppelin-game.com\/wp-content\/uploads\/2022\/08\/cropped-Zeppelin-Casino-Game-1.jpg","contentUrl":"https:\/\/zeppelin-game.com\/wp-content\/uploads\/2022\/08\/cropped-Zeppelin-Casino-Game-1.jpg","width":584,"height":444,"caption":"Zeppelin Crash Game"},"image":{"@id":"https:\/\/zeppelin-game.com\/#\/schema\/logo\/image\/"}}]}},"_links":{"self":[{"href":"https:\/\/zeppelin-game.com\/pl\/wp-json\/wp\/v2\/pages\/46","targetHints":{"allow":["GET"]}}],"collection":[{"href":"https:\/\/zeppelin-game.com\/pl\/wp-json\/wp\/v2\/pages"}],"about":[{"href":"https:\/\/zeppelin-game.com\/pl\/wp-json\/wp\/v2\/types\/page"}],"author":[{"embeddable":true,"href":"https:\/\/zeppelin-game.com\/pl\/wp-json\/wp\/v2\/users\/1"}],"replies":[{"embeddable":true,"href":"https:\/\/zeppelin-game.com\/pl\/wp-json\/wp\/v2\/comments?post=46"}],"version-history":[{"count":1,"href":"https:\/\/zeppelin-game.com\/pl\/wp-json\/wp\/v2\/pages\/46\/revisions"}],"predecessor-version":[{"id":383,"href":"https:\/\/zeppelin-game.com\/pl\/wp-json\/wp\/v2\/pages\/46\/revisions\/383"}],"wp:attachment":[{"href":"https:\/\/zeppelin-game.com\/pl\/wp-json\/wp\/v2\/media?parent=46"}],"curies":[{"name":"wp","href":"https:\/\/api.w.org\/{rel}","templated":true}]}}