{"id":46,"date":"2026-01-04T12:13:13","date_gmt":"2026-01-04T12:13:13","guid":{"rendered":"http:\/\/zeppelin-game.com\/?page_id=46"},"modified":"2026-01-12T16:28:39","modified_gmt":"2026-01-12T16:28:39","slug":"how-to-win","status":"publish","type":"page","link":"https:\/\/zeppelin-game.com\/sq\/how-to-win\/","title":{"rendered":"Strategjia e Loj\u00ebrave Zeppelin: Si t\u00eb fitoni"},"content":{"rendered":"<p>Kur luani <a href=\"\/sq\/\">Zeppelin<\/a>, gj\u00ebja m\u00eb e r\u00ebnd\u00ebsishme q\u00eb duhet pasur parasysh \u00ebsht\u00eb se sht\u00ebpia ka gjithmon\u00eb nj\u00eb avantazh. Megjithat\u00eb, ka m\u00ebnyra p\u00ebr t\u00eb minimizuar k\u00ebt\u00eb avantazh dhe p\u00ebr t&#039;i dh\u00ebn\u00eb vetes nj\u00eb shans m\u00eb t\u00eb mir\u00eb p\u00ebr t\u00eb fituar.<\/p>\n<p style=\"text-align: center;\"><a class=\"glow-button\" href=\"\/sq\/recommends\/play\/\">Luaj loj\u00ebn Zeppelin<\/a><\/p>\n<div id=\"attachment_48\" style=\"width: 924px\" class=\"wp-caption aligncenter\"><img decoding=\"async\" aria-describedby=\"caption-attachment-48\" class=\"wp-image-48\" title=\"Loj\u00eb Zeppelin\" src=\"http:\/\/zeppelin-game.com\/wp-content\/uploads\/2022\/08\/zeppelin-crash.jpg\" alt=\"Loj\u00eb Zeppelin\" width=\"924\" height=\"494\" srcset=\"https:\/\/zeppelin-game.com\/wp-content\/uploads\/2022\/08\/zeppelin-crash.jpg 1024w, https:\/\/zeppelin-game.com\/wp-content\/uploads\/2022\/08\/zeppelin-crash-300x161.jpg 300w, https:\/\/zeppelin-game.com\/wp-content\/uploads\/2022\/08\/zeppelin-crash-768x411.jpg 768w, https:\/\/zeppelin-game.com\/wp-content\/uploads\/2022\/08\/zeppelin-crash-75x40.jpg 75w, https:\/\/zeppelin-game.com\/wp-content\/uploads\/2022\/08\/zeppelin-crash-60x32.jpg 60w, https:\/\/zeppelin-game.com\/wp-content\/uploads\/2022\/08\/zeppelin-crash-149x80.jpg 149w, https:\/\/zeppelin-game.com\/wp-content\/uploads\/2022\/08\/zeppelin-crash-252x135.jpg 252w\" sizes=\"(max-width: 924px) 100vw, 924px\" \/><p id=\"caption-attachment-48\" class=\"wp-caption-text\">Loj\u00eb Zeppelin<\/p><\/div>\n<p>Nj\u00eb m\u00ebnyr\u00eb p\u00ebr ta b\u00ebr\u00eb k\u00ebt\u00eb \u00ebsht\u00eb duke p\u00ebrdorur nj\u00eb sistem bastesh. Ka shum\u00eb sisteme t\u00eb ndryshme bastesh atje, por nj\u00eb nga m\u00eb t\u00eb thjesht\u00ebt dhe m\u00eb efektiv\u00ebt \u00ebsht\u00eb sistemi Martingale. Me k\u00ebt\u00eb sistem, ju thjesht dyfishoni bastin tuaj pas \u00e7do humbjeje. N\u00eb k\u00ebt\u00eb m\u00ebnyr\u00eb, kur t\u00eb fitoni p\u00ebrfundimisht, do t\u00eb rikuperoni t\u00eb gjitha humbjet tuaja t\u00eb m\u00ebparshme dhe do t\u00eb p\u00ebrfundoni me nj\u00eb fitim. Sigurisht, asnj\u00eb sistem bastesh nuk mund t\u00eb garantoj\u00eb fitore dhe sistemi Martingale nuk b\u00ebn p\u00ebrjashtim. Nj\u00eb nga rreziqet e k\u00ebtij sistemi \u00ebsht\u00eb se ju mund t\u00eb arrini shpejt kufirin e tabel\u00ebs n\u00ebse keni nj\u00eb varg fati t\u00eb keq.<\/p>\n<p>Nj\u00eb tjet\u00ebr gj\u00eb e r\u00ebnd\u00ebsishme p\u00ebr t&#039;u mbajtur mend \u00ebsht\u00eb se Zeppelin \u00ebsht\u00eb nj\u00eb loj\u00eb fati. Kjo do t\u00eb thot\u00eb se nuk ka asnj\u00eb m\u00ebnyr\u00eb t\u00eb sigurt p\u00ebr t\u00eb fituar. M\u00eb e mira q\u00eb mund t\u00eb b\u00ebni \u00ebsht\u00eb t\u00eb p\u00ebrpiqeni t\u00eb minimizoni skajin e sht\u00ebpis\u00eb dhe t\u00eb shpresoni p\u00ebr m\u00eb t\u00eb mir\u00ebn.<\/p>\n<h2>Si t\u00eb fitoni loj\u00ebn Zeppelin me sistemet e basteve?<\/h2>\n<p>Si\u00e7 e kemi p\u00ebrmendur, sht\u00ebpia ka gjithmon\u00eb nj\u00eb avantazh n\u00eb loj\u00ebrat e kazinos\u00eb. Megjithat\u00eb, kjo nuk do t\u00eb thot\u00eb q\u00eb ju nuk mund t\u00eb fitoni. Ka m\u00ebnyra p\u00ebr t&#039;i dh\u00ebn\u00eb vetes nj\u00eb shans m\u00eb t\u00eb mir\u00eb p\u00ebr t\u00eb fituar, dhe nj\u00ebra prej tyre \u00ebsht\u00eb duke p\u00ebrdorur sisteme bastesh.<\/p>\n<p>Sistemi Martingale \u00ebsht\u00eb nj\u00eb nga sistemet m\u00eb t\u00eb njohura dhe m\u00eb t\u00eb thjeshta t\u00eb basteve atje. Me k\u00ebt\u00eb sistem, ju thjesht dyfishoni bastin tuaj pas \u00e7do humbjeje. N\u00eb k\u00ebt\u00eb m\u00ebnyr\u00eb, kur t\u00eb fitoni p\u00ebrfundimisht, do t\u00eb rikuperoni t\u00eb gjitha humbjet tuaja t\u00eb m\u00ebparshme dhe do t\u00eb p\u00ebrfundoni me nj\u00eb fitim. Sigurisht, asnj\u00eb sistem bastesh nuk mund t\u00eb garantoj\u00eb fitore dhe sistemi Martingale nuk b\u00ebn p\u00ebrjashtim. Nj\u00eb nga rreziqet e k\u00ebtij sistemi \u00ebsht\u00eb se ju mund t\u00eb arrini shpejt kufirin e tabel\u00ebs n\u00ebse keni nj\u00eb varg fati t\u00eb keq.<\/p>\n<p>Nj\u00eb tjet\u00ebr sistem i njohur i basteve \u00ebsht\u00eb sistemi Fibonacci. Ky sistem \u00ebsht\u00eb i ngjash\u00ebm me sistemin Martingale, por n\u00eb vend q\u00eb ta dyfishoni bastin tuaj pas nj\u00eb humbjeje, ju e rritni at\u00eb me numrin tjet\u00ebr n\u00eb sekuenc\u00ebn Fibonacci. Pra, n\u00ebse humbni bastin tuaj t\u00eb par\u00eb, basti juaj i radh\u00ebs do t\u00eb ishte 1 + 1 = 2. N\u00ebse humbni p\u00ebrs\u00ebri, basti juaj i ardhsh\u00ebm do t\u00eb ishte 1 + 2 = 3, e k\u00ebshtu me radh\u00eb.<\/p>\n<p>Avantazhi i k\u00ebtij sistemi \u00ebsht\u00eb se bastet tuaja nuk do t\u00eb rriten kurr\u00eb. Megjithat\u00eb, e keqja \u00ebsht\u00eb se mund t\u00eb marr\u00eb shum\u00eb koh\u00eb p\u00ebr t\u00eb rikuperuar humbjet n\u00ebse keni nj\u00eb varg fati t\u00eb keq. Pavar\u00ebsisht se cilin sistem bastesh p\u00ebrdorni, mbani mend se sht\u00ebpia ka gjithmon\u00eb nj\u00eb avantazh. M\u00eb e mira q\u00eb mund t\u00eb b\u00ebni \u00ebsht\u00eb t\u00eb p\u00ebrpiqeni ta minimizoni k\u00ebt\u00eb avantazh dhe t\u00eb shpresoni p\u00ebr m\u00eb t\u00eb mir\u00ebn.<\/p>\n<p>N\u00ebse ndiqni k\u00ebto k\u00ebshilla, duhet t\u00eb jeni n\u00eb gjendje t\u00eb arg\u00ebtoheni shum\u00eb duke luajtur Zeppelin dhe ndoshta edhe t\u00eb dilni p\u00ebrpara.<\/p>\n<div id=\"attachment_49\" style=\"width: 742px\" class=\"wp-caption aligncenter\"><img decoding=\"async\" aria-describedby=\"caption-attachment-49\" class=\"wp-image-49 size-full\" title=\"Luaj loj\u00ebn e kazinos\u00eb Zeppelin\" src=\"http:\/\/zeppelin-game.com\/wp-content\/uploads\/2022\/08\/zeppelin-play.jpg\" alt=\"Luaj loj\u00ebn e kazinos\u00eb Zeppelin\" width=\"742\" height=\"391\" srcset=\"https:\/\/zeppelin-game.com\/wp-content\/uploads\/2022\/08\/zeppelin-play.jpg 742w, https:\/\/zeppelin-game.com\/wp-content\/uploads\/2022\/08\/zeppelin-play-300x158.jpg 300w, https:\/\/zeppelin-game.com\/wp-content\/uploads\/2022\/08\/zeppelin-play-76x40.jpg 76w, https:\/\/zeppelin-game.com\/wp-content\/uploads\/2022\/08\/zeppelin-play-61x32.jpg 61w, https:\/\/zeppelin-game.com\/wp-content\/uploads\/2022\/08\/zeppelin-play-152x80.jpg 152w, https:\/\/zeppelin-game.com\/wp-content\/uploads\/2022\/08\/zeppelin-play-256x135.jpg 256w\" sizes=\"(max-width: 742px) 100vw, 742px\" \/><p id=\"caption-attachment-49\" class=\"wp-caption-text\">Luaj loj\u00ebn e kazinos\u00eb Zeppelin<\/p><\/div>\n<p style=\"text-align: center;\"><a class=\"glow-button\" href=\"\/sq\/recommends\/play\/\">Luaj loj\u00ebn Zeppelin<\/a><\/p>\n<h2>Truket p\u00ebr t\u00eb luajtur n\u00eb loj\u00ebn Zeppelin Crash<\/h2>\n<ul>\n<li>Rregulli i par\u00eb p\u00ebr t\u00eb luajtur Zeppelin \u00ebsht\u00eb t\u00eb njoh\u00ebsh loj\u00ebn dhe rregullat e saj nga brenda. \u00cbsht\u00eb nj\u00eb loj\u00eb e thjesht\u00eb, por n\u00ebse nuk i dini rregullat, do t\u00eb jeni n\u00eb disavantazh.<\/li>\n<li>Pasi t\u00eb dini rregullat, praktikoni ato sa m\u00eb shpesh q\u00eb t\u00eb mundeni. Sa m\u00eb shum\u00eb t\u00eb luani, aq m\u00eb mir\u00eb do t\u00eb b\u00ebheni n\u00eb loj\u00eb.<\/li>\n<li>Nj\u00eb k\u00ebshill\u00eb tjet\u00ebr e r\u00ebnd\u00ebsishme \u00ebsht\u00eb t\u00eb menaxhoni parat\u00eb tuaja me men\u00e7uri. Mos vini bast m\u00eb shum\u00eb sesa mund t\u00eb p\u00ebrballoni p\u00ebr t\u00eb humbur dhe gjithmon\u00eb lini m\u00ebnjan\u00eb disa para p\u00ebr situata emergjente.<\/li>\n<li>\u00cbsht\u00eb gjithashtu e r\u00ebnd\u00ebsishme t\u00eb q\u00ebndroni t\u00eb qet\u00eb dhe t\u00eb mbledhur gjat\u00eb loj\u00ebs. N\u00ebse nervozoheni shum\u00eb, do t\u00eb b\u00ebni gabime.<\/li>\n<li>Nj\u00eb nga gj\u00ebrat m\u00eb t\u00eb r\u00ebnd\u00ebsishme p\u00ebr t&#039;u mbajtur mend \u00ebsht\u00eb se Zeppelin \u00ebsht\u00eb nj\u00eb loj\u00eb fati. Nuk ka asnj\u00eb m\u00ebnyr\u00eb t\u00eb sigurt p\u00ebr t\u00eb fituar. M\u00eb e mira q\u00eb mund t\u00eb b\u00ebni \u00ebsht\u00eb t\u00eb p\u00ebrpiqeni t\u00eb minimizoni skajin e sht\u00ebpis\u00eb dhe t\u00eb shpresoni p\u00ebr m\u00eb t\u00eb mir\u00ebn.<\/li>\n<\/ul>\n<h2>konkluzioni<\/h2>\n<p>Zeppelin \u00ebsht\u00eb nj\u00eb loj\u00eb arg\u00ebtuese dhe emocionuese. \u00cbsht\u00eb e r\u00ebnd\u00ebsishme t\u00eb mbani mend se sht\u00ebpia ka gjithmon\u00eb nj\u00eb avantazh, por ka m\u00ebnyra p\u00ebr t&#039;i dh\u00ebn\u00eb vetes nj\u00eb shans m\u00eb t\u00eb mir\u00eb p\u00ebr t\u00eb fituar.<\/p>\n<h2>FAQ<\/h2>\n        <section class=\"sc_fs_faq sc_card\">\n            <div>\n\t\t\t\t<h3>Si mund t\u00eb fitoj Zeppelin?<\/h3>                <div>\n\t\t\t\t\t                    <p>\n\t\t\t\t\t\tM\u00ebnyra m\u00eb e mir\u00eb p\u00ebr t\u00eb fituar Zeppelin \u00ebsht\u00eb duke p\u00ebrdorur sistemet e basteve. Sistemi Martingale \u00ebsht\u00eb nj\u00eb nga sistemet m\u00eb t\u00eb njohura dhe m\u00eb t\u00eb thjeshta t\u00eb basteve atje. Me k\u00ebt\u00eb sistem, ju thjesht dyfishoni bastin tuaj pas \u00e7do humbjeje. N\u00eb k\u00ebt\u00eb m\u00ebnyr\u00eb, kur t\u00eb fitoni p\u00ebrfundimisht, do t\u00eb rikuperoni t\u00eb gjitha humbjet tuaja t\u00eb m\u00ebparshme dhe do t\u00eb p\u00ebrfundoni me nj\u00eb fitim.                    <\/p>\n                <\/div>\n            <\/div>\n        <\/section>\n\t\t        <section class=\"sc_fs_faq sc_card\">\n            <div>\n\t\t\t\t<h3>A \u00ebsht\u00eb Zeppelin nj\u00eb loj\u00eb aft\u00ebsish apo shansi?<\/h3>                <div>\n\t\t\t\t\t                    <p>\n\t\t\t\t\t\tZeppelin \u00ebsht\u00eb nj\u00eb loj\u00eb fati. Nuk ka asnj\u00eb m\u00ebnyr\u00eb t\u00eb sigurt p\u00ebr t\u00eb fituar. M\u00eb e mira q\u00eb mund t\u00eb b\u00ebni \u00ebsht\u00eb t\u00eb p\u00ebrpiqeni t\u00eb minimizoni skajin e sht\u00ebpis\u00eb dhe t\u00eb shpresoni p\u00ebr m\u00eb t\u00eb mir\u00ebn.                    <\/p>\n                <\/div>\n            <\/div>\n        <\/section>\n\t\t        <section class=\"sc_fs_faq sc_card\">\n            <div>\n\t\t\t\t<h3>Cilat jan\u00eb disa k\u00ebshilla p\u00ebr t\u00eb luajtur Zeppelin?<\/h3>                <div>\n\t\t\t\t\t                    <p>\n\t\t\t\t\t\tDisa k\u00ebshilla p\u00ebr t\u00eb luajtur Zeppelin p\u00ebrfshijn\u00eb menaxhimin e parave tuaja me men\u00e7uri, q\u00ebndrimin e qet\u00eb dhe t\u00eb mbledhur dhe praktikimin e loj\u00ebs sa m\u00eb shpesh q\u00eb t\u00eb mundeni.                    <\/p>\n                <\/div>\n            <\/div>\n        <\/section>\n\t\t        <section class=\"sc_fs_faq sc_card\">\n            <div>\n\t\t\t\t<h3>Cili \u00ebsht\u00eb skaji i sht\u00ebpis\u00eb n\u00eb Zeppelin?<\/h3>                <div>\n\t\t\t\t\t                    <p>\n\t\t\t\t\t\tP\u00ebrpar\u00ebsia e sht\u00ebpis\u00eb n\u00eb Zeppelin \u00ebsht\u00eb p\u00ebrqindja e secilit bast q\u00eb kazino pret t\u00eb mbaj\u00eb n\u00eb afat t\u00eb gjat\u00eb. Sa m\u00eb i lart\u00eb t\u00eb jet\u00eb buza e sht\u00ebpis\u00eb, aq m\u00eb e v\u00ebshtir\u00eb \u00ebsht\u00eb t\u00eb fitosh.                    <\/p>\n                <\/div>\n            <\/div>\n        <\/section>\n\t\t\n<script type=\"application\/ld+json\">{\n    \"@context\": \"https:\\\/\\\/schema.org\",\n    \"@type\": \"FAQPage\",\n    \"mainEntity\": [\n        {\n            \"@type\": \"Question\",\n            \"name\": \"How do I win Zeppelin?\",\n            \"acceptedAnswer\": {\n                \"@type\": \"Answer\",\n                \"text\": \"The best way to win Zeppelin is by using betting systems. The Martingale system is one of the most popular and simplest betting systems out there. With this system, you simply double your bet after every loss. This way, when you eventually win, you will recoup all of your previous losses and end up with a profit.\"\n            }\n        },\n        {\n            \"@type\": \"Question\",\n            \"name\": \"Is Zeppelin a game of skill or chance?\",\n            \"acceptedAnswer\": {\n                \"@type\": \"Answer\",\n                \"text\": \"Zeppelin is a game of chance. There is no surefire way to win. The best you can do is to try to minimize the house edge and hope for the best.\"\n            }\n        },\n        {\n            \"@type\": \"Question\",\n            \"name\": \"What are some tips for playing Zeppelin?\",\n            \"acceptedAnswer\": {\n                \"@type\": \"Answer\",\n                \"text\": \"Some tips for playing Zeppelin include managing your money wisely, staying calm and collected, and practicing the game as often as you can.\"\n            }\n        },\n        {\n            \"@type\": \"Question\",\n            \"name\": \"What is the house edge in Zeppelin?\",\n            \"acceptedAnswer\": {\n                \"@type\": \"Answer\",\n                \"text\": \"The house edge in Zeppelin is the percentage of each bet that the casino expects to keep over the long run. The higher the house edge, the harder it is to win.\"\n            }\n        }\n    ]\n}<\/script>","protected":false},"excerpt":{"rendered":"<p>Kur luani Zeppelin, gj\u00ebja m\u00eb e r\u00ebnd\u00ebsishme q\u00eb duhet mbajtur parasysh \u00ebsht\u00eb se sht\u00ebpia ka gjithmon\u00eb nj\u00eb avantazh. Megjithat\u00eb, ka m\u00ebnyra p\u00ebr t\u00eb minimizuar k\u00ebt\u00eb avantazh dhe p\u00ebr t&#039;i dh\u00ebn\u00eb vetes nj\u00eb shans m\u00eb t\u00eb mir\u00eb p\u00ebr t\u00eb fituar. Luaj loj\u00ebn Zeppelin Nj\u00eb m\u00ebnyr\u00eb p\u00ebr ta b\u00ebr\u00eb k\u00ebt\u00eb \u00ebsht\u00eb duke p\u00ebrdorur nj\u00eb sistem bastesh. Ka shum\u00eb sisteme t\u00eb ndryshme bastesh [\u2026]<\/p>","protected":false},"author":1,"featured_media":0,"parent":0,"menu_order":0,"comment_status":"closed","ping_status":"closed","template":"page-full-width.php","meta":{"_acf_changed":false,"footnotes":""},"class_list":["post-46","page","type-page","status-publish","hentry"],"acf":[],"yoast_head":"<!-- This site is optimized with the Yoast SEO plugin v26.7 - https:\/\/yoast.com\/wordpress\/plugins\/seo\/ -->\n<title>Zeppelin Games Strategy: How to Win 2026 - Zeppelin Crash Game<\/title>\n<meta name=\"description\" content=\"How to Win Zeppelin Game with Betting Systems? Tips and Tricks 2026 years for Zeppelin Crash Game. Strategies for winning in Zeppelin Casino Game.\" \/>\n<meta name=\"robots\" content=\"index, follow, max-snippet:-1, max-image-preview:large, max-video-preview:-1\" \/>\n<link rel=\"canonical\" href=\"https:\/\/zeppelin-game.com\/sq\/how-to-win\/\" \/>\n<meta property=\"og:locale\" content=\"sq_AL\" \/>\n<meta property=\"og:type\" content=\"article\" \/>\n<meta property=\"og:title\" content=\"Zeppelin Games Strategy: How to Win 2026 - Zeppelin Crash Game\" \/>\n<meta property=\"og:description\" content=\"How to Win Zeppelin Game with Betting Systems? Tips and Tricks 2026 years for Zeppelin Crash Game. Strategies for winning in Zeppelin Casino Game.\" \/>\n<meta property=\"og:url\" content=\"https:\/\/zeppelin-game.com\/sq\/how-to-win\/\" \/>\n<meta property=\"og:site_name\" content=\"Zeppelin Crash Game\" \/>\n<meta property=\"article:modified_time\" content=\"2026-01-12T16:28:39+00:00\" \/>\n<meta property=\"og:image\" content=\"http:\/\/zeppelin-game.com\/wp-content\/uploads\/2022\/08\/zeppelin-crash.jpg\" \/>\n<meta name=\"twitter:card\" content=\"summary_large_image\" \/>\n<meta name=\"twitter:label1\" content=\"Est. reading time\" \/>\n\t<meta name=\"twitter:data1\" content=\"5 minuta\" \/>\n<!-- \/ Yoast SEO plugin. -->","yoast_head_json":{"title":"Zeppelin Games Strategy: How to Win 2026 - Zeppelin Crash Game","description":"How to Win Zeppelin Game with Betting Systems? Tips and Tricks 2026 years for Zeppelin Crash Game. Strategies for winning in Zeppelin Casino Game.","robots":{"index":"index","follow":"follow","max-snippet":"max-snippet:-1","max-image-preview":"max-image-preview:large","max-video-preview":"max-video-preview:-1"},"canonical":"https:\/\/zeppelin-game.com\/sq\/how-to-win\/","og_locale":"sq_AL","og_type":"article","og_title":"Zeppelin Games Strategy: How to Win 2026 - Zeppelin Crash Game","og_description":"How to Win Zeppelin Game with Betting Systems? Tips and Tricks 2026 years for Zeppelin Crash Game. Strategies for winning in Zeppelin Casino Game.","og_url":"https:\/\/zeppelin-game.com\/sq\/how-to-win\/","og_site_name":"Zeppelin Crash Game","article_modified_time":"2026-01-12T16:28:39+00:00","og_image":[{"url":"http:\/\/zeppelin-game.com\/wp-content\/uploads\/2022\/08\/zeppelin-crash.jpg","type":"","width":"","height":""}],"twitter_card":"summary_large_image","twitter_misc":{"Est. reading time":"5 minuta"},"schema":{"@context":"https:\/\/schema.org","@graph":[{"@type":"WebPage","@id":"https:\/\/zeppelin-game.com\/how-to-win\/","url":"https:\/\/zeppelin-game.com\/how-to-win\/","name":"Zeppelin Games Strategy: How to Win 2026 - Zeppelin Crash Game","isPartOf":{"@id":"https:\/\/zeppelin-game.com\/#website"},"primaryImageOfPage":{"@id":"https:\/\/zeppelin-game.com\/how-to-win\/#primaryimage"},"image":{"@id":"https:\/\/zeppelin-game.com\/how-to-win\/#primaryimage"},"thumbnailUrl":"http:\/\/zeppelin-game.com\/wp-content\/uploads\/2022\/08\/zeppelin-crash.jpg","datePublished":"2026-01-04T12:13:13+00:00","dateModified":"2026-01-12T16:28:39+00:00","description":"How to Win Zeppelin Game with Betting Systems? Tips and Tricks 2026 years for Zeppelin Crash Game. Strategies for winning in Zeppelin Casino Game.","breadcrumb":{"@id":"https:\/\/zeppelin-game.com\/how-to-win\/#breadcrumb"},"inLanguage":"sq","potentialAction":[{"@type":"ReadAction","target":["https:\/\/zeppelin-game.com\/how-to-win\/"]}]},{"@type":"ImageObject","inLanguage":"sq","@id":"https:\/\/zeppelin-game.com\/how-to-win\/#primaryimage","url":"http:\/\/zeppelin-game.com\/wp-content\/uploads\/2022\/08\/zeppelin-crash.jpg","contentUrl":"http:\/\/zeppelin-game.com\/wp-content\/uploads\/2022\/08\/zeppelin-crash.jpg"},{"@type":"BreadcrumbList","@id":"https:\/\/zeppelin-game.com\/how-to-win\/#breadcrumb","itemListElement":[{"@type":"ListItem","position":1,"name":"Home","item":"https:\/\/zeppelin-game.com\/"},{"@type":"ListItem","position":2,"name":"Zeppelin Games Strategy: How to Win"}]},{"@type":"WebSite","@id":"https:\/\/zeppelin-game.com\/#website","url":"https:\/\/zeppelin-game.com\/","name":"Zeppelin Crash Game","description":"","publisher":{"@id":"https:\/\/zeppelin-game.com\/#organization"},"potentialAction":[{"@type":"SearchAction","target":{"@type":"EntryPoint","urlTemplate":"https:\/\/zeppelin-game.com\/?s={search_term_string}"},"query-input":{"@type":"PropertyValueSpecification","valueRequired":true,"valueName":"search_term_string"}}],"inLanguage":"sq"},{"@type":"Organization","@id":"https:\/\/zeppelin-game.com\/#organization","name":"Zeppelin Crash Game","url":"https:\/\/zeppelin-game.com\/","logo":{"@type":"ImageObject","inLanguage":"sq","@id":"https:\/\/zeppelin-game.com\/#\/schema\/logo\/image\/","url":"https:\/\/zeppelin-game.com\/wp-content\/uploads\/2022\/08\/cropped-Zeppelin-Casino-Game-1.jpg","contentUrl":"https:\/\/zeppelin-game.com\/wp-content\/uploads\/2022\/08\/cropped-Zeppelin-Casino-Game-1.jpg","width":584,"height":444,"caption":"Zeppelin Crash Game"},"image":{"@id":"https:\/\/zeppelin-game.com\/#\/schema\/logo\/image\/"}}]}},"_links":{"self":[{"href":"https:\/\/zeppelin-game.com\/sq\/wp-json\/wp\/v2\/pages\/46","targetHints":{"allow":["GET"]}}],"collection":[{"href":"https:\/\/zeppelin-game.com\/sq\/wp-json\/wp\/v2\/pages"}],"about":[{"href":"https:\/\/zeppelin-game.com\/sq\/wp-json\/wp\/v2\/types\/page"}],"author":[{"embeddable":true,"href":"https:\/\/zeppelin-game.com\/sq\/wp-json\/wp\/v2\/users\/1"}],"replies":[{"embeddable":true,"href":"https:\/\/zeppelin-game.com\/sq\/wp-json\/wp\/v2\/comments?post=46"}],"version-history":[{"count":1,"href":"https:\/\/zeppelin-game.com\/sq\/wp-json\/wp\/v2\/pages\/46\/revisions"}],"predecessor-version":[{"id":383,"href":"https:\/\/zeppelin-game.com\/sq\/wp-json\/wp\/v2\/pages\/46\/revisions\/383"}],"wp:attachment":[{"href":"https:\/\/zeppelin-game.com\/sq\/wp-json\/wp\/v2\/media?parent=46"}],"curies":[{"name":"wp","href":"https:\/\/api.w.org\/{rel}","templated":true}]}}