{"id":46,"date":"2026-01-04T12:13:13","date_gmt":"2026-01-04T12:13:13","guid":{"rendered":"http:\/\/zeppelin-game.com\/?page_id=46"},"modified":"2026-01-12T16:28:39","modified_gmt":"2026-01-12T16:28:39","slug":"how-to-win","status":"publish","type":"page","link":"https:\/\/zeppelin-game.com\/sv\/how-to-win\/","title":{"rendered":"Zeppelin Spelstrategi: Hur man vinner"},"content":{"rendered":"<p>N\u00e4r du spelar <a href=\"\/sv\/\">Zeppelin<\/a>Det viktigaste att komma ih\u00e5g \u00e4r att huset alltid har en f\u00f6rdel. Det finns dock s\u00e4tt att minimera denna f\u00f6rdel och ge dig sj\u00e4lv en b\u00e4ttre chans att vinna.<\/p>\n<p style=\"text-align: center;\"><a class=\"glow-button\" href=\"\/sv\/recommends\/play\/\">Spela Zeppelin-spel<\/a><\/p>\n<div id=\"attachment_48\" style=\"width: 924px\" class=\"wp-caption aligncenter\"><img decoding=\"async\" aria-describedby=\"caption-attachment-48\" class=\"wp-image-48\" title=\"Zeppelin-spel\" src=\"http:\/\/zeppelin-game.com\/wp-content\/uploads\/2022\/08\/zeppelin-crash.jpg\" alt=\"Zeppelin-spel\" width=\"924\" height=\"494\" srcset=\"https:\/\/zeppelin-game.com\/wp-content\/uploads\/2022\/08\/zeppelin-crash.jpg 1024w, https:\/\/zeppelin-game.com\/wp-content\/uploads\/2022\/08\/zeppelin-crash-300x161.jpg 300w, https:\/\/zeppelin-game.com\/wp-content\/uploads\/2022\/08\/zeppelin-crash-768x411.jpg 768w, https:\/\/zeppelin-game.com\/wp-content\/uploads\/2022\/08\/zeppelin-crash-75x40.jpg 75w, https:\/\/zeppelin-game.com\/wp-content\/uploads\/2022\/08\/zeppelin-crash-60x32.jpg 60w, https:\/\/zeppelin-game.com\/wp-content\/uploads\/2022\/08\/zeppelin-crash-149x80.jpg 149w, https:\/\/zeppelin-game.com\/wp-content\/uploads\/2022\/08\/zeppelin-crash-252x135.jpg 252w\" sizes=\"(max-width: 924px) 100vw, 924px\" \/><p id=\"caption-attachment-48\" class=\"wp-caption-text\">Zeppelin-spel<\/p><\/div>\n<p>Ett s\u00e4tt att g\u00f6ra detta \u00e4r att anv\u00e4nda ett bettingsystem. Det finns m\u00e5nga olika bettingsystem, men ett av de enklaste och mest effektiva \u00e4r Martingale-systemet. Med detta system f\u00f6rdubblar du helt enkelt din insats efter varje f\u00f6rlust. P\u00e5 s\u00e5 s\u00e4tt kommer du, n\u00e4r du till slut vinner, att f\u00e5 tillbaka alla dina tidigare f\u00f6rluster och sluta med en vinst. Naturligtvis kan inget bettingsystem garantera vinster, och Martingale-systemet \u00e4r inget undantag. En av farorna med det h\u00e4r systemet \u00e4r att du snabbt kan n\u00e5 bordets gr\u00e4ns om du har otur.<\/p>\n<p>En annan viktig sak att komma ih\u00e5g \u00e4r att Zeppelin \u00e4r ett slumpspel. Det betyder att det inte finns n\u00e5got s\u00e4kert s\u00e4tt att vinna. Det b\u00e4sta du kan g\u00f6ra \u00e4r att f\u00f6rs\u00f6ka minimera husets f\u00f6rdel och hoppas p\u00e5 det b\u00e4sta.<\/p>\n<h2>Hur vinner man Zeppelin-spel med bettingsystem?<\/h2>\n<p>Som vi har n\u00e4mnt har huset alltid en f\u00f6rdel i casinospel. Det betyder dock inte att du inte kan vinna. Det finns s\u00e4tt att ge dig sj\u00e4lv en b\u00e4ttre chans att vinna, och ett av dem \u00e4r att anv\u00e4nda sig av bettingsystem.<\/p>\n<p>Martingale-systemet \u00e4r ett av de mest popul\u00e4ra och enklaste bettingsystemen som finns. Med det h\u00e4r systemet f\u00f6rdubblar du helt enkelt din insats efter varje f\u00f6rlust. P\u00e5 s\u00e5 s\u00e4tt kommer du, n\u00e4r du till slut vinner, att f\u00e5 tillbaka alla dina tidigare f\u00f6rluster och sluta med en vinst. Naturligtvis kan inget bettingsystem garantera vinster, och Martingale-systemet \u00e4r inget undantag. En av farorna med det h\u00e4r systemet \u00e4r att du snabbt kan n\u00e5 bordets gr\u00e4ns om du har otur.<\/p>\n<p>Ett annat popul\u00e4rt bettingsystem \u00e4r Fibonacci-systemet. Det h\u00e4r systemet liknar Martingale-systemet, men i st\u00e4llet f\u00f6r att f\u00f6rdubbla din insats efter en f\u00f6rlust \u00f6kar du den med n\u00e4sta nummer i Fibonacci-sekvensen. Om du f\u00f6rlorar din f\u00f6rsta insats blir n\u00e4sta insats allts\u00e5 1 + 1 = 2. Om du f\u00f6rlorar igen blir n\u00e4sta insats 1 + 2 = 3 och s\u00e5 vidare.<\/p>\n<p>F\u00f6rdelen med det h\u00e4r systemet \u00e4r att dina insatser aldrig blir f\u00f6r h\u00f6ga. Nackdelen \u00e4r dock att det kan ta l\u00e5ng tid att f\u00e5 tillbaka dina f\u00f6rluster om du har otur. Oavsett vilket bettingsystem du anv\u00e4nder ska du komma ih\u00e5g att huset alltid har en f\u00f6rdel. Det b\u00e4sta du kan g\u00f6ra \u00e4r att f\u00f6rs\u00f6ka minimera denna f\u00f6rdel och hoppas p\u00e5 det b\u00e4sta.<\/p>\n<p>Om du f\u00f6ljer de h\u00e4r tipsen b\u00f6r du kunna ha mycket roligt n\u00e4r du spelar Zeppelin och kanske till och med vinna.<\/p>\n<div id=\"attachment_49\" style=\"width: 742px\" class=\"wp-caption aligncenter\"><img decoding=\"async\" aria-describedby=\"caption-attachment-49\" class=\"wp-image-49 size-full\" title=\"Spela Zeppelin kasinospel\" src=\"http:\/\/zeppelin-game.com\/wp-content\/uploads\/2022\/08\/zeppelin-play.jpg\" alt=\"Spela Zeppelin kasinospel\" width=\"742\" height=\"391\" srcset=\"https:\/\/zeppelin-game.com\/wp-content\/uploads\/2022\/08\/zeppelin-play.jpg 742w, https:\/\/zeppelin-game.com\/wp-content\/uploads\/2022\/08\/zeppelin-play-300x158.jpg 300w, https:\/\/zeppelin-game.com\/wp-content\/uploads\/2022\/08\/zeppelin-play-76x40.jpg 76w, https:\/\/zeppelin-game.com\/wp-content\/uploads\/2022\/08\/zeppelin-play-61x32.jpg 61w, https:\/\/zeppelin-game.com\/wp-content\/uploads\/2022\/08\/zeppelin-play-152x80.jpg 152w, https:\/\/zeppelin-game.com\/wp-content\/uploads\/2022\/08\/zeppelin-play-256x135.jpg 256w\" sizes=\"(max-width: 742px) 100vw, 742px\" \/><p id=\"caption-attachment-49\" class=\"wp-caption-text\">Spela Zeppelin kasinospel<\/p><\/div>\n<p style=\"text-align: center;\"><a class=\"glow-button\" href=\"\/sv\/recommends\/play\/\">Spela Zeppelin-spel<\/a><\/p>\n<h2>Tricks f\u00f6r att spela i Zeppelin Crash-spelet<\/h2>\n<ul>\n<li>Den f\u00f6rsta regeln f\u00f6r att spela Zeppelin \u00e4r att k\u00e4nna till spelet och dess regler. Det \u00e4r ett enkelt spel, men om du inte k\u00e4nner till reglerna kommer du att vara i underl\u00e4ge.<\/li>\n<li>N\u00e4r du v\u00e4l k\u00e4nner till reglerna ska du \u00f6va p\u00e5 dem s\u00e5 ofta du kan. Ju mer du spelar, desto b\u00e4ttre blir du p\u00e5 spelet.<\/li>\n<li>Ett annat viktigt tips \u00e4r att f\u00f6rvalta dina pengar p\u00e5 ett klokt s\u00e4tt. Satsa inte mer \u00e4n vad du har r\u00e5d att f\u00f6rlora, och l\u00e4gg alltid undan lite pengar f\u00f6r n\u00f6dsituationer.<\/li>\n<li>Det \u00e4r ocks\u00e5 viktigt att vara lugn och samlad n\u00e4r du spelar. Om du blir f\u00f6r nerv\u00f6s kommer du att g\u00f6ra misstag.<\/li>\n<li>En av de viktigaste sakerna att komma ih\u00e5g \u00e4r att Zeppelin \u00e4r ett hasardspel. Det finns inget s\u00e4kert s\u00e4tt att vinna. Det b\u00e4sta du kan g\u00f6ra \u00e4r att f\u00f6rs\u00f6ka minimera husets f\u00f6rdel och hoppas p\u00e5 det b\u00e4sta.<\/li>\n<\/ul>\n<h2>Slutsats<\/h2>\n<p>Zeppelin \u00e4r ett roligt och sp\u00e4nnande spel. Det \u00e4r viktigt att komma ih\u00e5g att huset alltid har ett \u00f6vertag, men det finns s\u00e4tt att ge sig sj\u00e4lv en b\u00e4ttre chans att vinna.<\/p>\n<h2>VANLIGA FR\u00c5GOR<\/h2>\n        <section class=\"sc_fs_faq sc_card\">\n            <div>\n\t\t\t\t<h3>Hur vinner jag Zeppelin?<\/h3>                <div>\n\t\t\t\t\t                    <p>\n\t\t\t\t\t\tDet b\u00e4sta s\u00e4ttet att vinna Zeppelin \u00e4r genom att anv\u00e4nda spelsystem. Martingale-systemet \u00e4r ett av de mest popul\u00e4ra och enklaste bettingsystemen som finns. Med det h\u00e4r systemet f\u00f6rdubblar du helt enkelt din insats efter varje f\u00f6rlust. P\u00e5 s\u00e5 s\u00e4tt kommer du, n\u00e4r du till slut vinner, att f\u00e5 tillbaka alla dina tidigare f\u00f6rluster och sluta med en vinst.                    <\/p>\n                <\/div>\n            <\/div>\n        <\/section>\n\t\t        <section class=\"sc_fs_faq sc_card\">\n            <div>\n\t\t\t\t<h3>\u00c4r Zeppelin ett spel som bygger p\u00e5 skicklighet eller slump?<\/h3>                <div>\n\t\t\t\t\t                    <p>\n\t\t\t\t\t\tZeppelin \u00e4r ett slumpspel. Det finns inget s\u00e4kert s\u00e4tt att vinna. Det b\u00e4sta du kan g\u00f6ra \u00e4r att f\u00f6rs\u00f6ka minimera husets f\u00f6rdel och hoppas p\u00e5 det b\u00e4sta.                    <\/p>\n                <\/div>\n            <\/div>\n        <\/section>\n\t\t        <section class=\"sc_fs_faq sc_card\">\n            <div>\n\t\t\t\t<h3>Vad \u00e4r n\u00e5gra tips f\u00f6r att spela Zeppelin?<\/h3>                <div>\n\t\t\t\t\t                    <p>\n\t\t\t\t\t\tN\u00e5gra tips f\u00f6r att spela Zeppelin \u00e4r att f\u00f6rvalta dina pengar klokt, vara lugn och samlad och \u00f6va p\u00e5 spelet s\u00e5 ofta du kan.                    <\/p>\n                <\/div>\n            <\/div>\n        <\/section>\n\t\t        <section class=\"sc_fs_faq sc_card\">\n            <div>\n\t\t\t\t<h3>Vad \u00e4r husets f\u00f6rdel i Zeppelin?<\/h3>                <div>\n\t\t\t\t\t                    <p>\n\t\t\t\t\t\tHusets f\u00f6rdel i Zeppelin \u00e4r den procentandel av varje insats som kasinot f\u00f6rv\u00e4ntar sig att beh\u00e5lla p\u00e5 l\u00e5ng sikt. Ju h\u00f6gre husf\u00f6rdelen \u00e4r, desto sv\u00e5rare \u00e4r det att vinna.                    <\/p>\n                <\/div>\n            <\/div>\n        <\/section>\n\t\t\n<script type=\"application\/ld+json\">{\n    \"@context\": \"https:\\\/\\\/schema.org\",\n    \"@type\": \"FAQPage\",\n    \"mainEntity\": [\n        {\n            \"@type\": \"Question\",\n            \"name\": \"How do I win Zeppelin?\",\n            \"acceptedAnswer\": {\n                \"@type\": \"Answer\",\n                \"text\": \"The best way to win Zeppelin is by using betting systems. The Martingale system is one of the most popular and simplest betting systems out there. With this system, you simply double your bet after every loss. This way, when you eventually win, you will recoup all of your previous losses and end up with a profit.\"\n            }\n        },\n        {\n            \"@type\": \"Question\",\n            \"name\": \"Is Zeppelin a game of skill or chance?\",\n            \"acceptedAnswer\": {\n                \"@type\": \"Answer\",\n                \"text\": \"Zeppelin is a game of chance. There is no surefire way to win. The best you can do is to try to minimize the house edge and hope for the best.\"\n            }\n        },\n        {\n            \"@type\": \"Question\",\n            \"name\": \"What are some tips for playing Zeppelin?\",\n            \"acceptedAnswer\": {\n                \"@type\": \"Answer\",\n                \"text\": \"Some tips for playing Zeppelin include managing your money wisely, staying calm and collected, and practicing the game as often as you can.\"\n            }\n        },\n        {\n            \"@type\": \"Question\",\n            \"name\": \"What is the house edge in Zeppelin?\",\n            \"acceptedAnswer\": {\n                \"@type\": \"Answer\",\n                \"text\": \"The house edge in Zeppelin is the percentage of each bet that the casino expects to keep over the long run. The higher the house edge, the harder it is to win.\"\n            }\n        }\n    ]\n}<\/script>","protected":false},"excerpt":{"rendered":"<p>N\u00e4r du spelar Zeppelin \u00e4r det viktigaste att komma ih\u00e5g att huset alltid har en f\u00f6rdel. Det finns dock s\u00e4tt att minimera denna f\u00f6rdel och ge dig sj\u00e4lv en b\u00e4ttre chans att vinna. Spela Zeppelin Ett s\u00e4tt att g\u00f6ra detta \u00e4r att anv\u00e4nda ett bettingsystem. Det finns m\u00e5nga olika bettingsystem [...]<\/p>","protected":false},"author":1,"featured_media":0,"parent":0,"menu_order":0,"comment_status":"closed","ping_status":"closed","template":"page-full-width.php","meta":{"_acf_changed":false,"footnotes":""},"class_list":["post-46","page","type-page","status-publish","hentry"],"acf":[],"yoast_head":"<!-- This site is optimized with the Yoast SEO plugin v26.7 - https:\/\/yoast.com\/wordpress\/plugins\/seo\/ -->\n<title>Zeppelin Games Strategy: How to Win 2026 - Zeppelin Crash Game<\/title>\n<meta name=\"description\" content=\"How to Win Zeppelin Game with Betting Systems? Tips and Tricks 2026 years for Zeppelin Crash Game. Strategies for winning in Zeppelin Casino Game.\" \/>\n<meta name=\"robots\" content=\"index, follow, max-snippet:-1, max-image-preview:large, max-video-preview:-1\" \/>\n<link rel=\"canonical\" href=\"https:\/\/zeppelin-game.com\/sv\/how-to-win\/\" \/>\n<meta property=\"og:locale\" content=\"sv_SE\" \/>\n<meta property=\"og:type\" content=\"article\" \/>\n<meta property=\"og:title\" content=\"Zeppelin Games Strategy: How to Win 2026 - Zeppelin Crash Game\" \/>\n<meta property=\"og:description\" content=\"How to Win Zeppelin Game with Betting Systems? Tips and Tricks 2026 years for Zeppelin Crash Game. Strategies for winning in Zeppelin Casino Game.\" \/>\n<meta property=\"og:url\" content=\"https:\/\/zeppelin-game.com\/sv\/how-to-win\/\" \/>\n<meta property=\"og:site_name\" content=\"Zeppelin Crash Game\" \/>\n<meta property=\"article:modified_time\" content=\"2026-01-12T16:28:39+00:00\" \/>\n<meta property=\"og:image\" content=\"http:\/\/zeppelin-game.com\/wp-content\/uploads\/2022\/08\/zeppelin-crash.jpg\" \/>\n<meta name=\"twitter:card\" content=\"summary_large_image\" \/>\n<meta name=\"twitter:label1\" content=\"Ber\u00e4knad l\u00e4stid\" \/>\n\t<meta name=\"twitter:data1\" content=\"5 minuter\" \/>\n<!-- \/ Yoast SEO plugin. -->","yoast_head_json":{"title":"Zeppelin Games Strategy: How to Win 2026 - Zeppelin Crash Game","description":"How to Win Zeppelin Game with Betting Systems? Tips and Tricks 2026 years for Zeppelin Crash Game. Strategies for winning in Zeppelin Casino Game.","robots":{"index":"index","follow":"follow","max-snippet":"max-snippet:-1","max-image-preview":"max-image-preview:large","max-video-preview":"max-video-preview:-1"},"canonical":"https:\/\/zeppelin-game.com\/sv\/how-to-win\/","og_locale":"sv_SE","og_type":"article","og_title":"Zeppelin Games Strategy: How to Win 2026 - Zeppelin Crash Game","og_description":"How to Win Zeppelin Game with Betting Systems? Tips and Tricks 2026 years for Zeppelin Crash Game. Strategies for winning in Zeppelin Casino Game.","og_url":"https:\/\/zeppelin-game.com\/sv\/how-to-win\/","og_site_name":"Zeppelin Crash Game","article_modified_time":"2026-01-12T16:28:39+00:00","og_image":[{"url":"http:\/\/zeppelin-game.com\/wp-content\/uploads\/2022\/08\/zeppelin-crash.jpg","type":"","width":"","height":""}],"twitter_card":"summary_large_image","twitter_misc":{"Ber\u00e4knad l\u00e4stid":"5 minuter"},"schema":{"@context":"https:\/\/schema.org","@graph":[{"@type":"WebPage","@id":"https:\/\/zeppelin-game.com\/how-to-win\/","url":"https:\/\/zeppelin-game.com\/how-to-win\/","name":"Zeppelin Games Strategy: How to Win 2026 - Zeppelin Crash Game","isPartOf":{"@id":"https:\/\/zeppelin-game.com\/#website"},"primaryImageOfPage":{"@id":"https:\/\/zeppelin-game.com\/how-to-win\/#primaryimage"},"image":{"@id":"https:\/\/zeppelin-game.com\/how-to-win\/#primaryimage"},"thumbnailUrl":"http:\/\/zeppelin-game.com\/wp-content\/uploads\/2022\/08\/zeppelin-crash.jpg","datePublished":"2026-01-04T12:13:13+00:00","dateModified":"2026-01-12T16:28:39+00:00","description":"How to Win Zeppelin Game with Betting Systems? Tips and Tricks 2026 years for Zeppelin Crash Game. Strategies for winning in Zeppelin Casino Game.","breadcrumb":{"@id":"https:\/\/zeppelin-game.com\/how-to-win\/#breadcrumb"},"inLanguage":"sv-SE","potentialAction":[{"@type":"ReadAction","target":["https:\/\/zeppelin-game.com\/how-to-win\/"]}]},{"@type":"ImageObject","inLanguage":"sv-SE","@id":"https:\/\/zeppelin-game.com\/how-to-win\/#primaryimage","url":"http:\/\/zeppelin-game.com\/wp-content\/uploads\/2022\/08\/zeppelin-crash.jpg","contentUrl":"http:\/\/zeppelin-game.com\/wp-content\/uploads\/2022\/08\/zeppelin-crash.jpg"},{"@type":"BreadcrumbList","@id":"https:\/\/zeppelin-game.com\/how-to-win\/#breadcrumb","itemListElement":[{"@type":"ListItem","position":1,"name":"Home","item":"https:\/\/zeppelin-game.com\/"},{"@type":"ListItem","position":2,"name":"Zeppelin Games Strategy: How to Win"}]},{"@type":"WebSite","@id":"https:\/\/zeppelin-game.com\/#website","url":"https:\/\/zeppelin-game.com\/","name":"Zeppelin Crash Game","description":"","publisher":{"@id":"https:\/\/zeppelin-game.com\/#organization"},"potentialAction":[{"@type":"SearchAction","target":{"@type":"EntryPoint","urlTemplate":"https:\/\/zeppelin-game.com\/?s={search_term_string}"},"query-input":{"@type":"PropertyValueSpecification","valueRequired":true,"valueName":"search_term_string"}}],"inLanguage":"sv-SE"},{"@type":"Organization","@id":"https:\/\/zeppelin-game.com\/#organization","name":"Zeppelin Crash Game","url":"https:\/\/zeppelin-game.com\/","logo":{"@type":"ImageObject","inLanguage":"sv-SE","@id":"https:\/\/zeppelin-game.com\/#\/schema\/logo\/image\/","url":"https:\/\/zeppelin-game.com\/wp-content\/uploads\/2022\/08\/cropped-Zeppelin-Casino-Game-1.jpg","contentUrl":"https:\/\/zeppelin-game.com\/wp-content\/uploads\/2022\/08\/cropped-Zeppelin-Casino-Game-1.jpg","width":584,"height":444,"caption":"Zeppelin Crash Game"},"image":{"@id":"https:\/\/zeppelin-game.com\/#\/schema\/logo\/image\/"}}]}},"_links":{"self":[{"href":"https:\/\/zeppelin-game.com\/sv\/wp-json\/wp\/v2\/pages\/46","targetHints":{"allow":["GET"]}}],"collection":[{"href":"https:\/\/zeppelin-game.com\/sv\/wp-json\/wp\/v2\/pages"}],"about":[{"href":"https:\/\/zeppelin-game.com\/sv\/wp-json\/wp\/v2\/types\/page"}],"author":[{"embeddable":true,"href":"https:\/\/zeppelin-game.com\/sv\/wp-json\/wp\/v2\/users\/1"}],"replies":[{"embeddable":true,"href":"https:\/\/zeppelin-game.com\/sv\/wp-json\/wp\/v2\/comments?post=46"}],"version-history":[{"count":1,"href":"https:\/\/zeppelin-game.com\/sv\/wp-json\/wp\/v2\/pages\/46\/revisions"}],"predecessor-version":[{"id":383,"href":"https:\/\/zeppelin-game.com\/sv\/wp-json\/wp\/v2\/pages\/46\/revisions\/383"}],"wp:attachment":[{"href":"https:\/\/zeppelin-game.com\/sv\/wp-json\/wp\/v2\/media?parent=46"}],"curies":[{"name":"wp","href":"https:\/\/api.w.org\/{rel}","templated":true}]}}