{"id":145,"date":"2026-01-04T10:54:29","date_gmt":"2026-01-04T10:54:29","guid":{"rendered":"http:\/\/zeppelin-game.com\/?page_id=145"},"modified":"2026-01-12T16:31:30","modified_gmt":"2026-01-12T16:31:30","slug":"zeppelin-game-download","status":"publish","type":"page","link":"https:\/\/zeppelin-game.com\/vi\/zeppelin-game-download\/","title":{"rendered":"T\u1ea3i xu\u1ed1ng tr\u00f2 ch\u01a1i Zeppelin"},"content":{"rendered":"<p>B\u1ea1n c\u00f3 th\u1ec3 t\u1ea3i xu\u1ed1ng phi\u00ean b\u1ea3n \u0111\u1ea7y \u0111\u1ee7 c\u1ee7a tr\u00f2 ch\u01a1i Zeppelin t\u1eeb li\u00ean k\u1ebft \u0111\u01b0\u1ee3c cung c\u1ea5p b\u00ean d\u01b0\u1edbi. \u0110\u00e2y l\u00e0 m\u1ed9t li\u00ean k\u1ebft tr\u1ef1c ti\u1ebfp \u0111\u1ebfn t\u1ec7p \u0111\u01b0\u1ee3c l\u01b0u tr\u1eef t\u1ea1i m\u1ed9t trang web b\u00ean ngo\u00e0i. Ch\u00fang t\u00f4i th\u01b0\u1eddng cung c\u1ea5p m\u1ed9t li\u00ean k\u1ebft \u0111\u1ebfn c\u00e1c ngu\u1ed3n ch\u00ednh th\u1ee9c khi c\u00f3 th\u1ec3. N\u1ebfu ai \u0111\u00f3 l\u1ea5y \u0111\u01b0\u1ee3c b\u1ea3n sao tr\u00f2 ch\u01a1i c\u1ee7a b\u1ea1n m\u1ed9t c\u00e1ch b\u1ea5t h\u1ee3p ph\u00e1p, th\u00ec ch\u00fang t\u00f4i th\u1ef1c s\u1ef1 khuy\u00ean b\u1ea1n n\u00ean th\u00f4ng qua c\u00e1c k\u00eanh h\u1ee3p ph\u00e1p \u0111\u1ec3 l\u1ea5y l\u1ea1i tr\u00f2 ch\u01a1i c\u1ee7a b\u1ea1n ho\u1eb7c nh\u1eadn ti\u1ec1n b\u1ed3i th\u01b0\u1eddng cho s\u1ef1 m\u1ea5t m\u00e1t c\u1ee7a b\u1ea1n.<\/p>\n<p style=\"text-align: center;\"><a class=\"glow-button\" href=\"\/vi\/recommends\/play\/\">Ch\u01a1i tr\u00f2 ch\u01a1i Zeppelin<\/a><\/p>\n<div id=\"attachment_48\" style=\"width: 1024px\" class=\"wp-caption aligncenter\"><img decoding=\"async\" aria-describedby=\"caption-attachment-48\" class=\"size-full wp-image-48\" src=\"http:\/\/zeppelin-game.com\/wp-content\/uploads\/2022\/08\/zeppelin-crash.jpg\" alt=\"Tr\u00f2 ch\u01a1i Zeppelin\" width=\"1024\" height=\"548\" srcset=\"https:\/\/zeppelin-game.com\/wp-content\/uploads\/2022\/08\/zeppelin-crash.jpg 1024w, https:\/\/zeppelin-game.com\/wp-content\/uploads\/2022\/08\/zeppelin-crash-300x161.jpg 300w, https:\/\/zeppelin-game.com\/wp-content\/uploads\/2022\/08\/zeppelin-crash-768x411.jpg 768w, https:\/\/zeppelin-game.com\/wp-content\/uploads\/2022\/08\/zeppelin-crash-75x40.jpg 75w, https:\/\/zeppelin-game.com\/wp-content\/uploads\/2022\/08\/zeppelin-crash-60x32.jpg 60w, https:\/\/zeppelin-game.com\/wp-content\/uploads\/2022\/08\/zeppelin-crash-149x80.jpg 149w, https:\/\/zeppelin-game.com\/wp-content\/uploads\/2022\/08\/zeppelin-crash-252x135.jpg 252w\" sizes=\"(max-width: 1024px) 100vw, 1024px\" \/><p id=\"caption-attachment-48\" class=\"wp-caption-text\">Tr\u00f2 ch\u01a1i Zeppelin<\/p><\/div>\n<p>Zeppelin kh\u00f4ng gi\u1ed1ng b\u1ea5t k\u1ef3 tr\u00f2 ch\u01a1i c\u1ed5 \u0111i\u1ec3n n\u00e0o kh\u00e1c m\u00e0 b\u1ea1n t\u1eebng xem, v\u1edbi c\u00e1c t\u00ednh n\u0103ng nh\u01b0 tr\u00f2 chuy\u1ec7n, th\u1ed1ng k\u00ea th\u1eddi gian th\u1ef1c v\u00e0 l\u1ed1i ch\u01a1i ho\u00e0n to\u00e0n m\u1edbi. Kh\u00f4ng c\u00f3 cu\u1ed9n, h\u00e0ng, h\u00e0ng thanh to\u00e1n ho\u1eb7c bi\u1ec3u t\u01b0\u1ee3ng n\u00e0o trong tr\u00f2 ch\u01a1i. Thay v\u00e0o \u0111\u00f3, t\u1ea5t c\u1ea3 nh\u1eefng g\u00ec b\u1ea1n ph\u1ea3i l\u00e0m l\u00e0 \u0111\u1ec3 m\u1eaft \u0111\u1ebfn kh\u00ed c\u1ea7u khi n\u00f3 bay ngang qua m\u00e0n h\u00ecnh v\u00e0 c\u1ed1 g\u1eafng l\u1ea5y gi\u1ea3i \u0111\u1ed9c \u0111\u1eafc tr\u01b0\u1edbc khi n\u00f3 ph\u00e1t n\u1ed5!<\/p>\n<p>C\u00e1c <a href=\"\/vi\/\">tr\u00f2 ch\u01a1i Zeppelin<\/a>, \u0111\u01b0\u1ee3c t\u1ea1o b\u1edfi Betsolutions, t\u01b0\u01a1ng t\u1ef1 nh\u01b0 Aviator \u1edf ch\u1ed7 c\u1ea3 hai \u0111\u1ec1u c\u00f3 m\u1ee9c \u0111\u1ed9 ph\u1ed5 bi\u1ebfn ng\u00e0y c\u00e0ng t\u0103ng. Zeppelin l\u00e0 tr\u1ea3i nghi\u1ec7m ch\u01a1i tr\u00f2 ch\u01a1i tr\u1ef1c tuy\u1ebfn nhi\u1ec1u ng\u01b0\u1eddi ch\u01a1i, n\u01a1i ng\u01b0\u1eddi d\u00f9ng c\u00f3 th\u1ec3 l\u00e1i m\u00e1y bay m\u1ed9t c\u00e1ch n\u0103ng \u0111\u1ed9ng v\u00e0 th\u00e2n thi\u1ec7n v\u1edbi ng\u01b0\u1eddi d\u00f9ng \u0111\u1ed3ng th\u1eddi mang l\u1ea1i l\u1ee3i nhu\u1eadn cao.<\/p>\n<p>B\u1ea1n c\u00f3 th\u1ec3 tham gia v\u00e0o h\u00e0ng tr\u0103m tr\u00f2 ch\u01a1i c\u1ee7a ng\u01b0\u1eddi kh\u00e1c ch\u1ec9 b\u1eb1ng c\u00e1ch \u0111\u0103ng nh\u1eadp v\u00e0o trang web \u2013 kh\u00f4ng c\u00f3 gi\u1edbi h\u1ea1n v\u1ec1 s\u1ed1 l\u01b0\u1ee3ng ng\u01b0\u1eddi ch\u01a1i. To\u00e0n b\u1ed9 tr\u1ea3i nghi\u1ec7m s\u1ebd c\u1ea3m th\u1ea5y ho\u00e0n to\u00e0n m\u1edbi nh\u1edd c\u00e1c cookie \u0111\u01b0\u1ee3c trang web s\u1eed d\u1ee5ng.<\/p>\n<h2>L\u00e0m c\u00e1ch n\u00e0o \u0111\u1ec3 t\u1ea3i xu\u1ed1ng tr\u00f2 ch\u01a1i Zeppelin?<\/h2>\n<ul>\n<li>Truy c\u1eadp trang t\u1ea3i xu\u1ed1ng b\u1eb1ng c\u00e1ch nh\u1ea5p v\u00e0o n\u00fat b\u00ean d\u01b0\u1edbi.<\/li>\n<li>Khi Zeppelin \u0111\u00e3 \u0111\u01b0\u1ee3c c\u00e0i \u0111\u1eb7t tr\u00ean m\u00e1y t\u00ednh c\u1ee7a b\u1ea1n, h\u00e3y nh\u1ea5p \u0111\u00fap v\u00e0o bi\u1ec3u t\u01b0\u1ee3ng \u0111\u1ec3 kh\u1edfi ch\u1ea1y tr\u00f2 ch\u01a1i.<\/li>\n<li>\u0110\u0103ng nh\u1eadp b\u1eb1ng t\u00ean ng\u01b0\u1eddi d\u00f9ng v\u00e0 m\u1eadt kh\u1ea9u c\u1ee7a b\u1ea1n, sau \u0111\u00f3 b\u1eaft \u0111\u1ea7u ch\u01a1i!<\/li>\n<li>Khi b\u1ea1n \u0111\u00e3 s\u1eb5n s\u00e0ng r\u00fat ti\u1ec1n, h\u00e3y nh\u1ea5p v\u00e0o n\u00fat \u201cr\u00fat ti\u1ec1n\u201d n\u1eb1m \u1edf g\u00f3c tr\u00ean c\u00f9ng b\u00ean ph\u1ea3i c\u1ee7a m\u00e0n h\u00ecnh.<\/li>\n<li>Nh\u1eadp th\u00f4ng tin t\u00e0i kho\u1ea3n c\u1ee7a b\u1ea1n v\u00e0 ch\u1ecdn ph\u01b0\u01a1ng th\u1ee9c r\u00fat ti\u1ec1n c\u1ee7a b\u1ea1n.<\/li>\n<li>Nh\u1ea5p v\u00e0o n\u00fat &quot;g\u1eedi&quot; v\u00e0 \u0111\u1ee3i ti\u1ec1n xu\u1ea5t hi\u1ec7n trong t\u00e0i kho\u1ea3n c\u1ee7a b\u1ea1n!<\/li>\n<\/ul>\n<p><a href=\"https:\/\/zeppelin-game.com\/vi\/recommends\/play\/\"><img decoding=\"async\" class=\"aligncenter wp-image-148 size-full\" src=\"http:\/\/zeppelin-game.com\/wp-content\/uploads\/2022\/08\/pasted-image-0.png\" alt=\"T\u1ea3i xu\u1ed1ng v\u00e0 ch\u01a1i\" width=\"858\" height=\"130\" srcset=\"https:\/\/zeppelin-game.com\/wp-content\/uploads\/2022\/08\/pasted-image-0.png 858w, https:\/\/zeppelin-game.com\/wp-content\/uploads\/2022\/08\/pasted-image-0-300x45.png 300w, https:\/\/zeppelin-game.com\/wp-content\/uploads\/2022\/08\/pasted-image-0-768x116.png 768w, https:\/\/zeppelin-game.com\/wp-content\/uploads\/2022\/08\/pasted-image-0-264x40.png 264w, https:\/\/zeppelin-game.com\/wp-content\/uploads\/2022\/08\/pasted-image-0-211x32.png 211w, https:\/\/zeppelin-game.com\/wp-content\/uploads\/2022\/08\/pasted-image-0-528x80.png 528w\" sizes=\"(max-width: 858px) 100vw, 858px\" \/><\/a><\/p>\n<h2>T\u00f4i c\u00f3 th\u1ec3 t\u00ecm Apk Zeppelin \u1edf \u0111\u00e2u?<\/h2>\n<ul>\n<li>APK Zeppelin c\u00f3 s\u1eb5n tr\u00ean trang web c\u1ee7a ch\u00fang t\u00f4i. B\u1ea1n c\u00f3 th\u1ec3 t\u1ea3i xu\u1ed1ng b\u1eb1ng c\u00e1ch nh\u1ea5p v\u00e0o n\u00fat b\u00ean d\u01b0\u1edbi.<\/li>\n<li>Khi APK Zeppelin \u0111\u00e3 \u0111\u01b0\u1ee3c t\u1ea3i xu\u1ed1ng, h\u00e3y m\u1edf n\u00f3 v\u00e0 c\u00e0i \u0111\u1eb7t tr\u00f2 ch\u01a1i tr\u00ean thi\u1ebft b\u1ecb Android c\u1ee7a b\u1ea1n.<\/li>\n<li>\u0110\u0103ng nh\u1eadp b\u1eb1ng t\u00ean ng\u01b0\u1eddi d\u00f9ng v\u00e0 m\u1eadt kh\u1ea9u c\u1ee7a b\u1ea1n, sau \u0111\u00f3 b\u1eaft \u0111\u1ea7u ch\u01a1i!<\/li>\n<\/ul>\n<p style=\"text-align: center;\"><a class=\"glow-button\" href=\"\/vi\/recommends\/play\/\">B\u1eaft \u0111\u1ea7u ch\u01a1i tr\u00f2 ch\u01a1i Zeppelin<\/a><\/p>\n<h2>L\u00e0m c\u00e1ch n\u00e0o \u0111\u1ec3 c\u00e0i \u0111\u1eb7t tr\u00f2 ch\u01a1i Zeppelin?<\/h2>\n<p>Qu\u00e1 tr\u00ecnh c\u00e0i \u0111\u1eb7t Zeppelin r\u1ea5t \u0111\u01a1n gi\u1ea3n. Ch\u1ec9 c\u1ea7n l\u00e0m theo c\u00e1c b\u01b0\u1edbc d\u01b0\u1edbi \u0111\u00e2y v\u00e0 b\u1ea1n s\u1ebd ch\u01a1i ngay l\u1eadp t\u1ee9c!<\/p>\n<ul>\n<li>T\u1ea3i xu\u1ed1ng tr\u00f2 ch\u01a1i Zeppelin b\u1eb1ng c\u00e1ch nh\u1ea5p v\u00e0o n\u00fat b\u00ean d\u01b0\u1edbi.<\/li>\n<li>Khi qu\u00e1 tr\u00ecnh t\u1ea3i xu\u1ed1ng ho\u00e0n t\u1ea5t, h\u00e3y m\u1edf t\u1ec7p v\u00e0 ch\u1ea1y tr\u00ecnh c\u00e0i \u0111\u1eb7t.<\/li>\n<li>L\u00e0m theo l\u1eddi nh\u1eafc \u0111\u1ec3 c\u00e0i \u0111\u1eb7t tr\u00f2 ch\u01a1i tr\u00ean m\u00e1y t\u00ednh c\u1ee7a b\u1ea1n.<\/li>\n<li>Kh\u1edfi ch\u1ea1y Zeppelin b\u1eb1ng c\u00e1ch nh\u1ea5p \u0111\u00fap v\u00e0o bi\u1ec3u t\u01b0\u1ee3ng tr\u00ean m\u00e0n h\u00ecnh c\u1ee7a b\u1ea1n.<\/li>\n<li>\u0110\u0103ng nh\u1eadp b\u1eb1ng t\u00ean ng\u01b0\u1eddi d\u00f9ng v\u00e0 m\u1eadt kh\u1ea9u c\u1ee7a b\u1ea1n, sau \u0111\u00f3 b\u1eaft \u0111\u1ea7u ch\u01a1i!<\/li>\n<\/ul>\n<h2>S\u1ef1 k\u1ebft lu\u1eadn<\/h2>\n<p>Zeppelin l\u00e0 m\u1ed9t tr\u00f2 ch\u01a1i th\u1ef1c s\u1ef1 \u0111\u1ed9c \u0111\u00e1o v\u00e0 s\u00e1ng t\u1ea1o kh\u00f4ng gi\u1ed1ng v\u1edbi b\u1ea5t k\u1ef3 tr\u00f2 ch\u01a1i n\u00e0o b\u1ea1n t\u1eebng ch\u01a1i tr\u01b0\u1edbc \u0111\u00e2y. V\u1edbi l\u1ed1i ch\u01a1i m\u1edbi m\u1ebb, s\u1ed1 li\u1ec7u th\u1ed1ng k\u00ea th\u1eddi gian th\u1ef1c v\u00e0 t\u00ednh n\u0103ng tr\u00f2 chuy\u1ec7n, Zeppelin ch\u1eafc ch\u1eafn s\u1ebd tr\u1edf th\u00e0nh m\u1ed9t trong nh\u1eefng tr\u00f2 ch\u01a1i y\u00eau th\u00edch m\u1edbi c\u1ee7a b\u1ea1n!<\/p>\n<h2>C\u00e2u h\u1ecfi th\u01b0\u1eddng g\u1eb7p<\/h2>\n        <section class=\"sc_fs_faq sc_card\">\n            <div>\n\t\t\t\t<h3>L\u00e0m c\u00e1ch n\u00e0o \u0111\u1ec3 t\u1ea3i xu\u1ed1ng Tr\u00f2 ch\u01a1i Zeppelin?<\/h3>                <div>\n\t\t\t\t\t                    <p>\n\t\t\t\t\t\t\u0110\u1ec3 t\u1ea3i xu\u1ed1ng Zeppelin, h\u00e3y truy c\u1eadp trang t\u1ea3i xu\u1ed1ng ch\u00ednh th\u1ee9c v\u00e0 nh\u1ea5p v\u00e0o n\u00fat t\u1ea3i xu\u1ed1ng \u0111\u01b0\u1ee3c ch\u1ec9 \u0111\u1ecbnh. Sau khi t\u1ea3i xu\u1ed1ng, b\u1ea1n c\u00f3 th\u1ec3 b\u1eaft \u0111\u1ea7u qu\u00e1 tr\u00ecnh c\u00e0i \u0111\u1eb7t.                    <\/p>\n                <\/div>\n            <\/div>\n        <\/section>\n\t\t        <section class=\"sc_fs_faq sc_card\">\n            <div>\n\t\t\t\t<h3>Game Zeppelin c\u00f3 phi\u00ean b\u1ea3n di \u0111\u1ed9ng kh\u00f4ng?<\/h3>                <div>\n\t\t\t\t\t                    <p>\n\t\t\t\t\t\tC\u00f3, Zeppelin cung c\u1ea5p phi\u00ean b\u1ea3n APK cho thi\u1ebft b\u1ecb Android. B\u1ea1n c\u00f3 th\u1ec3 t\u1ea3i xu\u1ed1ng t\u1eeb n\u1ec1n t\u1ea3ng c\u1ee7a ch\u00fang t\u00f4i v\u00e0 t\u1eadn h\u01b0\u1edfng tr\u00f2 ch\u01a1i khi \u0111ang di chuy\u1ec3n.                    <\/p>\n                <\/div>\n            <\/div>\n        <\/section>\n\t\t        <section class=\"sc_fs_faq sc_card\">\n            <div>\n\t\t\t\t<h3>L\u00e0m c\u00e1ch n\u00e0o \u0111\u1ec3 c\u00e0i \u0111\u1eb7t Zeppelin tr\u00ean thi\u1ebft b\u1ecb c\u1ee7a t\u00f4i?<\/h3>                <div>\n\t\t\t\t\t                    <p>\n\t\t\t\t\t\tSau khi t\u1ea3i xu\u1ed1ng tr\u00f2 ch\u01a1i, h\u00e3y m\u1edf t\u1ec7p v\u00e0 l\u00e0m theo l\u1eddi nh\u1eafc tr\u00ean m\u00e0n h\u00ecnh \u0111\u1ec3 c\u00e0i \u0111\u1eb7t. Sau khi c\u00e0i \u0111\u1eb7t, b\u1ea1n c\u00f3 th\u1ec3 kh\u1edfi ch\u1ea1y tr\u00f2 ch\u01a1i, \u0111\u0103ng nh\u1eadp v\u00e0 b\u1eaft \u0111\u1ea7u ch\u01a1i.                    <\/p>\n                <\/div>\n            <\/div>\n        <\/section>\n\t\t        <section class=\"sc_fs_faq sc_card\">\n            <div>\n\t\t\t\t<h3>Tr\u00f2 ch\u01a1i Zeppelin c\u00f3 an to\u00e0n \u0111\u1ec3 ch\u01a1i kh\u00f4ng?<\/h3>                <div>\n\t\t\t\t\t                    <p>\n\t\t\t\t\t\tC\u00f3, Zeppelin \u0111\u01b0\u1ee3c ph\u00e1t tri\u1ec3n b\u1edfi Betsolutions, m\u1ed9t c\u00f4ng ty game uy t\u00edn. \u0110i\u1ec1u c\u1ea7n thi\u1ebft l\u00e0 t\u1ea3i game t\u1eeb c\u00e1c ngu\u1ed3n ch\u00ednh th\u1ee9c ho\u1eb7c \u0111\u00e1ng tin c\u1eady \u0111\u1ec3 \u0111\u1ea3m b\u1ea3o an to\u00e0n v\u00e0 tr\u00e1nh c\u00e1c phi\u00ean b\u1ea3n gi\u1ea3 m\u1ea1o.                    <\/p>\n                <\/div>\n            <\/div>\n        <\/section>\n\t\t        <section class=\"sc_fs_faq sc_card\">\n            <div>\n\t\t\t\t<h3>C\u00f3 b\u1ea5t k\u1ef3 chi ph\u00ed n\u00e0o li\u00ean quan \u0111\u1ebfn vi\u1ec7c t\u1ea3i xu\u1ed1ng ho\u1eb7c ch\u01a1i Zeppelin kh\u00f4ng?<\/h3>                <div>\n\t\t\t\t\t                    <p>\n\t\t\t\t\t\tTh\u00f4ng tin chi ti\u1ebft v\u1ec1 m\u1ecdi chi ph\u00ed ho\u1eb7c giao d\u1ecbch mua trong tr\u00f2 ch\u01a1i th\u01b0\u1eddng c\u00f3 s\u1eb5n tr\u00ean trang web ch\u00ednh th\u1ee9c ho\u1eb7c trang t\u1ea3i xu\u1ed1ng. Lu\u00f4n lu\u00f4n n\u00ean ki\u1ec3m tra \u1edf \u0111\u00f3 \u0111\u1ec3 c\u00f3 th\u00f4ng tin ch\u00ednh x\u00e1c nh\u1ea5t.                     <\/p>\n                <\/div>\n            <\/div>\n        <\/section>\n\t\t\n<script type=\"application\/ld+json\">{\n    \"@context\": \"https:\\\/\\\/schema.org\",\n    \"@type\": \"FAQPage\",\n    \"mainEntity\": [\n        {\n            \"@type\": \"Question\",\n            \"name\": \"How do I download the Zeppelin Game?\",\n            \"acceptedAnswer\": {\n                \"@type\": \"Answer\",\n                \"text\": \"To download Zeppelin, visit the official download page and click on the designated download button. Once downloaded, you can initiate the installation process.\"\n            }\n        },\n        {\n            \"@type\": \"Question\",\n            \"name\": \"Is there a mobile version of the Zeppelin Game?\",\n            \"acceptedAnswer\": {\n                \"@type\": \"Answer\",\n                \"text\": \"Yes, Zeppelin offers an APK version for Android devices. You can download it from our platform and enjoy the game on the go.\"\n            }\n        },\n        {\n            \"@type\": \"Question\",\n            \"name\": \"How do I install Zeppelin on my device?\",\n            \"acceptedAnswer\": {\n                \"@type\": \"Answer\",\n                \"text\": \"After downloading the game, open the file and follow the on-screen prompts to install. Once installed, you can launch the game, sign in, and start playing.\"\n            }\n        },\n        {\n            \"@type\": \"Question\",\n            \"name\": \"Is the Zeppelin Game safe to play?\",\n            \"acceptedAnswer\": {\n                \"@type\": \"Answer\",\n                \"text\": \"Yes, Zeppelin is developed by Betsolutions, a reputable gaming company. It's essential to download the game from official or trusted sources to ensure safety and avoid counterfeit versions.\"\n            }\n        },\n        {\n            \"@type\": \"Question\",\n            \"name\": \"Are there any costs associated with downloading or playing Zeppelin?\",\n            \"acceptedAnswer\": {\n                \"@type\": \"Answer\",\n                \"text\": \"Details regarding any costs or in-game purchases would typically be available on the official website or download page. It's always advisable to check there for the most accurate information.\"\n            }\n        }\n    ]\n}<\/script>","protected":false},"excerpt":{"rendered":"<p>B\u1ea1n c\u00f3 th\u1ec3 t\u1ea3i xu\u1ed1ng phi\u00ean b\u1ea3n \u0111\u1ea7y \u0111\u1ee7 c\u1ee7a tr\u00f2 ch\u01a1i Zeppelin t\u1eeb li\u00ean k\u1ebft b\u00ean d\u01b0\u1edbi. \u0110\u00e2y l\u00e0 li\u00ean k\u1ebft tr\u1ef1c ti\u1ebfp \u0111\u1ebfn t\u1ec7p \u0111\u01b0\u1ee3c l\u01b0u tr\u1eef t\u1ea1i m\u1ed9t trang web b\u00ean ngo\u00e0i. Ch\u00fang t\u00f4i th\u01b0\u1eddng cung c\u1ea5p li\u00ean k\u1ebft \u0111\u1ebfn c\u00e1c ngu\u1ed3n ch\u00ednh th\u1ee9c khi c\u00f3 th\u1ec3. N\u1ebfu ai \u0111\u00f3 \u0111\u00e3 l\u1ea5y \u0111\u01b0\u1ee3c b\u1ea3n sao tr\u00f2 ch\u01a1i c\u1ee7a b\u1ea1n m\u1ed9t c\u00e1ch b\u1ea5t h\u1ee3p ph\u00e1p th\u00ec ch\u00fang t\u00f4i th\u1ef1c s\u1ef1 khuy\u00ean b\u1ea1n n\u00ean th\u00f4ng qua [\u2026]<\/p>","protected":false},"author":1,"featured_media":0,"parent":0,"menu_order":0,"comment_status":"closed","ping_status":"closed","template":"page-full-width.php","meta":{"_acf_changed":false,"footnotes":""},"class_list":["post-145","page","type-page","status-publish","hentry"],"acf":[],"yoast_head":"<!-- This site is optimized with the Yoast SEO plugin v26.7 - https:\/\/yoast.com\/wordpress\/plugins\/seo\/ -->\n<title>Zeppelin Game Download - How to Download Zeppelin Casino Game 2026<\/title>\n<meta name=\"description\" content=\"Play Zeppelin Game from your PC, smartphone or tablet. How to Zeppelin Game Download and install in 2026. Where you can find Zeppelin Game apk for download.\" \/>\n<meta name=\"robots\" content=\"index, follow, max-snippet:-1, max-image-preview:large, max-video-preview:-1\" \/>\n<link rel=\"canonical\" href=\"https:\/\/zeppelin-game.com\/vi\/zeppelin-game-download\/\" \/>\n<meta property=\"og:locale\" content=\"vi_VN\" \/>\n<meta property=\"og:type\" content=\"article\" \/>\n<meta property=\"og:title\" content=\"Zeppelin Game Download - How to Download Zeppelin Casino Game 2026\" \/>\n<meta property=\"og:description\" content=\"Play Zeppelin Game from your PC, smartphone or tablet. How to Zeppelin Game Download and install in 2026. Where you can find Zeppelin Game apk for download.\" \/>\n<meta property=\"og:url\" content=\"https:\/\/zeppelin-game.com\/vi\/zeppelin-game-download\/\" \/>\n<meta property=\"og:site_name\" content=\"Zeppelin Crash Game\" \/>\n<meta property=\"article:modified_time\" content=\"2026-01-12T16:31:30+00:00\" \/>\n<meta property=\"og:image\" content=\"http:\/\/zeppelin-game.com\/wp-content\/uploads\/2022\/08\/zeppelin-crash.jpg\" \/>\n<meta name=\"twitter:card\" content=\"summary_large_image\" \/>\n<meta name=\"twitter:label1\" content=\"\u01af\u1edbc t\u00ednh th\u1eddi gian \u0111\u1ecdc\" \/>\n\t<meta name=\"twitter:data1\" content=\"4 ph\u00fat\" \/>\n<!-- \/ Yoast SEO plugin. -->","yoast_head_json":{"title":"Zeppelin Game Download - How to Download Zeppelin Casino Game 2026","description":"Play Zeppelin Game from your PC, smartphone or tablet. How to Zeppelin Game Download and install in 2026. Where you can find Zeppelin Game apk for download.","robots":{"index":"index","follow":"follow","max-snippet":"max-snippet:-1","max-image-preview":"max-image-preview:large","max-video-preview":"max-video-preview:-1"},"canonical":"https:\/\/zeppelin-game.com\/vi\/zeppelin-game-download\/","og_locale":"vi_VN","og_type":"article","og_title":"Zeppelin Game Download - How to Download Zeppelin Casino Game 2026","og_description":"Play Zeppelin Game from your PC, smartphone or tablet. How to Zeppelin Game Download and install in 2026. Where you can find Zeppelin Game apk for download.","og_url":"https:\/\/zeppelin-game.com\/vi\/zeppelin-game-download\/","og_site_name":"Zeppelin Crash Game","article_modified_time":"2026-01-12T16:31:30+00:00","og_image":[{"url":"http:\/\/zeppelin-game.com\/wp-content\/uploads\/2022\/08\/zeppelin-crash.jpg","type":"","width":"","height":""}],"twitter_card":"summary_large_image","twitter_misc":{"\u01af\u1edbc t\u00ednh th\u1eddi gian \u0111\u1ecdc":"4 ph\u00fat"},"schema":{"@context":"https:\/\/schema.org","@graph":[{"@type":"WebPage","@id":"https:\/\/zeppelin-game.com\/zeppelin-game-download\/","url":"https:\/\/zeppelin-game.com\/zeppelin-game-download\/","name":"Zeppelin Game Download - How to Download Zeppelin Casino Game 2026","isPartOf":{"@id":"https:\/\/zeppelin-game.com\/#website"},"primaryImageOfPage":{"@id":"https:\/\/zeppelin-game.com\/zeppelin-game-download\/#primaryimage"},"image":{"@id":"https:\/\/zeppelin-game.com\/zeppelin-game-download\/#primaryimage"},"thumbnailUrl":"http:\/\/zeppelin-game.com\/wp-content\/uploads\/2022\/08\/zeppelin-crash.jpg","datePublished":"2026-01-04T10:54:29+00:00","dateModified":"2026-01-12T16:31:30+00:00","description":"Play Zeppelin Game from your PC, smartphone or tablet. How to Zeppelin Game Download and install in 2026. Where you can find Zeppelin Game apk for download.","breadcrumb":{"@id":"https:\/\/zeppelin-game.com\/zeppelin-game-download\/#breadcrumb"},"inLanguage":"vi","potentialAction":[{"@type":"ReadAction","target":["https:\/\/zeppelin-game.com\/zeppelin-game-download\/"]}]},{"@type":"ImageObject","inLanguage":"vi","@id":"https:\/\/zeppelin-game.com\/zeppelin-game-download\/#primaryimage","url":"http:\/\/zeppelin-game.com\/wp-content\/uploads\/2022\/08\/zeppelin-crash.jpg","contentUrl":"http:\/\/zeppelin-game.com\/wp-content\/uploads\/2022\/08\/zeppelin-crash.jpg"},{"@type":"BreadcrumbList","@id":"https:\/\/zeppelin-game.com\/zeppelin-game-download\/#breadcrumb","itemListElement":[{"@type":"ListItem","position":1,"name":"Home","item":"https:\/\/zeppelin-game.com\/"},{"@type":"ListItem","position":2,"name":"Zeppelin Game Download"}]},{"@type":"WebSite","@id":"https:\/\/zeppelin-game.com\/#website","url":"https:\/\/zeppelin-game.com\/","name":"Zeppelin Crash Game","description":"","publisher":{"@id":"https:\/\/zeppelin-game.com\/#organization"},"potentialAction":[{"@type":"SearchAction","target":{"@type":"EntryPoint","urlTemplate":"https:\/\/zeppelin-game.com\/?s={search_term_string}"},"query-input":{"@type":"PropertyValueSpecification","valueRequired":true,"valueName":"search_term_string"}}],"inLanguage":"vi"},{"@type":"Organization","@id":"https:\/\/zeppelin-game.com\/#organization","name":"Zeppelin Crash Game","url":"https:\/\/zeppelin-game.com\/","logo":{"@type":"ImageObject","inLanguage":"vi","@id":"https:\/\/zeppelin-game.com\/#\/schema\/logo\/image\/","url":"https:\/\/zeppelin-game.com\/wp-content\/uploads\/2022\/08\/cropped-Zeppelin-Casino-Game-1.jpg","contentUrl":"https:\/\/zeppelin-game.com\/wp-content\/uploads\/2022\/08\/cropped-Zeppelin-Casino-Game-1.jpg","width":584,"height":444,"caption":"Zeppelin Crash Game"},"image":{"@id":"https:\/\/zeppelin-game.com\/#\/schema\/logo\/image\/"}}]}},"_links":{"self":[{"href":"https:\/\/zeppelin-game.com\/vi\/wp-json\/wp\/v2\/pages\/145","targetHints":{"allow":["GET"]}}],"collection":[{"href":"https:\/\/zeppelin-game.com\/vi\/wp-json\/wp\/v2\/pages"}],"about":[{"href":"https:\/\/zeppelin-game.com\/vi\/wp-json\/wp\/v2\/types\/page"}],"author":[{"embeddable":true,"href":"https:\/\/zeppelin-game.com\/vi\/wp-json\/wp\/v2\/users\/1"}],"replies":[{"embeddable":true,"href":"https:\/\/zeppelin-game.com\/vi\/wp-json\/wp\/v2\/comments?post=145"}],"version-history":[{"count":1,"href":"https:\/\/zeppelin-game.com\/vi\/wp-json\/wp\/v2\/pages\/145\/revisions"}],"predecessor-version":[{"id":384,"href":"https:\/\/zeppelin-game.com\/vi\/wp-json\/wp\/v2\/pages\/145\/revisions\/384"}],"wp:attachment":[{"href":"https:\/\/zeppelin-game.com\/vi\/wp-json\/wp\/v2\/media?parent=145"}],"curies":[{"name":"wp","href":"https:\/\/api.w.org\/{rel}","templated":true}]}}